{"id":83480,"date":"2016-10-08T18:11:36","date_gmt":"2016-10-08T16:11:36","guid":{"rendered":"https:\/\/moby-hub.com\/Produkt\/fimo-artwork-no-001\/"},"modified":"2021-05-11T10:26:46","modified_gmt":"2021-05-11T08:26:46","slug":"artwork-no-001-2","status":"publish","type":"product","link":"http:\/\/moby-hub.com\/en\/Produkt\/artwork-no-001-2\/","title":{"rendered":"Artwork &#8211; No 001"},"content":{"rendered":"<p>&#8211; Handgefertigt \/ Handmade \/ Fait a la main \/ Fatto a mano<br \/>\n&#8211; Kleiner als ein Cent St\u00fcck<br \/>\n&#8211; Smaller than a cent<br \/>\n&#8211; Plus petit qu&#8217;un cent<br \/>\n&#8211; Pi\u00f9 piccolo di un cent<br \/>\n&#8211; 10 St\u00fcck \/ 10 pieces \/ 10 exemplaires \/ 10 pezzi<\/p>\n","protected":false},"excerpt":{"rendered":"<p>&#8211; Handgefertigt \/ Handmade \/ Fait a la main \/ Fatto a mano &#8211; Kleiner als ein Cent St\u00fcck &#8211; Smaller than a cent &#8211; Plus petit qu&#8217;un cent &#8211; Pi\u00f9 piccolo di un cent &#8211; 10 St\u00fcck \/ 10 pieces \/ 10 exemplaires \/ 10 pezzi<\/p>\n","protected":false},"featured_media":83476,"template":"","meta":[],"product_brand":[],"product_cat":[5172],"product_tag":[],"class_list":{"0":"post-83480","1":"product","2":"type-product","3":"status-publish","4":"has-post-thumbnail","6":"product_cat-fimo-works-of-art","8":"first","9":"instock","10":"shipping-taxable","11":"purchasable","12":"product-type-simple"},"_links":{"self":[{"href":"http:\/\/moby-hub.com\/en\/wp-json\/wp\/v2\/product\/83480","targetHints":{"allow":["GET"]}}],"collection":[{"href":"http:\/\/moby-hub.com\/en\/wp-json\/wp\/v2\/product"}],"about":[{"href":"http:\/\/moby-hub.com\/en\/wp-json\/wp\/v2\/types\/product"}],"wp:featuredmedia":[{"embeddable":true,"href":"http:\/\/moby-hub.com\/en\/wp-json\/wp\/v2\/media\/83476"}],"wp:attachment":[{"href":"http:\/\/moby-hub.com\/en\/wp-json\/wp\/v2\/media?parent=83480"}],"wp:term":[{"taxonomy":"product_brand","embeddable":true,"href":"http:\/\/moby-hub.com\/en\/wp-json\/wp\/v2\/product_brand?post=83480"},{"taxonomy":"product_cat","embeddable":true,"href":"http:\/\/moby-hub.com\/en\/wp-json\/wp\/v2\/product_cat?post=83480"},{"taxonomy":"product_tag","embeddable":true,"href":"http:\/\/moby-hub.com\/en\/wp-json\/wp\/v2\/product_tag?post=83480"}],"curies":[{"name":"wp","href":"https:\/\/api.w.org\/{rel}","templated":true}]}}