{"id":137825,"date":"2025-10-26T15:08:36","date_gmt":"2025-10-26T14:08:36","guid":{"rendered":"https:\/\/moby-hub.com\/?page_id=137825"},"modified":"2025-06-20T15:10:37","modified_gmt":"2025-06-20T13:10:37","slug":"methodes-de-payement","status":"publish","type":"page","link":"http:\/\/moby-hub.com\/fr\/methodes-de-payement\/","title":{"rendered":"M\u00e9thodes de payement"},"content":{"rendered":"\n<style type=\"text\/css\" data-created_by=\"avia_inline_auto\" id=\"style-css-av-lsg7cu57-86464460e1d780ffbd195c1c33f1827f\">\n#top .av-special-heading.av-lsg7cu57-86464460e1d780ffbd195c1c33f1827f{\npadding-bottom:10px;\n}\nbody .av-special-heading.av-lsg7cu57-86464460e1d780ffbd195c1c33f1827f .av-special-heading-tag .heading-char{\nfont-size:25px;\n}\n.av-special-heading.av-lsg7cu57-86464460e1d780ffbd195c1c33f1827f .av-subheading{\nfont-size:15px;\n}\n<\/style>\n<div  class='av-special-heading av-lsg7cu57-86464460e1d780ffbd195c1c33f1827f av-special-heading-h2 blockquote elegant-quote elegant-centered  avia-builder-el-0  el_before_av_hr  avia-builder-el-first '><h2 class='av-special-heading-tag '  itemprop=\"headline\"  ><span class=\"heading-wrap\">M\u00e9thodes de payement<\/span><\/h2><div class=\"special-heading-border\"><div class=\"special-heading-inner-border\"><\/div><\/div><\/div>\n\n<style type=\"text\/css\" data-created_by=\"avia_inline_auto\" id=\"style-css-av-av_hr-88e9986c264c3ad71f31faa2f0218934\">\n#top .hr.hr-invisible.av-av_hr-88e9986c264c3ad71f31faa2f0218934{\nheight:25px;\n}\n<\/style>\n<div  class='hr av-av_hr-88e9986c264c3ad71f31faa2f0218934 hr-invisible  avia-builder-el-1  el_after_av_heading  el_before_av_one_fifth '><span class='hr-inner '><span class=\"hr-inner-style\"><\/span><\/span><\/div>\n<div  class='flex_column av-av_one_fifth-41ee899840124b6993b57a87f996c353 av_one_fifth  avia-builder-el-2  el_after_av_hr  el_before_av_three_fifth  first flex_column_div  '     ><\/div>\n<div  class='flex_column av-av_three_fifth-58a6369d5c19d308284fa729d91312fa av_three_fifth  avia-builder-el-3  el_after_av_one_fifth  el_before_av_one_fifth  flex_column_div  '     ><section  class='av_textblock_section av-lsg7dxnd-6b37bbae3863aa6bd0bff345ed0b9429 '   itemscope=\"itemscope\" itemtype=\"https:\/\/schema.org\/CreativeWork\" ><div class='avia_textblock'  itemprop=\"text\" ><p style=\"text-align: center;\"><strong>Les modes de paiement suivants sont accept\u00e9s :<\/strong><\/p>\n<ul>\n<li>Payer par virement bancaire (paiement \u00e0 l&#8217;avance) moins 5% de r\u00e9duction<\/li>\n<li>Paiement \u00e9chelonn\u00e9<\/li>\n<li>Payer via PayPal<\/li>\n<li>Payer via Western Union et MoneyGram<\/li>\n<\/ul>\n<p>Nous nous r\u00e9servons le droit de restreindre individuellement l&#8217;utilisation des m\u00e9thodes de paiement disponibles. Dans ce cas, vous serez imm\u00e9diatement inform\u00e9 par email.<\/p>\n<\/div><\/section><\/div><div  class='flex_column av-av_one_fifth-58a6369d5c19d308284fa729d91312fa av_one_fifth  avia-builder-el-5  el_after_av_three_fifth  el_before_av_three_fifth  flex_column_div  '     ><\/div><\/p>\n<div  class='flex_column av-av_three_fifth-41ee899840124b6993b57a87f996c353 av_three_fifth  avia-builder-el-6  el_after_av_one_fifth  el_before_av_one_fifth  first flex_column_div  column-top-margin'     ><section  class='av_textblock_section av-lsg7faxk-481253c96c40a8b7c412819d44b72302 '   itemscope=\"itemscope\" itemtype=\"https:\/\/schema.org\/CreativeWork\" ><div class='avia_textblock'  itemprop=\"text\" ><p><strong>Payer par virement bancaire (paiement \u00e0 l&#8217;avance) moins 5% de r\u00e9duction<\/strong><\/p>\n<ul>\n<li>Simple et pratique<\/li>\n<\/ul>\n<p>Envoyez-nous votre commande en pr\u00e9cisant le mode de paiement : virement bancaire (paiement \u00e0 l&#8217;avance)<\/p>\n<p>Vous recevrez alors un email de confirmation de commande contenant les informations et coordonn\u00e9es bancaires requises. D\u00e8s que nous pourrons enregistrer la r\u00e9ception du paiement, votre commande sera trait\u00e9e et exp\u00e9di\u00e9e.<\/p>\n<\/div><\/section><\/div>\n<div  class='flex_column av-av_one_fifth-58a6369d5c19d308284fa729d91312fa av_one_fifth  avia-builder-el-8  el_after_av_three_fifth  el_before_av_one_fifth  flex_column_div  column-top-margin'     ><style type=\"text\/css\" data-created_by=\"avia_inline_auto\" id=\"style-css-av-av_image-208063bd39acd811726452d447dd7d89\">\n.avia-image-container.av-av_image-208063bd39acd811726452d447dd7d89 img.avia_image{\nbox-shadow:none;\n}\n.avia-image-container.av-av_image-208063bd39acd811726452d447dd7d89 .av-image-caption-overlay-center{\ncolor:#ffffff;\n}\n<\/style>\n<div  class='avia-image-container av-av_image-208063bd39acd811726452d447dd7d89 av-styling- avia-align-center  avia-builder-el-9  avia-builder-el-no-sibling '   itemprop=\"image\" itemscope=\"itemscope\" itemtype=\"https:\/\/schema.org\/ImageObject\" ><div class=\"avia-image-container-inner\"><div class=\"avia-image-overlay-wrap\"><img decoding=\"async\" fetchpriority=\"high\" class='wp-image-137809 avia-img-lazy-loading-not-137809 avia_image ' src=\"http:\/\/moby-hub.com\/wp-content\/uploads\/2024\/02\/bank.jpg\" alt='' title='bank'  height=\"350\" width=\"350\"  itemprop=\"thumbnailUrl\" srcset=\"http:\/\/moby-hub.com\/wp-content\/uploads\/2024\/02\/bank.jpg 350w, http:\/\/moby-hub.com\/wp-content\/uploads\/2024\/02\/bank-120x120.jpg 120w, http:\/\/moby-hub.com\/wp-content\/uploads\/2024\/02\/bank-36x36.jpg 36w, http:\/\/moby-hub.com\/wp-content\/uploads\/2024\/02\/bank-180x180.jpg 180w, http:\/\/moby-hub.com\/wp-content\/uploads\/2024\/02\/bank-300x300.jpg 300w, http:\/\/moby-hub.com\/wp-content\/uploads\/2024\/02\/bank-100x100.jpg 100w\" sizes=\"(max-width: 350px) 100vw, 350px\" \/><\/div><\/div><\/div><\/div>\n<div  class='flex_column av-av_one_fifth-58a6369d5c19d308284fa729d91312fa av_one_fifth  avia-builder-el-10  el_after_av_one_fifth  el_before_av_one_fifth  flex_column_div  column-top-margin'     ><\/div>\n<div  class='flex_column av-av_one_fifth-41ee899840124b6993b57a87f996c353 av_one_fifth  avia-builder-el-11  el_after_av_one_fifth  el_before_av_one_fifth  first flex_column_div  column-top-margin'     ><\/div>\n<div  class='flex_column av-av_one_fifth-58a6369d5c19d308284fa729d91312fa av_one_fifth  avia-builder-el-12  el_after_av_one_fifth  el_before_av_three_fifth  flex_column_div  column-top-margin'     ><\/div><div  class='flex_column av-av_three_fifth-58a6369d5c19d308284fa729d91312fa av_three_fifth  avia-builder-el-13  el_after_av_one_fifth  el_before_av_three_fifth  flex_column_div  column-top-margin'     ><section  class='av_textblock_section av-lsg7gmyp-0d1b5b742318d6cf614b2dad79420cac '   itemscope=\"itemscope\" itemtype=\"https:\/\/schema.org\/CreativeWork\" ><div class='avia_textblock'  itemprop=\"text\" ><p><strong>Paiement \u00e9chelonn\u00e9<\/strong><br \/>\nPaiements \u00e9chelonn\u00e9s faciles pour tout le monde, sans v\u00e9rification de cr\u00e9dit<br \/>\nVous pouvez payer en 2 fois.<\/p>\n<p>S\u00e9lectionnez votre (vos) produit (s), passez \u00e0 la caisse et entrez vos coordonn\u00e9es et votre adresse de livraison ici.<\/p>\n<p>Sous Remarques, saisissez \u00ab\u00a0Paiement \u00e9chelonn\u00e9\u00a0\u00bb, puis s\u00e9lectionnez le virement bancaire et cliquez sur le bouton Commander moyennant des frais.<\/p>\n<p>Le 1er acompte de 50% du prix du produit est \u00e0 r\u00e9gler imm\u00e9diatement<br \/>\nLe 2\u00e8me versement de 50% doit toujours \u00eatre r\u00e9gl\u00e9 \u00e0 la fin du mois suivant.<\/p>\n<p>Vous recevrez une confirmation de commande avec vos coordonn\u00e9es bancaires. (Si vous ne voyez pas cela dans votre bo\u00eete de r\u00e9ception, regardez dans votre dossier SPAM.<br \/>\nVous effectuez ensuite le 1er versement. Une fois l&#8217;argent re\u00e7u, votre commande sera trait\u00e9e et exp\u00e9di\u00e9e imm\u00e9diatement.<\/p>\n<p>Lors du paiement \u00e9chelonn\u00e9, il n&#8217;est pas possible de payer avec PayPal !!!<\/p>\n<\/div><\/section><\/div><div  class='flex_column av-av_three_fifth-41ee899840124b6993b57a87f996c353 av_three_fifth  avia-builder-el-15  el_after_av_three_fifth  el_before_av_one_fifth  first flex_column_div  '     ><section  class='av_textblock_section av-lsg7heuh-871761e527ee38f921b028155f16b06c '   itemscope=\"itemscope\" itemtype=\"https:\/\/schema.org\/CreativeWork\" ><div class='avia_textblock'  itemprop=\"text\" ><p><strong>Payer via PayPal<\/strong><\/p>\n<p>Lorsque vous aurez finalis\u00e9 votre commande, vous serez dirig\u00e9 directement &#8211; s\u00e9curis\u00e9 SSL &#8211; vers le site PayPal. Vous pouvez y finaliser votre paiement.<\/p>\n<p><strong>Remarque :<\/strong> si PayPal augmente \u00e0 nouveau les frais pour les fournisseurs, ainsi que les frais de virement bancaire vers le compte bancaire professionnel, nous nous r\u00e9servons le droit, comme d&#8217;autres soci\u00e9t\u00e9s renomm\u00e9es, de ne plus accepter cette option de paiement.<\/p>\n<\/div><\/section><\/div><\/p>\n<div  class='flex_column av-av_one_fifth-58a6369d5c19d308284fa729d91312fa av_one_fifth  avia-builder-el-17  el_after_av_three_fifth  el_before_av_one_fifth  flex_column_div  '     ><style type=\"text\/css\" data-created_by=\"avia_inline_auto\" id=\"style-css-av-av_image-f0ae1dc9b6f6acd66e9d14b787438235\">\n.avia-image-container.av-av_image-f0ae1dc9b6f6acd66e9d14b787438235 img.avia_image{\nbox-shadow:none;\n}\n.avia-image-container.av-av_image-f0ae1dc9b6f6acd66e9d14b787438235 .av-image-caption-overlay-center{\ncolor:#ffffff;\n}\n<\/style>\n<div  class='avia-image-container av-av_image-f0ae1dc9b6f6acd66e9d14b787438235 av-styling- avia-align-center  avia-builder-el-18  avia-builder-el-no-sibling '   itemprop=\"image\" itemscope=\"itemscope\" itemtype=\"https:\/\/schema.org\/ImageObject\" ><div class=\"avia-image-container-inner\"><div class=\"avia-image-overlay-wrap\"><img decoding=\"async\" fetchpriority=\"high\" class='wp-image-137817 avia-img-lazy-loading-not-137817 avia_image ' src=\"http:\/\/moby-hub.com\/wp-content\/uploads\/2024\/02\/PayPal.jpg\" alt='' title='PayPal'  height=\"350\" width=\"350\"  itemprop=\"thumbnailUrl\" srcset=\"http:\/\/moby-hub.com\/wp-content\/uploads\/2024\/02\/PayPal.jpg 350w, http:\/\/moby-hub.com\/wp-content\/uploads\/2024\/02\/PayPal-120x120.jpg 120w, http:\/\/moby-hub.com\/wp-content\/uploads\/2024\/02\/PayPal-36x36.jpg 36w, http:\/\/moby-hub.com\/wp-content\/uploads\/2024\/02\/PayPal-180x180.jpg 180w, http:\/\/moby-hub.com\/wp-content\/uploads\/2024\/02\/PayPal-300x300.jpg 300w, http:\/\/moby-hub.com\/wp-content\/uploads\/2024\/02\/PayPal-100x100.jpg 100w\" sizes=\"(max-width: 350px) 100vw, 350px\" \/><\/div><\/div><\/div><\/div>\n<div  class='flex_column av-av_one_fifth-58a6369d5c19d308284fa729d91312fa av_one_fifth  avia-builder-el-19  el_after_av_one_fifth  el_before_av_one_fifth  flex_column_div  '     ><\/div>\n<div  class='flex_column av-av_one_fifth-41ee899840124b6993b57a87f996c353 av_one_fifth  avia-builder-el-20  el_after_av_one_fifth  el_before_av_one_fifth  first flex_column_div  column-top-margin'     ><\/div>\n<div  class='flex_column av-av_one_fifth-58a6369d5c19d308284fa729d91312fa av_one_fifth  avia-builder-el-21  el_after_av_one_fifth  el_before_av_three_fifth  flex_column_div  column-top-margin'     ><style type=\"text\/css\" data-created_by=\"avia_inline_auto\" id=\"style-css-av-av_image-523ae08e0653ffdcc291512b9059ae63\">\n.avia-image-container.av-av_image-523ae08e0653ffdcc291512b9059ae63 img.avia_image{\nbox-shadow:none;\n}\n.avia-image-container.av-av_image-523ae08e0653ffdcc291512b9059ae63 .av-image-caption-overlay-center{\ncolor:#ffffff;\n}\n<\/style>\n<div  class='avia-image-container av-av_image-523ae08e0653ffdcc291512b9059ae63 av-styling- avia-align-center  avia-builder-el-22  avia-builder-el-no-sibling '   itemprop=\"image\" itemscope=\"itemscope\" itemtype=\"https:\/\/schema.org\/ImageObject\" ><div class=\"avia-image-container-inner\"><div class=\"avia-image-overlay-wrap\"><img decoding=\"async\" fetchpriority=\"high\" class='wp-image-137821 avia-img-lazy-loading-not-137821 avia_image ' src=\"http:\/\/moby-hub.com\/wp-content\/uploads\/2024\/02\/WesternUnion.jpg\" alt='' title='WesternUnion'  height=\"350\" width=\"350\"  itemprop=\"thumbnailUrl\" srcset=\"http:\/\/moby-hub.com\/wp-content\/uploads\/2024\/02\/WesternUnion.jpg 350w, http:\/\/moby-hub.com\/wp-content\/uploads\/2024\/02\/WesternUnion-120x120.jpg 120w, http:\/\/moby-hub.com\/wp-content\/uploads\/2024\/02\/WesternUnion-36x36.jpg 36w, http:\/\/moby-hub.com\/wp-content\/uploads\/2024\/02\/WesternUnion-180x180.jpg 180w, http:\/\/moby-hub.com\/wp-content\/uploads\/2024\/02\/WesternUnion-300x300.jpg 300w, http:\/\/moby-hub.com\/wp-content\/uploads\/2024\/02\/WesternUnion-100x100.jpg 100w\" sizes=\"(max-width: 350px) 100vw, 350px\" \/><\/div><\/div><\/div><\/div>\n<div  class='flex_column av-av_three_fifth-58a6369d5c19d308284fa729d91312fa av_three_fifth  avia-builder-el-23  el_after_av_one_fifth  avia-builder-el-last  flex_column_div  column-top-margin'     ><section  class='av_textblock_section av-lsg7hxpq-6d18ee00a97c7256afcf3ff57bbb5b8e '   itemscope=\"itemscope\" itemtype=\"https:\/\/schema.org\/CreativeWork\" ><div class='avia_textblock'  itemprop=\"text\" ><p><strong>Payer via Western Union et MoneyGram<\/strong><\/p>\n<p>Lorsque vous finalisez votre commande, vous pouvez choisir de payer via Western Union ou MoneyGram. Vous pouvez d\u00e9duire les frais qui en r\u00e9sultent directement du montant de la facture.<\/p>\n<p>La plupart des banques dans le monde proposent ces options de paiement sur votre compte bancaire en ligne afin que vous puissiez traiter facilement le paiement. Vous pouvez \u00e9galement vous rendre dans une agence Western Union ou MoneyGram et d\u00e9poser le montant en CASH. Le montant nous sera communiqu\u00e9 dans les 15 minutes suivant le paiement, afin que votre commande puisse \u00eatre trait\u00e9e imm\u00e9diatement. Envoyez-nous le code \u00e0 10 chiffres par email.<\/p>\n<\/div><\/section><\/div>\n","protected":false},"excerpt":{"rendered":"","protected":false},"author":1,"featured_media":0,"parent":0,"menu_order":0,"comment_status":"closed","ping_status":"closed","template":"","meta":{"footnotes":""},"class_list":["post-137825","page","type-page","status-publish","hentry"],"_links":{"self":[{"href":"http:\/\/moby-hub.com\/fr\/wp-json\/wp\/v2\/pages\/137825","targetHints":{"allow":["GET"]}}],"collection":[{"href":"http:\/\/moby-hub.com\/fr\/wp-json\/wp\/v2\/pages"}],"about":[{"href":"http:\/\/moby-hub.com\/fr\/wp-json\/wp\/v2\/types\/page"}],"author":[{"embeddable":true,"href":"http:\/\/moby-hub.com\/fr\/wp-json\/wp\/v2\/users\/1"}],"replies":[{"embeddable":true,"href":"http:\/\/moby-hub.com\/fr\/wp-json\/wp\/v2\/comments?post=137825"}],"version-history":[{"count":0,"href":"http:\/\/moby-hub.com\/fr\/wp-json\/wp\/v2\/pages\/137825\/revisions"}],"wp:attachment":[{"href":"http:\/\/moby-hub.com\/fr\/wp-json\/wp\/v2\/media?parent=137825"}],"curies":[{"name":"wp","href":"https:\/\/api.w.org\/{rel}","templated":true}]}}