{"id":137847,"date":"2025-10-26T16:17:14","date_gmt":"2025-10-26T15:17:14","guid":{"rendered":"https:\/\/moby-hub.com\/?page_id=137847"},"modified":"2025-07-21T00:49:32","modified_gmt":"2025-07-20T22:49:32","slug":"methodes-de-livraison","status":"publish","type":"page","link":"http:\/\/moby-hub.com\/fr\/methodes-de-livraison\/","title":{"rendered":"M\u00e9thodes de livraison"},"content":{"rendered":"\n<style type=\"text\/css\" data-created_by=\"avia_inline_auto\" id=\"style-css-av-lsg9py5e-6c8ca1a0602bb0117b0400c24d35d150\">\n#top .av-special-heading.av-lsg9py5e-6c8ca1a0602bb0117b0400c24d35d150{\npadding-bottom:10px;\n}\nbody .av-special-heading.av-lsg9py5e-6c8ca1a0602bb0117b0400c24d35d150 .av-special-heading-tag .heading-char{\nfont-size:25px;\n}\n.av-special-heading.av-lsg9py5e-6c8ca1a0602bb0117b0400c24d35d150 .av-subheading{\nfont-size:15px;\n}\n<\/style>\n<div  class='av-special-heading av-lsg9py5e-6c8ca1a0602bb0117b0400c24d35d150 av-special-heading-h2 blockquote elegant-quote elegant-centered  avia-builder-el-0  el_before_av_hr  avia-builder-el-first '><h2 class='av-special-heading-tag '  itemprop=\"headline\"  ><span class=\"heading-wrap\">Modes et frais de livraison<\/span><\/h2><div class='av-subheading av-subheading_below'><p>Nous ne facturons actuellement pas de frais d&#8217;exp\u00e9dition<\/p>\n<\/div><div class=\"special-heading-border\"><div class=\"special-heading-inner-border\"><\/div><\/div><\/div>\n\n<style type=\"text\/css\" data-created_by=\"avia_inline_auto\" id=\"style-css-av-av_hr-f0229c7f449d91aae92fcaa5d541cc6d\">\n#top .hr.hr-invisible.av-av_hr-f0229c7f449d91aae92fcaa5d541cc6d{\nheight:15px;\n}\n<\/style>\n<div  class='hr av-av_hr-f0229c7f449d91aae92fcaa5d541cc6d hr-invisible  avia-builder-el-1  el_after_av_heading  el_before_av_one_fifth '><span class='hr-inner '><span class=\"hr-inner-style\"><\/span><\/span><\/div>\n<div  class='flex_column av-av_one_fifth-41ee899840124b6993b57a87f996c353 av_one_fifth  avia-builder-el-2  el_after_av_hr  el_before_av_one_fifth  first flex_column_div  '     ><\/div>\n<div  class='flex_column av-av_one_fifth-58a6369d5c19d308284fa729d91312fa av_one_fifth  avia-builder-el-3  el_after_av_one_fifth  el_before_av_one_fifth  flex_column_div  '     ><\/div>\n<div  class='flex_column av-av_one_fifth-58a6369d5c19d308284fa729d91312fa av_one_fifth  avia-builder-el-4  el_after_av_one_fifth  el_before_av_one_fifth  flex_column_div  '     ><style type=\"text\/css\" data-created_by=\"avia_inline_auto\" id=\"style-css-av-av_image-a9bd73515a7004aa577ba0c18ef2c4d4\">\n.avia-image-container.av-av_image-a9bd73515a7004aa577ba0c18ef2c4d4 img.avia_image{\nbox-shadow:none;\n}\n.avia-image-container.av-av_image-a9bd73515a7004aa577ba0c18ef2c4d4 .av-image-caption-overlay-center{\ncolor:#ffffff;\n}\n<\/style>\n<div  class='avia-image-container av-av_image-a9bd73515a7004aa577ba0c18ef2c4d4 av-styling- avia-align-center  avia-builder-el-5  avia-builder-el-no-sibling '   itemprop=\"image\" itemscope=\"itemscope\" itemtype=\"https:\/\/schema.org\/ImageObject\" ><div class=\"avia-image-container-inner\"><div class=\"avia-image-overlay-wrap\"><img decoding=\"async\" fetchpriority=\"high\" class='wp-image-137835 avia-img-lazy-loading-not-137835 avia_image ' src=\"http:\/\/moby-hub.com\/wp-content\/uploads\/2024\/02\/UPS.jpg\" alt='' title='UPS'  height=\"350\" width=\"350\"  itemprop=\"thumbnailUrl\" srcset=\"http:\/\/moby-hub.com\/wp-content\/uploads\/2024\/02\/UPS.jpg 350w, http:\/\/moby-hub.com\/wp-content\/uploads\/2024\/02\/UPS-120x120.jpg 120w, http:\/\/moby-hub.com\/wp-content\/uploads\/2024\/02\/UPS-36x36.jpg 36w, http:\/\/moby-hub.com\/wp-content\/uploads\/2024\/02\/UPS-180x180.jpg 180w, http:\/\/moby-hub.com\/wp-content\/uploads\/2024\/02\/UPS-300x300.jpg 300w, http:\/\/moby-hub.com\/wp-content\/uploads\/2024\/02\/UPS-100x100.jpg 100w\" sizes=\"(max-width: 350px) 100vw, 350px\" \/><\/div><\/div><\/div><\/div>\n<div  class='flex_column av-av_one_fifth-58a6369d5c19d308284fa729d91312fa av_one_fifth  avia-builder-el-6  el_after_av_one_fifth  el_before_av_one_fifth  flex_column_div  '     ><\/div>\n<div  class='flex_column av-av_one_fifth-58a6369d5c19d308284fa729d91312fa av_one_fifth  avia-builder-el-7  el_after_av_one_fifth  el_before_av_hr  flex_column_div  '     ><\/div>\n\n<style type=\"text\/css\" data-created_by=\"avia_inline_auto\" id=\"style-css-av-av_hr-50edc9949d927eab467680f201044eec\">\n#top .hr.hr-invisible.av-av_hr-50edc9949d927eab467680f201044eec{\nheight:25px;\n}\n<\/style>\n<div  class='hr av-av_hr-50edc9949d927eab467680f201044eec hr-invisible  avia-builder-el-8  el_after_av_one_fifth  el_before_av_one_half '><span class='hr-inner '><span class=\"hr-inner-style\"><\/span><\/span><\/div>\n<div  class='flex_column av-av_one_half-7714eba142aeda1f8b5272a3c372b279 av_one_half  avia-builder-el-9  el_after_av_hr  el_before_av_one_half  first flex_column_div  '     ><section  class='av_textblock_section av-av_textblock-7a1af7d8f9790576b1769c0a9f0449ed '   itemscope=\"itemscope\" itemtype=\"https:\/\/schema.org\/CreativeWork\" ><div class='avia_textblock'  itemprop=\"text\" ><p><strong>Austria<\/strong><\/p>\n<p><strong>Versandkostenfrei:<\/strong>\u00a0Ab einen Bestellwert von 75,00 \u20ac<br \/>\n<strong>Standard Versand:<\/strong> Lieferung innerhalb von 4-6 Werktagen 8,60 \u20ac<br \/>\n<strong>Express Versand:<\/strong> Lieferung innerhalb von 2-3 Werktagen 25,00 \u20ac<\/p>\n<p><strong>Versand per Nachnahme:<\/strong> Ist nicht m\u00f6glich<\/p>\n<\/div><\/section><\/div>\n<div  class='flex_column av-av_one_half-f1c518e9ff58e869f80c8f093487abc9 av_one_half  avia-builder-el-11  el_after_av_one_half  el_before_av_one_half  flex_column_div  '     ><section  class='av_textblock_section av-av_textblock-7a1af7d8f9790576b1769c0a9f0449ed '   itemscope=\"itemscope\" itemtype=\"https:\/\/schema.org\/CreativeWork\" ><div class='avia_textblock'  itemprop=\"text\" ><p><strong>Belgium<\/strong><\/p>\n<p><strong>Free Shipping:<\/strong>\u00a0 From an order value of 75.00 \u20ac<br \/>\n<strong>Standard Shipping:\u00a0<\/strong> Delivery in 4-6 working days 9,20 \u20ac<br \/>\n<strong>Express Shipping:<\/strong>\u00a0 Delivery in 2-4 working days 20.00\u00a0\u20ac<\/p>\n<p><strong>Cash on Delivery:\u00a0<\/strong>\u00a0Is not possible<\/p>\n<\/div><\/section><\/div>\n<div  class='flex_column av-av_one_half-7714eba142aeda1f8b5272a3c372b279 av_one_half  avia-builder-el-13  el_after_av_one_half  el_before_av_one_half  first flex_column_div  column-top-margin'     ><section  class='av_textblock_section av-av_textblock-7a1af7d8f9790576b1769c0a9f0449ed '   itemscope=\"itemscope\" itemtype=\"https:\/\/schema.org\/CreativeWork\" ><div class='avia_textblock'  itemprop=\"text\" ><p><strong>Denmark<\/strong><\/p>\n<p><strong>Free Shipping:<\/strong>\u00a0 From an order value of 600,00 DK<br \/>\n<strong>Standard Shipping:\u00a0<\/strong> Delivery in 3-6 working days 104,25 DK<br \/>\n<strong>Express Shipping:<\/strong>\u00a0 Delivery in 1-3 working days 148,92 DK<\/p>\n<p><strong>Cash on Delivery:\u00a0<\/strong>\u00a0Is not possible<\/p>\n<\/div><\/section><\/div>\n<div  class='flex_column av-av_one_half-f1c518e9ff58e869f80c8f093487abc9 av_one_half  avia-builder-el-15  el_after_av_one_half  el_before_av_one_half  flex_column_div  column-top-margin'     ><section  class='av_textblock_section av-av_textblock-7a1af7d8f9790576b1769c0a9f0449ed '   itemscope=\"itemscope\" itemtype=\"https:\/\/schema.org\/CreativeWork\" ><div class='avia_textblock'  itemprop=\"text\" ><p><strong>France<\/strong><\/p>\n<p><strong>Livraison gratuite:<\/strong>\u00a0 Commande minimum de 75,00 \u20ac<br \/>\n<strong>Livraison standard:\u00a0<\/strong> Livraison sous 4-6 jours 8,90 \u20ac<br \/>\n<strong>Livraison express:<\/strong> Livraison entre 2-3 jours 25,00 \u20ac<\/p>\n<p><strong>Paiement \u00e0 la livraison:<\/strong>\u00a0 n&#8217;est pas possible<\/p>\n<\/div><\/section><\/div>\n<div  class='flex_column av-av_one_half-7714eba142aeda1f8b5272a3c372b279 av_one_half  avia-builder-el-17  el_after_av_one_half  el_before_av_one_half  first flex_column_div  column-top-margin'     ><section  class='av_textblock_section av-av_textblock-7a1af7d8f9790576b1769c0a9f0449ed '   itemscope=\"itemscope\" itemtype=\"https:\/\/schema.org\/CreativeWork\" ><div class='avia_textblock'  itemprop=\"text\" ><p><strong>Finland<\/strong><\/p>\n<p><strong>Free Shipping:<\/strong>\u00a0 From an order value of 95.00 \u20ac<br \/>\n<strong>Standard Shipping:\u00a0<\/strong>\u00a0Delivery in 4-7 working days 14.00\u00a0\u20ac<br \/>\n<strong>Express Shipping:<\/strong>\u00a0 Delivery in 2-3 working days 35.00 \u20ac<\/p>\n<p><strong>Cash on Delivery:\u00a0<\/strong>\u00a0Is not possible<\/p>\n<\/div><\/section><\/div>\n<div  class='flex_column av-av_one_half-f1c518e9ff58e869f80c8f093487abc9 av_one_half  avia-builder-el-19  el_after_av_one_half  el_before_av_one_half  flex_column_div  column-top-margin'     ><section  class='av_textblock_section av-av_textblock-7a1af7d8f9790576b1769c0a9f0449ed '   itemscope=\"itemscope\" itemtype=\"https:\/\/schema.org\/CreativeWork\" ><div class='avia_textblock'  itemprop=\"text\" ><p><strong>Germany<\/strong><\/p>\n<p><strong>Versandkostenfrei:<\/strong>\u00a0Ab einen Bestellwert von 75,00 \u20ac<br \/>\n<strong>Standard Versand:<\/strong> Lieferung innerhalb von 4-6 Werktagen 8,90 \u20ac<br \/>\n<strong>Express Versand:<\/strong> Lieferung innerhalb von 2-3 Werktagen 25,00 \u20ac<\/p>\n<p><strong>Versand per Nachnahme:<\/strong> Ist nicht m\u00f6glich<\/p>\n<\/div><\/section><\/div>\n<div  class='flex_column av-av_one_half-7714eba142aeda1f8b5272a3c372b279 av_one_half  avia-builder-el-21  el_after_av_one_half  el_before_av_one_half  first flex_column_div  column-top-margin'     ><section  class='av_textblock_section av-av_textblock-7a1af7d8f9790576b1769c0a9f0449ed '   itemscope=\"itemscope\" itemtype=\"https:\/\/schema.org\/CreativeWork\" ><div class='avia_textblock'  itemprop=\"text\" ><p><strong>Greece<\/strong><\/p>\n<p><strong>Free Shipping:<\/strong>\u00a0 From an order value of 95.00 \u20ac<br \/>\n<strong>Standard Shipping:\u00a0<\/strong> Delivery in 5-7 working days 22,61 \u20ac<br \/>\n<strong>Express Shipping:<\/strong>\u00a0 Delivery in 1-3 working days 38.00 \u20ac<\/p>\n<p><strong>Cash on Delivery:\u00a0<\/strong>\u00a0Is not possible<\/p>\n<\/div><\/section><\/div>\n<div  class='flex_column av-av_one_half-f1c518e9ff58e869f80c8f093487abc9 av_one_half  avia-builder-el-23  el_after_av_one_half  el_before_av_one_half  flex_column_div  column-top-margin'     ><section  class='av_textblock_section av-av_textblock-7a1af7d8f9790576b1769c0a9f0449ed '   itemscope=\"itemscope\" itemtype=\"https:\/\/schema.org\/CreativeWork\" ><div class='avia_textblock'  itemprop=\"text\" ><p><strong>Ireland<\/strong><\/p>\n<p><strong>Free Shipping:<\/strong>\u00a0 From an order value of 95.00 \u20ac<br \/>\n<strong>Standard Shipping:\u00a0<\/strong> Delivery in 3-7 working days 9,60 \u20ac<br \/>\n<strong>Express Shipping:<\/strong>\u00a0 Delivery in 1-2 working days 14,90 \u20ac<\/p>\n<p><strong>Cash on Delivery:\u00a0<\/strong>\u00a0Is not possible<\/p>\n<\/div><\/section><\/div>\n<div  class='flex_column av-av_one_half-7714eba142aeda1f8b5272a3c372b279 av_one_half  avia-builder-el-25  el_after_av_one_half  el_before_av_one_half  first flex_column_div  column-top-margin'     ><section  class='av_textblock_section av-av_textblock-7a1af7d8f9790576b1769c0a9f0449ed '   itemscope=\"itemscope\" itemtype=\"https:\/\/schema.org\/CreativeWork\" ><div class='avia_textblock'  itemprop=\"text\" ><p><strong>Italia<\/strong><\/p>\n<p><strong>Spedizione Gratuita:<\/strong>\u00a0 Da un valore dell&#8217;ordine di 75,00 \u20ac<br \/>\n<strong>Spedizione Standard:\u00a0<\/strong> Consegna entro 3-4 giorni lavorativi 9.60 \u20ac<br \/>\n<strong>Spedizione Express:<\/strong>\u00a0 Consegna entro 1-2 giorni lavorativi 28,00 \u20ac<\/p>\n<p><strong>Pagamento alla consegna:\u00a0 <\/strong>Non \u00e8 possibile<\/p>\n<\/div><\/section><\/div>\n<div  class='flex_column av-av_one_half-f1c518e9ff58e869f80c8f093487abc9 av_one_half  avia-builder-el-27  el_after_av_one_half  el_before_av_one_half  flex_column_div  column-top-margin'     ><section  class='av_textblock_section av-av_textblock-7a1af7d8f9790576b1769c0a9f0449ed '   itemscope=\"itemscope\" itemtype=\"https:\/\/schema.org\/CreativeWork\" ><div class='avia_textblock'  itemprop=\"text\" ><p><strong>Luxembourg<\/strong><\/p>\n<p><strong>Livraison gratuite:<\/strong>\u00a0 Commande minimum de 75,00 \u20ac<br \/>\n<strong>Livraison standard:\u00a0<\/strong> Livraison sous 4-6 jours 8,90 \u20ac<br \/>\n<strong>Livraison express:<\/strong> Livraison entre 2-3 jours 25,00 \u20ac<\/p>\n<p><strong>Paiement \u00e0 la livraison:<\/strong>\u00a0 n&#8217;est pas possible<\/p>\n<\/div><\/section><\/div>\n<div  class='flex_column av-av_one_half-7714eba142aeda1f8b5272a3c372b279 av_one_half  avia-builder-el-29  el_after_av_one_half  el_before_av_one_half  first flex_column_div  column-top-margin'     ><section  class='av_textblock_section av-av_textblock-7a1af7d8f9790576b1769c0a9f0449ed '   itemscope=\"itemscope\" itemtype=\"https:\/\/schema.org\/CreativeWork\" ><div class='avia_textblock'  itemprop=\"text\" ><p><strong>Netherlands<\/strong><\/p>\n<p><strong>Free Shipping:<\/strong>\u00a0 From an order value of 80.00 \u20ac<br \/>\n<strong>Standard Shipping:\u00a0<\/strong>\u00a0Delivery in 3-6 working days 11.00\u00a0\u20ac<br \/>\n<strong>Express Shipping:<\/strong>\u00a0 Delivery in 2-3 working days 33.00 \u20ac<\/p>\n<p><strong>Cash on Delivery:\u00a0<\/strong>\u00a0Is not possible<\/p>\n<\/div><\/section><\/div>\n<div  class='flex_column av-av_one_half-f1c518e9ff58e869f80c8f093487abc9 av_one_half  avia-builder-el-31  el_after_av_one_half  el_before_av_one_half  flex_column_div  column-top-margin'     ><section  class='av_textblock_section av-av_textblock-7a1af7d8f9790576b1769c0a9f0449ed '   itemscope=\"itemscope\" itemtype=\"https:\/\/schema.org\/CreativeWork\" ><div class='avia_textblock'  itemprop=\"text\" ><p><strong>Norway<\/strong><\/p>\n<p><strong>Free Shipping:<\/strong>\u00a0 From an order value of 214,83 NOK<br \/>\n<strong>Standard Shipping:\u00a0<\/strong> Delivery in 4-6 working days 180,91 NOK<br \/>\n<strong>Express Shipping:<\/strong>\u00a0 Delivery in 1-3 working days 316,60 NOK<\/p>\n<p><strong>Cash on Delivery:\u00a0<\/strong>\u00a0Is not possible<\/p>\n<\/div><\/section><\/div>\n<div  class='flex_column av-av_one_half-7714eba142aeda1f8b5272a3c372b279 av_one_half  avia-builder-el-33  el_after_av_one_half  el_before_av_one_half  first flex_column_div  column-top-margin'     ><section  class='av_textblock_section av-av_textblock-7a1af7d8f9790576b1769c0a9f0449ed '   itemscope=\"itemscope\" itemtype=\"https:\/\/schema.org\/CreativeWork\" ><div class='avia_textblock'  itemprop=\"text\" ><p><strong>Portugal<\/strong><\/p>\n<p><strong>Free Shipping:<\/strong>\u00a0 From an order value of 75.00 \u20ac<br \/>\n<strong>Standard Shipping:\u00a0<\/strong>\u00a0Delivery in 4-6 working days 14.00\u00a0\u20ac<br \/>\n<strong>Express Shipping:<\/strong>\u00a0 Delivery in 1-3 working days 35.00 \u20ac<\/p>\n<p><strong>Cash on Delivery:\u00a0<\/strong>\u00a0Is not possible<\/p>\n<\/div><\/section><\/div>\n<div  class='flex_column av-av_one_half-f1c518e9ff58e869f80c8f093487abc9 av_one_half  avia-builder-el-35  el_after_av_one_half  el_before_av_one_half  flex_column_div  column-top-margin'     ><section  class='av_textblock_section av-av_textblock-7a1af7d8f9790576b1769c0a9f0449ed '   itemscope=\"itemscope\" itemtype=\"https:\/\/schema.org\/CreativeWork\" ><div class='avia_textblock'  itemprop=\"text\" ><p><strong>Spain<\/strong><\/p>\n<p><strong>Free Shipping:<\/strong>\u00a0 From an order value of 85.00 \u20ac<br \/>\n<strong>Standard Shipping:\u00a0<\/strong> Delivery in 3-6 working days 14.00 \u20ac<br \/>\n<strong>Express Shipping:<\/strong>\u00a0 Delivery in 1-2 working days 35.00 \u20ac<\/p>\n<p><strong>Cash on Delivery:\u00a0<\/strong>\u00a0Is not possible<\/p>\n<\/div><\/section><\/div>\n<div  class='flex_column av-av_one_half-7714eba142aeda1f8b5272a3c372b279 av_one_half  avia-builder-el-37  el_after_av_one_half  el_before_av_one_half  first flex_column_div  column-top-margin'     ><section  class='av_textblock_section av-av_textblock-7a1af7d8f9790576b1769c0a9f0449ed '   itemscope=\"itemscope\" itemtype=\"https:\/\/schema.org\/CreativeWork\" ><div class='avia_textblock'  itemprop=\"text\" ><p><strong>Sweden<\/strong><\/p>\n<p><strong>Free Shipping:<\/strong>\u00a0 From an order value of 1063.00 SEK<br \/>\n<strong>Standard Shipping:\u00a0<\/strong> Delivery in 4-7 working days 156.00 SEK<br \/>\n<strong>Express Shipping:<\/strong>\u00a0 Delivery in 1-2 working days 223.00 SEK<\/p>\n<p><strong>Cash on Delivery:\u00a0<\/strong>\u00a0Is not possible<\/p>\n<\/div><\/section><\/div>\n<div  class='flex_column av-av_one_half-f1c518e9ff58e869f80c8f093487abc9 av_one_half  avia-builder-el-39  el_after_av_one_half  el_before_av_one_half  flex_column_div  column-top-margin'     ><section  class='av_textblock_section av-av_textblock-7a1af7d8f9790576b1769c0a9f0449ed '   itemscope=\"itemscope\" itemtype=\"https:\/\/schema.org\/CreativeWork\" ><div class='avia_textblock'  itemprop=\"text\" ><p><strong>Switzerland<\/strong><\/p>\n<p><strong>Free Shipping:<\/strong>\u00a0 From an order value of 85.00 CHF<br \/>\n<strong>Standard Shipping:\u00a0<\/strong> Delivery in 3-6 working days 11.00 CHF<br \/>\n<strong>Express Shipping:<\/strong>\u00a0 Is possible 22.00 CHF<\/p>\n<p><strong>Cash on Delivery:\u00a0<\/strong>\u00a0Is not possible<\/p>\n<\/div><\/section><\/div>\n<div  class='flex_column av-av_one_half-7714eba142aeda1f8b5272a3c372b279 av_one_half  avia-builder-el-41  el_after_av_one_half  el_before_av_one_half  first flex_column_div  column-top-margin'     ><section  class='av_textblock_section av-av_textblock-7a1af7d8f9790576b1769c0a9f0449ed '   itemscope=\"itemscope\" itemtype=\"https:\/\/schema.org\/CreativeWork\" ><div class='avia_textblock'  itemprop=\"text\" ><p><strong>Other EU Countries<\/strong><\/p>\n<p><strong>Free Shipping:<\/strong>\u00a0 From an order value of 100.00 \u20ac<br \/>\n<strong>Standard Shipping:\u00a0<\/strong>\u00a0Delivery in 4-7 working days 30.00\u00a0\u20ac<br \/>\n<strong>Express Shipping:<\/strong>\u00a0 Is possible 45.00 \u20ac<\/p>\n<p><strong>Cash on Delivery:\u00a0\u00a0Is not possible<\/strong><\/p>\n<\/div><\/section><\/div>\n<div  class='flex_column av-av_one_half-f1c518e9ff58e869f80c8f093487abc9 av_one_half  avia-builder-el-43  el_after_av_one_half  el_before_av_one_half  flex_column_div  column-top-margin'     ><section  class='av_textblock_section av-av_textblock-7a1af7d8f9790576b1769c0a9f0449ed '   itemscope=\"itemscope\" itemtype=\"https:\/\/schema.org\/CreativeWork\" ><div class='avia_textblock'  itemprop=\"text\" ><p><strong>U.S.<\/strong><\/p>\n<p><strong>Free Shipping:<\/strong>\u00a0 From an order value of 90.00 $<br \/>\n<strong>Standard Shipping:\u00a0<\/strong> Delivery in 5-7 working days 12.00 $<br \/>\n<strong>Express Shipping:<\/strong>\u00a0 Delivery in 1-3 working days 34.75 $<\/p>\n<p><strong>Cash on Delivery:\u00a0<\/strong>\u00a0Is not possible<\/p>\n<\/div><\/section><\/div>\n<div  class='flex_column av-av_one_half-7714eba142aeda1f8b5272a3c372b279 av_one_half  avia-builder-el-45  el_after_av_one_half  el_before_av_one_half  first flex_column_div  column-top-margin'     ><section  class='av_textblock_section av-av_textblock-92ab5b4c5448b40ef3b82fb3d397e98e '   itemscope=\"itemscope\" itemtype=\"https:\/\/schema.org\/CreativeWork\" ><div class='avia_textblock'  itemprop=\"text\" ><p><strong>United Kingdom<\/strong><\/p>\n<p><strong>Free Shipping:<\/strong>\u00a0 From an order value of 60.00 \u00a3<br \/>\n<strong>Standard Shipping:\u00a0<\/strong> Delivery in 4-6 working days 6.00 \u00a3<br \/>\n<strong>Express Shipping:<\/strong>\u00a0 Delivery in 1-3 working days 18,00 \u00a3<\/p>\n<p><strong>Weekend delivery<\/strong>:\u00a0 Delivery Sat. and Sun. 29,90 \u00a3<\/p>\n<p><strong>Cash on Delivery:\u00a0<\/strong>\u00a0Is not possible<\/p>\n<\/div><\/section><\/div>\n<div  class='flex_column av-av_one_half-f1c518e9ff58e869f80c8f093487abc9 av_one_half  avia-builder-el-47  el_after_av_one_half  el_before_av_one_half  flex_column_div  column-top-margin'     ><section  class='av_textblock_section av-av_textblock-7a1af7d8f9790576b1769c0a9f0449ed '   itemscope=\"itemscope\" itemtype=\"https:\/\/schema.org\/CreativeWork\" ><div class='avia_textblock'  itemprop=\"text\" ><p><strong>International Shipping<\/strong><\/p>\n<p><strong>Free Shipping:<\/strong>\u00a0 From an order value of 150.00 $<br \/>\n<strong>Standard Shipping:\u00a0<\/strong> Delivery in 5-8 working days 28.00 $<br \/>\n<strong>Express Shipping:<\/strong>\u00a0 Delivery in 1-3 working days 56.75 $<\/p>\n<p><strong>Cash on Delivery:\u00a0<\/strong>\u00a0Is not possible<\/p>\n<\/div><\/section><\/div>\n<div  class='flex_column av-av_one_half-7714eba142aeda1f8b5272a3c372b279 av_one_half  avia-builder-el-49  el_after_av_one_half  el_before_av_one_half  first flex_column_div  column-top-margin'     ><section  class='av_textblock_section av-lsg9t4gz-7f58944a32b260fd72e8947b18cfb4c7 '   itemscope=\"itemscope\" itemtype=\"https:\/\/schema.org\/CreativeWork\" ><div class='avia_textblock'  itemprop=\"text\" ><p>Date de livraison souhait\u00e9e<\/p>\n<p>Il nous faut 2 \u00e0 4 jours ouvrables pour que votre colis soit pr\u00eat \u00e0 \u00eatre exp\u00e9di\u00e9. Apr\u00e8s l&#8217;avoir remise au prestataire de services de colis, votre commande vous sera livr\u00e9e dans un d\u00e9lai d&#8217;environ 2 \u00e0 9 jours ouvrables.<\/p>\n<p>Il n&#8217;est actuellement pas possible de livrer le colis \u00e0 la date souhait\u00e9e. Si vous ne parvenez pas \u00e0 recevoir votre commande \u00e0 temps (par exemple en raison de vacances), veuillez nous contacter d\u00e8s que possible pour soit modifier la commande en exp\u00e9dition express et\/ou la faire livrer \u00e0 une adresse de livraison diff\u00e9rente, soit l&#8217;annuler. Veuillez toutefois noter que cela n&#8217;est possible que tant que votre commande n&#8217;a pas encore quitt\u00e9 notre entrep\u00f4t.<\/p>\n<p>Pour nous contacter, utilisez simplement notre formulaire de contact\u00a0\u00a0<a href=\"http:\/\/moby-hub.com\/contactez\/?lang=fr\" target=\"_blank\" rel=\"noopener\"><span style=\"font-size: 10pt; font-family: Georgia, serif;\"> Contactez<\/span><\/a><\/p>\n<p style=\"line-height: 14.25pt;\"><span style=\"font-size: 10.0pt; font-family: 'Georgia',serif; color: #333333;\">\u00a0<\/span><\/p>\n<\/div><\/section><\/div>\n<div  class='flex_column av-av_one_half-f1c518e9ff58e869f80c8f093487abc9 av_one_half  avia-builder-el-51  el_after_av_one_half  avia-builder-el-last  flex_column_div  column-top-margin'     ><section  class='av_textblock_section av-lsg9tl97-bff72086f0cbeab32c80fb1a2ee32668 '   itemscope=\"itemscope\" itemtype=\"https:\/\/schema.org\/CreativeWork\" ><div class='avia_textblock'  itemprop=\"text\" ><p>Colis endommag\u00e9<\/p>\n<p>Si votre colis est endommag\u00e9 et que des marchandises sont manquantes, veuillez contacter votre livreur dans les 5 jours ou le prestataire de services de colis dans les 3 jours pour signaler les dommages. Veuillez respecter ce d\u00e9lai, faute de quoi il n&#8217;y aura aucune action en responsabilit\u00e9 contre le livreur ou MOBY.<\/p>\n<p>Afin que le processus puisse \u00eatre correctement document\u00e9 par un employ\u00e9, veuillez apporter le colis tel que vous l&#8217;avez re\u00e7u au livreur. Veuillez nous envoyer le rapport sur les dommages dus au transport.<\/p>\n<\/div><\/section><\/div>\n","protected":false},"excerpt":{"rendered":"","protected":false},"author":1,"featured_media":0,"parent":0,"menu_order":0,"comment_status":"closed","ping_status":"closed","template":"","meta":{"footnotes":""},"class_list":["post-137847","page","type-page","status-publish","hentry"],"_links":{"self":[{"href":"http:\/\/moby-hub.com\/fr\/wp-json\/wp\/v2\/pages\/137847","targetHints":{"allow":["GET"]}}],"collection":[{"href":"http:\/\/moby-hub.com\/fr\/wp-json\/wp\/v2\/pages"}],"about":[{"href":"http:\/\/moby-hub.com\/fr\/wp-json\/wp\/v2\/types\/page"}],"author":[{"embeddable":true,"href":"http:\/\/moby-hub.com\/fr\/wp-json\/wp\/v2\/users\/1"}],"replies":[{"embeddable":true,"href":"http:\/\/moby-hub.com\/fr\/wp-json\/wp\/v2\/comments?post=137847"}],"version-history":[{"count":0,"href":"http:\/\/moby-hub.com\/fr\/wp-json\/wp\/v2\/pages\/137847\/revisions"}],"wp:attachment":[{"href":"http:\/\/moby-hub.com\/fr\/wp-json\/wp\/v2\/media?parent=137847"}],"curies":[{"name":"wp","href":"https:\/\/api.w.org\/{rel}","templated":true}]}}