{"id":141375,"date":"2025-07-20T16:18:31","date_gmt":"2025-07-20T14:18:31","guid":{"rendered":"http:\/\/moby-hub.com\/?page_id=141375"},"modified":"2025-09-13T08:06:15","modified_gmt":"2025-09-13T06:06:15","slug":"prix-des-produits","status":"publish","type":"page","link":"http:\/\/moby-hub.com\/fr\/prix-des-produits\/","title":{"rendered":"Prix \u200b\u200bdes produits"},"content":{"rendered":"\n<style type=\"text\/css\" data-created_by=\"avia_inline_auto\" id=\"style-css-av-av_hr-82f5be0ae0af6a64fe3091010b237709\">\n#top .hr.hr-invisible.av-av_hr-82f5be0ae0af6a64fe3091010b237709{\nheight:20px;\n}\n<\/style>\n<div  class='hr av-av_hr-82f5be0ae0af6a64fe3091010b237709 hr-invisible  avia-builder-el-0  el_before_av_heading  avia-builder-el-first '><span class='hr-inner '><span class=\"hr-inner-style\"><\/span><\/span><\/div>\n\n<style type=\"text\/css\" data-created_by=\"avia_inline_auto\" id=\"style-css-av-mfhv3olj-adcfbfac6305c3c0a3d521fcee4f1135\">\n#top .av-special-heading.av-mfhv3olj-adcfbfac6305c3c0a3d521fcee4f1135{\npadding-bottom:10px;\n}\nbody .av-special-heading.av-mfhv3olj-adcfbfac6305c3c0a3d521fcee4f1135 .av-special-heading-tag .heading-char{\nfont-size:25px;\n}\n.av-special-heading.av-mfhv3olj-adcfbfac6305c3c0a3d521fcee4f1135 .av-subheading{\nfont-size:15px;\n}\n<\/style>\n<div  class='av-special-heading av-mfhv3olj-adcfbfac6305c3c0a3d521fcee4f1135 av-special-heading-h3 custom-color-heading blockquote classic-quote classic-quote-left  avia-builder-el-1  el_after_av_hr  el_before_av_hr '><h3 class='av-special-heading-tag '  itemprop=\"headline\"  >Prix des produits chez MOBY<\/h3><div class=\"special-heading-border\"><div class=\"special-heading-inner-border\"><\/div><\/div><\/div>\n<div  class='hr av-av_hr-91d7ccd583a503147498e120fee2ff9b hr-default  avia-builder-el-2  el_after_av_heading  el_before_av_three_fourth '><span class='hr-inner '><span class=\"hr-inner-style\"><\/span><\/span><\/div>\n<div  class='flex_column av-av_three_fourth-7714eba142aeda1f8b5272a3c372b279 av_three_fourth  avia-builder-el-3  el_after_av_hr  el_before_av_one_fourth  first flex_column_div  '     ><style type=\"text\/css\" data-created_by=\"avia_inline_auto\" id=\"style-css-av-mfhv423y-6844806023b4f826a830c0a541167e79\">\n#top .av_textblock_section.av-mfhv423y-6844806023b4f826a830c0a541167e79 .avia_textblock{\nfont-size:14px;\ncolor:#6d6d6d;\ntext-align:justify;\n}\n<\/style>\n<section  class='av_textblock_section av-mfhv423y-6844806023b4f826a830c0a541167e79 '   itemscope=\"itemscope\" itemtype=\"https:\/\/schema.org\/CreativeWork\" ><div class='avia_textblock av_inherit_color'  itemprop=\"text\" ><p>MOBY est une entreprise \u00e0 but lucratif. Cela ne signifie pas pour autant que nous cherchons \u00e0 g\u00e9n\u00e9rer une marge de 100 \u00e0 300 % par produit. De plus, nous ne pratiquons pas d&#8217;ententes sur les prix avec nos concurrents, comme c&#8217;est souvent le cas en Allemagne, en Autriche et en Suisse.<\/p>\n<\/div><\/section><\/div><div  class='flex_column av-av_one_fourth-f1c518e9ff58e869f80c8f093487abc9 av_one_fourth  avia-builder-el-5  el_after_av_three_fourth  el_before_av_three_fourth  flex_column_div  '     ><\/div><\/p>\n<div  class='flex_column av-av_three_fourth-7714eba142aeda1f8b5272a3c372b279 av_three_fourth  avia-builder-el-6  el_after_av_one_fourth  el_before_av_one_fourth  first flex_column_div  column-top-margin'     ><style type=\"text\/css\" data-created_by=\"avia_inline_auto\" id=\"style-css-av-mfhv4gb9-894ec1552e038db303b18d2a19f33f2d\">\n#top .av_textblock_section.av-mfhv4gb9-894ec1552e038db303b18d2a19f33f2d .avia_textblock{\nfont-size:14px;\ncolor:#6d6d6d;\ntext-align:justify;\n}\n<\/style>\n<section  class='av_textblock_section av-mfhv4gb9-894ec1552e038db303b18d2a19f33f2d '   itemscope=\"itemscope\" itemtype=\"https:\/\/schema.org\/CreativeWork\" ><div class='avia_textblock av_inherit_color'  itemprop=\"text\" ><p>Les prix des produits sont r\u00e9gis par l&#8217;offre et la demande. Comme nous vendons nos produits en Europe et \u00e0 l&#8217;international, le volume d&#8217;achat aupr\u00e8s de nos fournisseurs augmente. Par cons\u00e9quent, le prix d&#8217;achat est r\u00e9duit, ce qui nous permet d&#8217;ajuster nos prix en cons\u00e9quence, garantissant ainsi \u00e0 nos clients un prix par produit mod\u00e9r\u00e9, fiable et durable.<\/p>\n<\/div><\/section><\/div><div  class='flex_column av-av_one_fourth-f1c518e9ff58e869f80c8f093487abc9 av_one_fourth  avia-builder-el-8  el_after_av_three_fourth  el_before_av_three_fourth  flex_column_div  column-top-margin'     ><style type=\"text\/css\" data-created_by=\"avia_inline_auto\" id=\"style-css-av-av_image-e35f07b5fbb73a2ee1e7c9eff505c222\">\n.avia-image-container.av-av_image-e35f07b5fbb73a2ee1e7c9eff505c222 img.avia_image{\nbox-shadow:none;\n}\n.avia-image-container.av-av_image-e35f07b5fbb73a2ee1e7c9eff505c222 .av-image-caption-overlay-center{\ncolor:#ffffff;\n}\n<\/style>\n<div  class='avia-image-container av-av_image-e35f07b5fbb73a2ee1e7c9eff505c222 av-styling- avia-align-center  avia-builder-el-9  avia-builder-el-no-sibling '   itemprop=\"image\" itemscope=\"itemscope\" itemtype=\"https:\/\/schema.org\/ImageObject\" ><div class=\"avia-image-container-inner\"><div class=\"avia-image-overlay-wrap\"><img decoding=\"async\" fetchpriority=\"high\" class='wp-image- avia-img-lazy-loading-not- avia_image ' src=\"http:\/\/moby-hub.com\/wp-content\/uploads\/2023\/04\/FairPrice.jpg\" alt='' title=''   itemprop=\"thumbnailUrl\"  \/><\/div><\/div><\/div><\/div><\/p>\n<div  class='flex_column av-av_three_fourth-7714eba142aeda1f8b5272a3c372b279 av_three_fourth  avia-builder-el-10  el_after_av_one_fourth  el_before_av_one_fourth  first flex_column_div  column-top-margin'     ><style type=\"text\/css\" data-created_by=\"avia_inline_auto\" id=\"style-css-av-mfhv4v66-6b87f3f498547fc2ae81f6878268cce1\">\n#top .av_textblock_section.av-mfhv4v66-6b87f3f498547fc2ae81f6878268cce1 .avia_textblock{\nfont-size:14px;\ncolor:#6d6d6d;\ntext-align:justify;\n}\n<\/style>\n<section  class='av_textblock_section av-mfhv4v66-6b87f3f498547fc2ae81f6878268cce1 '   itemscope=\"itemscope\" itemtype=\"https:\/\/schema.org\/CreativeWork\" ><div class='avia_textblock av_inherit_color'  itemprop=\"text\" ><p>La TVA est \u00e9galement exon\u00e9r\u00e9e pour les clients de l&#8217;Union europ\u00e9enne ou de l&#8217;international, et les prix des produits affich\u00e9s sur la boutique en ligne et en magasin sont hors TVA. (La TVA n&#8217;est factur\u00e9e qu&#8217;en dehors des promotions, et uniquement en France.)<\/p>\n<p>MOBY ne facture g\u00e9n\u00e9ralement pas de frais de livraison vers les pays europ\u00e9ens ou internationaux.<\/p>\n<p>Par cons\u00e9quent, les prix par produit se situent dans une fourchette de prix abordable.<\/p>\n<\/div><\/section><\/div><div  class='flex_column av-av_one_fourth-f1c518e9ff58e869f80c8f093487abc9 av_one_fourth  avia-builder-el-12  el_after_av_three_fourth  el_before_av_hr  flex_column_div  column-top-margin'     ><\/div><\/p>\n<div  class='hr av-av_hr-2d5db5f64ae26441752c85579942ced7 hr-short  avia-builder-el-13  el_after_av_one_fourth  avia-builder-el-last  hr-center'><span class='hr-inner '><span class=\"hr-inner-style\"><\/span><\/span><\/div>\n","protected":false},"excerpt":{"rendered":"","protected":false},"author":1,"featured_media":0,"parent":0,"menu_order":0,"comment_status":"closed","ping_status":"closed","template":"","meta":{"footnotes":""},"class_list":["post-141375","page","type-page","status-publish","hentry"],"_links":{"self":[{"href":"http:\/\/moby-hub.com\/fr\/wp-json\/wp\/v2\/pages\/141375","targetHints":{"allow":["GET"]}}],"collection":[{"href":"http:\/\/moby-hub.com\/fr\/wp-json\/wp\/v2\/pages"}],"about":[{"href":"http:\/\/moby-hub.com\/fr\/wp-json\/wp\/v2\/types\/page"}],"author":[{"embeddable":true,"href":"http:\/\/moby-hub.com\/fr\/wp-json\/wp\/v2\/users\/1"}],"replies":[{"embeddable":true,"href":"http:\/\/moby-hub.com\/fr\/wp-json\/wp\/v2\/comments?post=141375"}],"version-history":[{"count":0,"href":"http:\/\/moby-hub.com\/fr\/wp-json\/wp\/v2\/pages\/141375\/revisions"}],"wp:attachment":[{"href":"http:\/\/moby-hub.com\/fr\/wp-json\/wp\/v2\/media?parent=141375"}],"curies":[{"name":"wp","href":"https:\/\/api.w.org\/{rel}","templated":true}]}}