{"id":9521,"date":"2025-10-30T00:00:26","date_gmt":"2025-10-29T23:00:26","guid":{"rendered":"https:\/\/moby-hub.com\/?page_id=9521"},"modified":"2024-11-28T17:23:45","modified_gmt":"2024-11-28T16:23:45","slug":"protection-des-donnees","status":"publish","type":"page","link":"http:\/\/moby-hub.com\/fr\/protection-des-donnees\/","title":{"rendered":"Protection des donn\u00e9es"},"content":{"rendered":"\n<style type=\"text\/css\" data-created_by=\"avia_inline_auto\" id=\"style-css-av-kht9y3xi-657563c79f378c1e9934cb30333924fb\">\n#top .av-special-heading.av-kht9y3xi-657563c79f378c1e9934cb30333924fb{\npadding-bottom:10px;\n}\nbody .av-special-heading.av-kht9y3xi-657563c79f378c1e9934cb30333924fb .av-special-heading-tag .heading-char{\nfont-size:25px;\n}\n.av-special-heading.av-kht9y3xi-657563c79f378c1e9934cb30333924fb .av-subheading{\nfont-size:15px;\n}\n<\/style>\n<div  class='av-special-heading av-kht9y3xi-657563c79f378c1e9934cb30333924fb av-special-heading-h3  avia-builder-el-0  el_before_av_one_full  avia-builder-el-first '><h3 class='av-special-heading-tag '  itemprop=\"headline\"  >Protection des donn\u00e9es<\/h3><div class=\"special-heading-border\"><div class=\"special-heading-inner-border\"><\/div><\/div><\/div>\n\n<style type=\"text\/css\" data-created_by=\"avia_inline_auto\" id=\"style-css-av-av_one_full-53b0b300fb3685750664fb085c5ad19d\">\n.flex_column.av-av_one_full-53b0b300fb3685750664fb085c5ad19d{\nborder-radius:0px 0px 0px 0px;\npadding:0px 0px 0px 0px;\n}\n<\/style>\n<div  class='flex_column av-av_one_full-53b0b300fb3685750664fb085c5ad19d av_one_full  avia-builder-el-1  el_after_av_heading  el_before_av_hr  first flex_column_div av-zero-column-padding  '     ><section  class='av_textblock_section av-khta1mga-8fcc6f1e432ed7320b6ae8a2c304ae05 '   itemscope=\"itemscope\" itemtype=\"https:\/\/schema.org\/CreativeWork\" ><div class='avia_textblock'  itemprop=\"text\" ><ul>\n<li><strong> 1 Donn\u00e9es personnelles<\/strong><\/li>\n<\/ul>\n<p>(1) Nous collectons, traitons et utilisons vos donn\u00e9es personnelles uniquement avec votre consentement ou si la loi l&#8217;autorise. Nous ne collecterons, traiterons et utiliserons que les donn\u00e9es personnelles n\u00e9cessaires \u00e0 la mise en \u0153uvre et \u00e0 l&#8217;utilisation de nos services ou que vous nous fournissez volontairement.<\/p>\n<p>(2) Les donn\u00e9es personnelles sont toutes les donn\u00e9es qui contiennent des informations sur la situation personnelle ou factuelle d&#8217;un client sp\u00e9cifique ou identifiable. Cela inclut, par exemple, le nom, l&#8217;adresse e-mail, l&#8217;adresse du domicile, le sexe, la date de naissance, le num\u00e9ro de t\u00e9l\u00e9phone ou l&#8217;\u00e2ge.<\/p>\n<ul>\n<li><strong> 2 Finalit\u00e9s de la collecte des donn\u00e9es personnelles<\/strong><\/li>\n<\/ul>\n<p>Nous avons besoin de vos donn\u00e9es personnelles aux fins suivantes :<\/p>\n<p>&#8211; pour traiter vos commandes (votre adresse e-mail, votre adresse personnelle, votre adresse de livraison, si vous choisissez le mode de paiement par pr\u00e9l\u00e8vement automatique, vos coordonn\u00e9es bancaires, si vous choisissez le mode de paiement par carte bancaire, vos coordonn\u00e9es bancaires),<\/p>\n<p>&#8211; pour r\u00e9pondre \u00e0 vos questions (votre adresse e-mail, \u00e9ventuellement votre num\u00e9ro de t\u00e9l\u00e9phone, si vous nous le fournissez volontairement) <em>.<\/em><\/p>\n<ul>\n<li><strong> 3 Collecte automatique de donn\u00e9es via des cookies<\/strong><\/li>\n<\/ul>\n<p>(1) Un cookie est un petit fichier texte qui est stock\u00e9 dans le cache de votre navigateur et qui permet une analyse de votre utilisation de notre site Web. Les donn\u00e9es suivantes sont automatiquement enregistr\u00e9es par notre syst\u00e8me informatique lorsque vous visitez notre site Web en utilisant des cookies :<\/p>\n<p>&#8211; votre adresse internet,<\/p>\n<p>&#8211; le type et la version du navigateur,<\/p>\n<p>&#8211; Site Web \u00e0 partir duquel vous nous visitez ( URL de r\u00e9f\u00e9rence ),<\/p>\n<p>&#8211; le syst\u00e8me d&#8217;exploitation utilis\u00e9,<\/p>\n<p>&#8211; Site Internet \u00e0 partir duquel vous \u00eates redirig\u00e9 vers nos sites Internet,<\/p>\n<p>&#8211; Date et heure de votre acc\u00e8s.<\/p>\n<p>(2) Les donn\u00e9es conform\u00e9ment au \u00a7 3 paragraphe 1 de la d\u00e9claration de protection des donn\u00e9es seront stock\u00e9es s\u00e9par\u00e9ment de toute autre donn\u00e9e que vous pourriez nous fournir. Les donn\u00e9es ne sont pas li\u00e9es \u00e0 vos autres donn\u00e9es. Ils sont \u00e9valu\u00e9s \u00e0 des fins statistiques afin de pouvoir optimiser nos sites Web et nos offres. Les donn\u00e9es seront supprim\u00e9es apr\u00e8s leur \u00e9valuation.<\/p>\n<p>(3) Si vous ne souhaitez pas que des cookies soient utilis\u00e9s, vous pouvez bloquer leur utilisation dans votre navigateur. Il ne peut \u00eatre exclu que la fonctionnalit\u00e9 de nos sites Web en soit affect\u00e9e. Vous pouvez \u00e9galement vous opposer \u00e0 l&#8217;utilisation de cookies \u00e0 tout moment avec effet futur en envoyant un e-mail \u00e0 <a href=\"mailto:info@moby-hub.com\">info@moby-hub.com <\/a>.<\/p>\n<ul>\n<li><strong> 4 Collecte et traitement des donn\u00e9es lors de l&#8217;utilisation de Google Analytics<\/strong><\/li>\n<\/ul>\n<p>(1) Ce site Web utilise Google Analytics, un service d&#8217;analyse Web fourni par Google Inc. (&#8220;Google&#8221;). Google Analytics utilise des &#8220;cookies&#8221;, des fichiers texte qui sont stock\u00e9s sur votre ordinateur et permettent une analyse de votre utilisation du site Web.<\/p>\n<p>(2) Les informations g\u00e9n\u00e9r\u00e9es par l&#8217;ordinateur concernant votre utilisation de ce site Web sont rendues anonymes afin qu&#8217;elles ne puissent plus \u00eatre attribu\u00e9es \u00e0 une connexion. Ils sont g\u00e9n\u00e9ralement transf\u00e9r\u00e9s sur un serveur de Google aux \u00c9tats-Unis et y sont stock\u00e9s. Toutefois, si l&#8217;anonymisation IP est activ\u00e9e sur ce site Web, votre adresse IP sera pr\u00e9alablement raccourcie par Google dans les \u00c9tats membres de l&#8217;UE ou d&#8217;autres \u00c9tats contractants de l&#8217;accord sur l&#8217;Espace \u00e9conomique europ\u00e9en. Au nom de l&#8217;op\u00e9rateur de ce site Web, Google utilisera ces informations pour \u00e9valuer votre utilisation du site Web, pour compiler des rapports sur l&#8217;activit\u00e9 du site Web pour l&#8217;op\u00e9rateur du site Web et pour fournir d&#8217;autres services li\u00e9s \u00e0 l&#8217;activit\u00e9 du site Web et \u00e0 l&#8217;utilisation d&#8217;Internet.<\/p>\n<p>(3) Google n&#8217;associera en aucun cas votre adresse IP \u00e0 d&#8217;autres donn\u00e9es de Google. Vous pouvez emp\u00eacher l&#8217;installation de cookies en configurant votre logiciel de navigation en cons\u00e9quence ; cependant, nous attirons votre attention sur le fait que dans ce cas, vous ne pourrez peut-\u00eatre pas utiliser toutes les fonctions du site Web.<\/p>\n<p>(4) Vous pouvez \u00e9galement emp\u00eacher Google de collecter les donn\u00e9es g\u00e9n\u00e9r\u00e9es par le cookie et li\u00e9es \u00e0 votre utilisation du site Web (y compris votre adresse IP) et de traiter ces donn\u00e9es par Google en utilisant un module compl\u00e9mentaire de navigateur pour d\u00e9sactiver Google T\u00e9l\u00e9charger et installer Analytics pour votre navigateur. Vous pouvez trouver l&#8217;outil de d\u00e9sactivation ici : http:\/\/tools.google.com\/dlpage\/gaoptout?hl=de.<\/p>\n<ul>\n<li><strong> 5 Consentement et r\u00e9vocation<\/strong><\/li>\n<\/ul>\n<p>(1) Si vous nous avez donn\u00e9 votre consentement \u00e0 l&#8217;utilisation, au traitement et \u00e0 la transmission de vos donn\u00e9es personnelles \u00e0 des fins de marketing (par exemple newsletter \u00e9lectronique ou envoi d&#8217;offres, utilisation de Google Analytics), vous pouvez le r\u00e9voquer \u00e0 tout moment sans remplir un formulaire sp\u00e9cifique ou d\u00e9lai avec effet pour la r\u00e9vocation future. En outre, vous pouvez &#8211; dans la mesure o\u00f9 nous utilisons vos donn\u00e9es dans le cadre l\u00e9galement autoris\u00e9 pour des mesures de marketing postal, par exemple &#8211; vous opposer \u00e0 cette utilisation. Dans les deux cas, veuillez contacter : <strong>MOBY, 58 Rue Etienne Dolet, 69003 Lyon, France. Email : info@moby-hub.com<\/strong><\/p>\n<p>(2 ) Apr\u00e8s votre r\u00e9vocation, nous n&#8217;utiliserons vos donn\u00e9es que pour traiter la commande et nous nous abstiendrons d&#8217;envoyer d&#8217;autres supports publicitaires.<\/p>\n<ul>\n<li><strong> 6 Transmission de donn\u00e9es personnelles \u00e0 des tiers<\/strong><\/li>\n<\/ul>\n<p>Afin de traiter votre commande, il est parfois n\u00e9cessaire de transmettre vos donn\u00e9es personnelles \u00e0 des tiers (ex. fournisseurs ou transitaires). Les donn\u00e9es transmises \u00e0 des tiers ne seront utilis\u00e9es par ces derniers que pour remplir leurs obligations ou t\u00e2ches. Les transmissions aux institutions ou autorit\u00e9s \u00e9tatiques n&#8217;ont lieu que dans le cadre d&#8217;une l\u00e9gislation nationale imp\u00e9rative.<\/p>\n<ul>\n<li><strong> 7 Dur\u00e9e de stockage des donn\u00e9es<\/strong><\/li>\n<\/ul>\n<p>Vos donn\u00e9es personnelles ne seront conserv\u00e9es que le temps n\u00e9cessaire \u00e0 la fourniture de nos services. Parfois, les donn\u00e9es peuvent devoir \u00eatre stock\u00e9es pendant de plus longues p\u00e9riodes en raison d&#8217;obligations l\u00e9gales ou l\u00e9gales.<\/p>\n<ul>\n<li><strong> 8 S\u00e9curit\u00e9 des donn\u00e9es<\/strong><\/li>\n<\/ul>\n<p>Nous avons mis en place des mesures de s\u00e9curit\u00e9 techniques et organisationnelles pour prot\u00e9ger vos donn\u00e9es, notamment contre la perte, la manipulation ou l&#8217;acc\u00e8s non autoris\u00e9. Nous adaptons r\u00e9guli\u00e8rement nos mesures de s\u00e9curit\u00e9 aux \u00e9volutions techniques en cours.<\/p>\n<ul>\n<li><strong> 9 Informations<\/strong><\/li>\n<\/ul>\n<p>Vous avez le droit \u00e0 tout moment de demander gratuitement des informations sur vos donn\u00e9es stock\u00e9es par nous. Si vos donn\u00e9es sont incorrectes ou mal stock\u00e9es, nous nous ferons un plaisir de les corriger, de les bloquer ou de les supprimer. Veuillez \u00e9galement nous informer d\u00e8s que des modifications ont \u00e9t\u00e9 apport\u00e9es \u00e0 vos donn\u00e9es personnelles. Veuillez envoyer vos demandes d&#8217;informations, questions, r\u00e9clamations ou suggestions concernant la protection des donn\u00e9es par courrier \u00e0 : <strong>MOBY, 58 Rue Etienne Dolet, 69003 Lyon, France<\/strong>.<strong> Email: info@moby-hub.com<\/strong><\/p>\n<\/div><\/section><\/div><div  class='hr av-av_hr-bad5bc90bcef2f12297bff634a297b07 hr-short  avia-builder-el-3  el_after_av_one_full  avia-builder-el-last  hr-center'><span class='hr-inner '><span class=\"hr-inner-style\"><\/span><\/span><\/div><\/p>\n","protected":false},"excerpt":{"rendered":"","protected":false},"author":1,"featured_media":0,"parent":0,"menu_order":0,"comment_status":"closed","ping_status":"closed","template":"","meta":{"footnotes":""},"class_list":["post-9521","page","type-page","status-publish","hentry"],"_links":{"self":[{"href":"http:\/\/moby-hub.com\/fr\/wp-json\/wp\/v2\/pages\/9521","targetHints":{"allow":["GET"]}}],"collection":[{"href":"http:\/\/moby-hub.com\/fr\/wp-json\/wp\/v2\/pages"}],"about":[{"href":"http:\/\/moby-hub.com\/fr\/wp-json\/wp\/v2\/types\/page"}],"author":[{"embeddable":true,"href":"http:\/\/moby-hub.com\/fr\/wp-json\/wp\/v2\/users\/1"}],"replies":[{"embeddable":true,"href":"http:\/\/moby-hub.com\/fr\/wp-json\/wp\/v2\/comments?post=9521"}],"version-history":[{"count":0,"href":"http:\/\/moby-hub.com\/fr\/wp-json\/wp\/v2\/pages\/9521\/revisions"}],"wp:attachment":[{"href":"http:\/\/moby-hub.com\/fr\/wp-json\/wp\/v2\/media?parent=9521"}],"curies":[{"name":"wp","href":"https:\/\/api.w.org\/{rel}","templated":true}]}}