{"id":112083,"date":"2020-10-01T13:14:06","date_gmt":"2020-10-01T11:14:06","guid":{"rendered":"https:\/\/becomolu.com\/?post_type=product&#038;p=112083"},"modified":"2024-05-04T22:52:55","modified_gmt":"2024-05-04T20:52:55","slug":"p-300-systeme-daspiration-30-000-tr-min","status":"publish","type":"product","link":"http:\/\/moby-hub.com\/fr\/Produkt\/p-300-systeme-daspiration-30-000-tr-min\/","title":{"rendered":"P 300 &#8211; syst\u00e8me d&#8217;aspiration 30 000 tr\/min"},"content":{"rendered":"<p>30 000 tr\/min &#8211; syst\u00e8me d&#8217;aspiration est con\u00e7u pour une utilisation professionnelle dans les domaines des soins des pieds, ainsi que des manucures et des p\u00e9dicures.<\/p>\n<ul>\n<li>Pi\u00e8ce \u00e0 main haute performance avec 100 g.<\/li>\n<li>30 000 tr\/min<\/li>\n<li>Interrupteur de veille<\/li>\n<li>Grand \u00e9cran num\u00e9rique<\/li>\n<li>Affichage num\u00e9rique de la vitesse<\/li>\n<li>Extraction de poussi\u00e8re &#8211; niveau de puissance<\/li>\n<li>Indication de changement de filtre<\/li>\n<li>Indication de la touche m\u00e9moire s\u00e9lectionn\u00e9e 1 \u00e0 4<\/li>\n<li>Indication de fonctionnement manuel ou \u00e0 p\u00e9dale<\/li>\n<li>Indication de rotation droite et gauche<\/li>\n<\/ul>\n<p><strong>Sp\u00e9cifications techniques:<\/strong><\/p>\n<ul>\n<li>Contr\u00f4le de la vitesse en continu jusqu&#8217;\u00e0 30 000 tr\/min<\/li>\n<li>220V\/50Hz<\/li>\n<li>Puissance\u00a0: 480\u00a0W\/80\u00a0W<\/li>\n<li>Panneau de commande tactile<\/li>\n<li>Commande par microprocesseur avec fusible de tension<\/li>\n<li>Longueur : 19,0 cm, largeur 16,0 cm, hauteur 12,0 cm<\/li>\n<li>Pi\u00e8ce \u00e0 main en plastique &#8211; poids 100 grammes<\/li>\n<\/ul>\n<p><strong>Contenu de la livraison\u00a0:<\/strong><\/p>\n<ul>\n<li>Unit\u00e9 de contr\u00f4le<\/li>\n<li>Pi\u00e8ce \u00e0 main \u00e0 moteur avec tuyau d&#8217;aspiration des poussi\u00e8res<\/li>\n<li>Sac \u00e0 poussi\u00e8re fine (4 pi\u00e8ces)<\/li>\n<li>Cordon d&#8217;alimentation (tous les types courants)<\/li>\n<li>P\u00e9dale marche\/arr\u00eat<\/li>\n<li>Le manuel comprend 15 langues<\/li>\n<\/ul>\n<p>Gr\u00e2ce \u00e0 la technologie moderne sans balais, c&#8217;est-\u00e0-dire \u00e0 l&#8217;entra\u00eenement sans carbone du moteur, vous vous \u00e9pargnez des r\u00e9parations co\u00fbteuses \u00e0 long terme, car aucun carbone dans la pi\u00e8ce \u00e0 main du moteur ne doit \u00eatre remplac\u00e9. Roulez par induction !<\/p>\n<p><strong>Garantie:<\/strong><br \/>\n2 ann\u00e9es<\/p>\n<p>Dispositifs m\u00e9dicaux selon la classe 2 a<\/p>\n","protected":false},"excerpt":{"rendered":"<p>P 300 &#8211; syst\u00e8me d&#8217;aspiration 30 000 tr\/min<\/p>\n","protected":false},"featured_media":138239,"template":"","meta":[],"product_brand":[],"product_cat":[1480],"product_tag":[],"class_list":{"0":"post-112083","1":"product","2":"type-product","3":"status-publish","4":"has-post-thumbnail","6":"product_cat-limes-a-ongles-electriques","8":"first","9":"instock","10":"shipping-taxable","11":"purchasable","12":"product-type-simple"},"_links":{"self":[{"href":"http:\/\/moby-hub.com\/fr\/wp-json\/wp\/v2\/product\/112083","targetHints":{"allow":["GET"]}}],"collection":[{"href":"http:\/\/moby-hub.com\/fr\/wp-json\/wp\/v2\/product"}],"about":[{"href":"http:\/\/moby-hub.com\/fr\/wp-json\/wp\/v2\/types\/product"}],"wp:featuredmedia":[{"embeddable":true,"href":"http:\/\/moby-hub.com\/fr\/wp-json\/wp\/v2\/media\/138239"}],"wp:attachment":[{"href":"http:\/\/moby-hub.com\/fr\/wp-json\/wp\/v2\/media?parent=112083"}],"wp:term":[{"taxonomy":"product_brand","embeddable":true,"href":"http:\/\/moby-hub.com\/fr\/wp-json\/wp\/v2\/product_brand?post=112083"},{"taxonomy":"product_cat","embeddable":true,"href":"http:\/\/moby-hub.com\/fr\/wp-json\/wp\/v2\/product_cat?post=112083"},{"taxonomy":"product_tag","embeddable":true,"href":"http:\/\/moby-hub.com\/fr\/wp-json\/wp\/v2\/product_tag?post=112083"}],"curies":[{"name":"wp","href":"https:\/\/api.w.org\/{rel}","templated":true}]}}