{"id":112107,"date":"2020-10-01T13:38:10","date_gmt":"2020-10-01T11:38:10","guid":{"rendered":"https:\/\/becomolu.com\/?post_type=product&#038;p=112107"},"modified":"2024-05-04T22:58:42","modified_gmt":"2024-05-04T20:58:42","slug":"p-500-systeme-daspiration-50-000-tr-min","status":"publish","type":"product","link":"http:\/\/moby-hub.com\/fr\/Produkt\/p-500-systeme-daspiration-50-000-tr-min\/","title":{"rendered":"P 500 &#8211; syst\u00e8me d&#8217;aspiration 50 000 tr\/min"},"content":{"rendered":"<p>Pour les manucures et p\u00e9dicures ainsi que les soins des pieds<\/p>\n<ul>\n<li>Pi\u00e8ce \u00e0 main haute performance avec 60 g.<\/li>\n<li>50 000 tr\/min.<\/li>\n<li>Interrupteur de veille.<\/li>\n<li>Grand \u00e9cran num\u00e9rique.<\/li>\n<li>Affichage num\u00e9rique de la vitesse.<\/li>\n<li>Niveau de puissance d&#8217;aspiration.<\/li>\n<li>Indication de changement de filtre.<\/li>\n<li>Indication de la touche m\u00e9moire s\u00e9lectionn\u00e9e 1 \u00e0 4.<\/li>\n<li>Indication de fonctionnement manuel ou \u00e0 p\u00e9dale.<\/li>\n<li>Indication de rotation droite et gauche.<\/li>\n<\/ul>\n<p><strong>Sp\u00e9cifications techniques:<\/strong><\/p>\n<ul>\n<li>Contr\u00f4le de la vitesse : jusqu&#8217;\u00e0 50 000 tr\/min<\/li>\n<li>Technologie sans balais<\/li>\n<li>220V\/50Hz<\/li>\n<li>Puissance\u00a0: 500\u00a0W\/96\u00a0W<\/li>\n<li>Rotation horaire\/antihoraire<\/li>\n<li>Commutateur \u00e0 p\u00e9dale\u00a0: Marche\/Arr\u00eat<\/li>\n<li>Panneau de commande tactile<\/li>\n<li>Commande par microprocesseur avec fusible de tension<\/li>\n<li>Surface facile d&#8217;entretien<\/li>\n<li>Largeur : 17 cm, profondeur 14 cm, hauteur 10 cm<\/li>\n<li>Pi\u00e8ce \u00e0 main en plastique &#8211; poids 60 grammes<\/li>\n<\/ul>\n<p>Garantie 2 ans<\/p>\n<p>Dispositifs m\u00e9dicaux selon la classe 2 a<\/p>\n<p>&nbsp;<\/p>\n<p>3 sacs \u00e0 poussi\u00e8re inclus<br \/>\n1 manuel en 15 langues<\/p>\n<p>&nbsp;<\/p>\n<p><strong>Hygi\u00e8ne et nettoyage :<\/strong><\/p>\n<p>Les mat\u00e9riaux de l&#8217;appareil ainsi que la pi\u00e8ce \u00e0 main et toutes les conduites d&#8217;alimentation peuvent \u00eatre facilement d\u00e9sinfect\u00e9s.<\/p>\n","protected":false},"excerpt":{"rendered":"<p>P 500 &#8211; syst\u00e8me d&#8217;aspiration 50 000 tr\/min<\/p>\n","protected":false},"featured_media":138258,"template":"","meta":[],"product_brand":[],"product_cat":[1480],"product_tag":[],"class_list":{"0":"post-112107","1":"product","2":"type-product","3":"status-publish","4":"has-post-thumbnail","6":"product_cat-limes-a-ongles-electriques","8":"first","9":"instock","10":"shipping-taxable","11":"purchasable","12":"product-type-simple"},"_links":{"self":[{"href":"http:\/\/moby-hub.com\/fr\/wp-json\/wp\/v2\/product\/112107","targetHints":{"allow":["GET"]}}],"collection":[{"href":"http:\/\/moby-hub.com\/fr\/wp-json\/wp\/v2\/product"}],"about":[{"href":"http:\/\/moby-hub.com\/fr\/wp-json\/wp\/v2\/types\/product"}],"wp:featuredmedia":[{"embeddable":true,"href":"http:\/\/moby-hub.com\/fr\/wp-json\/wp\/v2\/media\/138258"}],"wp:attachment":[{"href":"http:\/\/moby-hub.com\/fr\/wp-json\/wp\/v2\/media?parent=112107"}],"wp:term":[{"taxonomy":"product_brand","embeddable":true,"href":"http:\/\/moby-hub.com\/fr\/wp-json\/wp\/v2\/product_brand?post=112107"},{"taxonomy":"product_cat","embeddable":true,"href":"http:\/\/moby-hub.com\/fr\/wp-json\/wp\/v2\/product_cat?post=112107"},{"taxonomy":"product_tag","embeddable":true,"href":"http:\/\/moby-hub.com\/fr\/wp-json\/wp\/v2\/product_tag?post=112107"}],"curies":[{"name":"wp","href":"https:\/\/api.w.org\/{rel}","templated":true}]}}