{"id":116261,"date":"2021-03-12T07:37:16","date_gmt":"2021-03-12T06:37:16","guid":{"rendered":"https:\/\/cucci-nail-trade.com\/?post_type=product&#038;p=116261"},"modified":"2023-03-11T11:01:05","modified_gmt":"2023-03-11T10:01:05","slug":"lampe-a-led-64-w","status":"publish","type":"product","link":"http:\/\/moby-hub.com\/fr\/Produkt\/lampe-a-led-64-w\/","title":{"rendered":"Lampe a LED 64 W"},"content":{"rendered":"<p>Cette lampe LED professionnelle de 64 watts a \u00e9t\u00e9 sp\u00e9cialement con\u00e7ue pour un durcissement rapide et efficace du gel.<\/p>\n<p>Le durcissement uniforme des gels UV et des gels LED, vernis UV et gomme laque est garanti.<\/p>\n<p>Les intervalles de temps sont d\u00e9finis sur 30, 60 et 90 secondes. Ce r\u00e9glage est effectu\u00e9 simultan\u00e9ment via une technologie de capteur. Ainsi, le d\u00e9marrage de la voiture commence quand une main est ins\u00e9r\u00e9e dans la zone du tunnel.<\/p>\n<p><strong>Caract\u00e9ristiques<\/strong><\/p>\n<p><strong>Dimensions<\/strong><\/p>\n<p>Largeur:<br \/>\n24 cm<\/p>\n<p>La taille:<br \/>\n12 cm<\/p>\n<p>Profondeur:<br \/>\n19 cm<\/p>\n<p><strong>Couleur:<\/strong><br \/>\nArgent fonc\u00e9 \/ noir<\/p>\n<p><strong>Actuel<\/strong><\/p>\n<p>Tension d&#8217;entr\u00e9e nominale:<br \/>\n220 &#8211; 240 V AC, 50\/60 Hz<\/p>\n<p>Tension de sortie<br \/>\nDC 12V<\/p>\n<p>Capacit\u00e9 nominale<br \/>\n64 watts<\/p>\n<p>2 ans de garantie<\/p>\n","protected":false},"excerpt":{"rendered":"<p>Cette lampe LED professionnelle de 64 watts a \u00e9t\u00e9 sp\u00e9cialement con\u00e7ue pour un durcissement rapide et efficace du gel. Le durcissement uniforme des gels UV et des gels LED, vernis UV et gomme laque est garanti. Les intervalles de temps sont d\u00e9finis sur 30, 60 et 90 secondes. Ce r\u00e9glage est effectu\u00e9 simultan\u00e9ment via une [&hellip;]<\/p>\n","protected":false},"featured_media":132578,"template":"","meta":[],"product_brand":[],"product_cat":[1484],"product_tag":[],"class_list":{"0":"post-116261","1":"product","2":"type-product","3":"status-publish","4":"has-post-thumbnail","6":"product_cat-led-lampes","8":"first","9":"instock","10":"shipping-taxable","11":"purchasable","12":"product-type-simple"},"_links":{"self":[{"href":"http:\/\/moby-hub.com\/fr\/wp-json\/wp\/v2\/product\/116261","targetHints":{"allow":["GET"]}}],"collection":[{"href":"http:\/\/moby-hub.com\/fr\/wp-json\/wp\/v2\/product"}],"about":[{"href":"http:\/\/moby-hub.com\/fr\/wp-json\/wp\/v2\/types\/product"}],"wp:featuredmedia":[{"embeddable":true,"href":"http:\/\/moby-hub.com\/fr\/wp-json\/wp\/v2\/media\/132578"}],"wp:attachment":[{"href":"http:\/\/moby-hub.com\/fr\/wp-json\/wp\/v2\/media?parent=116261"}],"wp:term":[{"taxonomy":"product_brand","embeddable":true,"href":"http:\/\/moby-hub.com\/fr\/wp-json\/wp\/v2\/product_brand?post=116261"},{"taxonomy":"product_cat","embeddable":true,"href":"http:\/\/moby-hub.com\/fr\/wp-json\/wp\/v2\/product_cat?post=116261"},{"taxonomy":"product_tag","embeddable":true,"href":"http:\/\/moby-hub.com\/fr\/wp-json\/wp\/v2\/product_tag?post=116261"}],"curies":[{"name":"wp","href":"https:\/\/api.w.org\/{rel}","templated":true}]}}