{"id":116730,"date":"2021-03-21T08:32:03","date_gmt":"2021-03-21T07:32:05","guid":{"rendered":"https:\/\/cucci-nail-trade.com\/?post_type=product&#038;p=116730"},"modified":"2021-03-21T08:34:31","modified_gmt":"2021-03-21T07:34:31","slug":"feuilles-de-transfert-box-16","status":"publish","type":"product","link":"http:\/\/moby-hub.com\/fr\/Produkt\/feuilles-de-transfert-box-16\/","title":{"rendered":"Feuilles de transfert &#8211; Box 16"},"content":{"rendered":"<p><strong>Application:<\/strong><\/p>\n<p>Appliquez une fine couche d&#8217;adh\u00e9sif pour film de transfert \u00e0 l&#8217;emplacement souhait\u00e9, attendez que l&#8217;adh\u00e9sif soit transparent, mettez le film, appuyez dessus fermement et d\u00e9collez-le! Ou appliquez une fine couche de gel pour feuille de transfert, durcissez-la, mettez la feuille, appuyez dessus fermement et d\u00e9collez-la! R\u00e9p\u00e9tez si n\u00e9cessaire puis scellez!<\/p>\n<p>&#8211; 10 rouleaux dans une bo\u00eete &#8211; chaque rouleau a une longueur et une largeur de 100 cm x 4,5 cm<\/p>\n","protected":false},"excerpt":{"rendered":"<p>Application: Appliquez une fine couche d&#8217;adh\u00e9sif pour film de transfert \u00e0 l&#8217;emplacement souhait\u00e9, attendez que l&#8217;adh\u00e9sif soit transparent, mettez le film, appuyez dessus fermement et d\u00e9collez-le! Ou appliquez une fine couche de gel pour feuille de transfert, durcissez-la, mettez la feuille, appuyez dessus fermement et d\u00e9collez-la! R\u00e9p\u00e9tez si n\u00e9cessaire puis scellez! &#8211; 10 rouleaux dans [&hellip;]<\/p>\n","protected":false},"featured_media":117672,"template":"","meta":[],"product_brand":[],"product_cat":[2244],"product_tag":[],"class_list":{"0":"post-116730","1":"product","2":"type-product","3":"status-publish","4":"has-post-thumbnail","6":"product_cat-feuilles-de-transfert","8":"first","9":"instock","10":"shipping-taxable","11":"purchasable","12":"product-type-simple"},"_links":{"self":[{"href":"http:\/\/moby-hub.com\/fr\/wp-json\/wp\/v2\/product\/116730","targetHints":{"allow":["GET"]}}],"collection":[{"href":"http:\/\/moby-hub.com\/fr\/wp-json\/wp\/v2\/product"}],"about":[{"href":"http:\/\/moby-hub.com\/fr\/wp-json\/wp\/v2\/types\/product"}],"wp:featuredmedia":[{"embeddable":true,"href":"http:\/\/moby-hub.com\/fr\/wp-json\/wp\/v2\/media\/117672"}],"wp:attachment":[{"href":"http:\/\/moby-hub.com\/fr\/wp-json\/wp\/v2\/media?parent=116730"}],"wp:term":[{"taxonomy":"product_brand","embeddable":true,"href":"http:\/\/moby-hub.com\/fr\/wp-json\/wp\/v2\/product_brand?post=116730"},{"taxonomy":"product_cat","embeddable":true,"href":"http:\/\/moby-hub.com\/fr\/wp-json\/wp\/v2\/product_cat?post=116730"},{"taxonomy":"product_tag","embeddable":true,"href":"http:\/\/moby-hub.com\/fr\/wp-json\/wp\/v2\/product_tag?post=116730"}],"curies":[{"name":"wp","href":"https:\/\/api.w.org\/{rel}","templated":true}]}}