{"id":118855,"date":"2021-05-18T09:55:30","date_gmt":"2021-05-18T07:55:30","guid":{"rendered":"https:\/\/shop.brand-bozen.com\/?post_type=product&#038;p=118855"},"modified":"2021-05-18T09:58:14","modified_gmt":"2021-05-18T07:58:14","slug":"chrome-pigment-violet","status":"publish","type":"product","link":"http:\/\/moby-hub.com\/fr\/Produkt\/chrome-pigment-violet\/","title":{"rendered":"Chrome Pigment &#8211; Violet"},"content":{"rendered":"<p>Pigment ultra-fin en poudre scintillant pour un effet chrome ou des reflets m\u00e9talliques.<\/p>\n<p>Facile \u00e0 utiliser<br \/>\nTr\u00e8s bien<br \/>\nDes couleurs intenses<\/p>\n<p>Pour l&#8217;effet chrom\u00e9, massez avec une brosse puis scellez.<\/p>\n<p>Traitement:<\/p>\n<p>Appliquez un gel de couleur sur votre modelage et faites-le durcir comme d&#8217;habitude.<br \/>\nMaintenant, appliquez un scellant sans couche de sueur et s\u00e9chez-le \u00e9galement sous votre lampe.<br \/>\nEnsuite, le pigment de chrome est appliqu\u00e9 sur le modelage encore chaud avec l&#8217;applicateur fourni ou notre outil \u00e9ponge et poli.<br \/>\nEnfin, scellez \u00e0 nouveau votre modelage avec un scellant.<\/p>\n<p>1 x 3 g de pigment<br \/>\n2 x applicateur<\/p>\n","protected":false},"excerpt":{"rendered":"<p>Pigment ultra-fin en poudre scintillant pour un effet chrome ou des reflets m\u00e9talliques. Facile \u00e0 utiliser Tr\u00e8s bien Des couleurs intenses Pour l&#8217;effet chrom\u00e9, massez avec une brosse puis scellez. Traitement: Appliquez un gel de couleur sur votre modelage et faites-le durcir comme d&#8217;habitude. Maintenant, appliquez un scellant sans couche de sueur et s\u00e9chez-le \u00e9galement [&hellip;]<\/p>\n","protected":false},"featured_media":118752,"template":"","meta":[],"product_brand":[],"product_cat":[2319],"product_tag":[],"class_list":{"0":"post-118855","1":"product","2":"type-product","3":"status-publish","4":"has-post-thumbnail","6":"product_cat-pigments-de-chrome","8":"first","9":"instock","10":"shipping-taxable","11":"purchasable","12":"product-type-simple"},"_links":{"self":[{"href":"http:\/\/moby-hub.com\/fr\/wp-json\/wp\/v2\/product\/118855","targetHints":{"allow":["GET"]}}],"collection":[{"href":"http:\/\/moby-hub.com\/fr\/wp-json\/wp\/v2\/product"}],"about":[{"href":"http:\/\/moby-hub.com\/fr\/wp-json\/wp\/v2\/types\/product"}],"wp:featuredmedia":[{"embeddable":true,"href":"http:\/\/moby-hub.com\/fr\/wp-json\/wp\/v2\/media\/118752"}],"wp:attachment":[{"href":"http:\/\/moby-hub.com\/fr\/wp-json\/wp\/v2\/media?parent=118855"}],"wp:term":[{"taxonomy":"product_brand","embeddable":true,"href":"http:\/\/moby-hub.com\/fr\/wp-json\/wp\/v2\/product_brand?post=118855"},{"taxonomy":"product_cat","embeddable":true,"href":"http:\/\/moby-hub.com\/fr\/wp-json\/wp\/v2\/product_cat?post=118855"},{"taxonomy":"product_tag","embeddable":true,"href":"http:\/\/moby-hub.com\/fr\/wp-json\/wp\/v2\/product_tag?post=118855"}],"curies":[{"name":"wp","href":"https:\/\/api.w.org\/{rel}","templated":true}]}}