{"id":120260,"date":"2021-10-14T04:54:06","date_gmt":"2021-10-14T02:54:06","guid":{"rendered":"https:\/\/arabella-cosmetic.com\/?post_type=product&#038;p=120260"},"modified":"2021-10-14T05:05:43","modified_gmt":"2021-10-14T03:05:43","slug":"trolley-professionnel-modele-b","status":"publish","type":"product","link":"http:\/\/moby-hub.com\/fr\/Produkt\/trolley-professionnel-modele-b\/","title":{"rendered":"Trolley professionnel modele B"},"content":{"rendered":"<p>Description de l&#8217;article\u00a0:<\/p>\n<p>Dimensions totales : 34 x 24 x 55 cm (LxlxH), roulettes de s\u00e9curit\u00e9 rotatives \u00e0 360 degr\u00e9s, poign\u00e9e r\u00e9glable jusqu&#8217;\u00e0 100 cm de hauteur.<\/p>\n<p>Coin et cadre prot\u00e9g\u00e9s par du plastique et de l&#8217;aluminium, ce chariot offre une stabilit\u00e9 et une s\u00e9curit\u00e9 accrues, de sorte que ce chariot ne puisse pas \u00eatre endommag\u00e9 pendant l&#8217;utilisation \/ le d\u00e9placement \/ le transport.<\/p>\n<p>Design \u00e0 la mode : le chariot a un faible poids et 4 roues de haute qualit\u00e9, ce qui le rend facile \u00e0 transporter. Le style contemporain avec un motif de diamant en relief et une surface brillante font du chariot un accessoire \u00e0 la mode.<\/p>\n<p>Sp\u00e9cifications techniques:<\/p>\n<p>* Dimensions du produit : 34 x 24 x 55 cm<br \/>\n* Poign\u00e9e r\u00e9glable : 43-100cm<br \/>\n* Mat\u00e9riel: PVC\/aluminium<\/p>\n","protected":false},"excerpt":{"rendered":"<p>Description de l&#8217;article\u00a0: Dimensions totales : 34 x 24 x 55 cm (LxlxH), roulettes de s\u00e9curit\u00e9 rotatives \u00e0 360 degr\u00e9s, poign\u00e9e r\u00e9glable jusqu&#8217;\u00e0 100 cm de hauteur. Coin et cadre prot\u00e9g\u00e9s par du plastique et de l&#8217;aluminium, ce chariot offre une stabilit\u00e9 et une s\u00e9curit\u00e9 accrues, de sorte que ce chariot ne puisse pas \u00eatre [&hellip;]<\/p>\n","protected":false},"featured_media":120264,"template":"","meta":[],"product_brand":[],"product_cat":[1448],"product_tag":[],"class_list":{"0":"post-120260","1":"product","2":"type-product","3":"status-publish","4":"has-post-thumbnail","6":"product_cat-mobile-valises-trolleys","8":"first","9":"instock","10":"shipping-taxable","11":"purchasable","12":"product-type-variable"},"_links":{"self":[{"href":"http:\/\/moby-hub.com\/fr\/wp-json\/wp\/v2\/product\/120260","targetHints":{"allow":["GET"]}}],"collection":[{"href":"http:\/\/moby-hub.com\/fr\/wp-json\/wp\/v2\/product"}],"about":[{"href":"http:\/\/moby-hub.com\/fr\/wp-json\/wp\/v2\/types\/product"}],"wp:featuredmedia":[{"embeddable":true,"href":"http:\/\/moby-hub.com\/fr\/wp-json\/wp\/v2\/media\/120264"}],"wp:attachment":[{"href":"http:\/\/moby-hub.com\/fr\/wp-json\/wp\/v2\/media?parent=120260"}],"wp:term":[{"taxonomy":"product_brand","embeddable":true,"href":"http:\/\/moby-hub.com\/fr\/wp-json\/wp\/v2\/product_brand?post=120260"},{"taxonomy":"product_cat","embeddable":true,"href":"http:\/\/moby-hub.com\/fr\/wp-json\/wp\/v2\/product_cat?post=120260"},{"taxonomy":"product_tag","embeddable":true,"href":"http:\/\/moby-hub.com\/fr\/wp-json\/wp\/v2\/product_tag?post=120260"}],"curies":[{"name":"wp","href":"https:\/\/api.w.org\/{rel}","templated":true}]}}