{"id":120733,"date":"2021-10-19T12:04:21","date_gmt":"2021-10-19T10:04:22","guid":{"rendered":"https:\/\/arabella-cosmetic.com\/?post_type=product&#038;p=120733"},"modified":"2021-10-19T12:14:32","modified_gmt":"2021-10-19T10:14:32","slug":"boite-de-rangement-transparente","status":"publish","type":"product","link":"http:\/\/moby-hub.com\/fr\/Produkt\/boite-de-rangement-transparente\/","title":{"rendered":"Bo\u00eete de rangement transparente"},"content":{"rendered":"<p>La bo\u00eete de rangement nail art avec 30 unit\u00e9s (bo\u00eetes rectangulaires) en plastique avec un couvercle et empilable.<\/p>\n<p>Caract\u00e9ristiques:<br \/>\nMat\u00e9riel:<br \/>\nBPA de haute qualit\u00e9<br \/>\nTaille de la bo\u00eete de rangement\u00a0:<br \/>\n21,3 x 17,5 x 2,8 cm<br \/>\nTaille d&#8217;une bo\u00eete rectangulaire :<br \/>\n3,3 x 3 x 2 cm<\/p>\n<p>L&#8217;image correspond \u00e0 l&#8217;original !!!<\/p>\n","protected":false},"excerpt":{"rendered":"<p>La bo\u00eete de rangement nail art avec 30 unit\u00e9s (bo\u00eetes rectangulaires) en plastique avec un couvercle et empilable. Caract\u00e9ristiques: Mat\u00e9riel: BPA de haute qualit\u00e9 Taille de la bo\u00eete de rangement\u00a0: 21,3 x 17,5 x 2,8 cm Taille d&#8217;une bo\u00eete rectangulaire : 3,3 x 3 x 2 cm L&#8217;image correspond \u00e0 l&#8217;original !!!<\/p>\n","protected":false},"featured_media":120741,"template":"","meta":[],"product_brand":[],"product_cat":[1452],"product_tag":[],"class_list":{"0":"post-120733","1":"product","2":"type-product","3":"status-publish","4":"has-post-thumbnail","6":"product_cat-presentation-fr","8":"first","9":"instock","10":"shipping-taxable","11":"purchasable","12":"product-type-simple"},"_links":{"self":[{"href":"http:\/\/moby-hub.com\/fr\/wp-json\/wp\/v2\/product\/120733","targetHints":{"allow":["GET"]}}],"collection":[{"href":"http:\/\/moby-hub.com\/fr\/wp-json\/wp\/v2\/product"}],"about":[{"href":"http:\/\/moby-hub.com\/fr\/wp-json\/wp\/v2\/types\/product"}],"wp:featuredmedia":[{"embeddable":true,"href":"http:\/\/moby-hub.com\/fr\/wp-json\/wp\/v2\/media\/120741"}],"wp:attachment":[{"href":"http:\/\/moby-hub.com\/fr\/wp-json\/wp\/v2\/media?parent=120733"}],"wp:term":[{"taxonomy":"product_brand","embeddable":true,"href":"http:\/\/moby-hub.com\/fr\/wp-json\/wp\/v2\/product_brand?post=120733"},{"taxonomy":"product_cat","embeddable":true,"href":"http:\/\/moby-hub.com\/fr\/wp-json\/wp\/v2\/product_cat?post=120733"},{"taxonomy":"product_tag","embeddable":true,"href":"http:\/\/moby-hub.com\/fr\/wp-json\/wp\/v2\/product_tag?post=120733"}],"curies":[{"name":"wp","href":"https:\/\/api.w.org\/{rel}","templated":true}]}}