{"id":122178,"date":"2021-10-26T10:25:08","date_gmt":"2021-10-26T08:25:08","guid":{"rendered":"https:\/\/arabella-cosmetic.com\/?post_type=product&#038;p=122178"},"modified":"2023-03-12T08:26:17","modified_gmt":"2023-03-12T07:26:17","slug":"mirabelles-huile-dongle","status":"publish","type":"product","link":"http:\/\/moby-hub.com\/fr\/Produkt\/mirabelles-huile-dongle\/","title":{"rendered":"Mirabelles &#8211; huile d&#8217;ongle"},"content":{"rendered":"<p>L&#8217;huile de cuticule est extr\u00eamement importante pour les ongles. Il peut aider \u00e0 la long\u00e9vit\u00e9 d&#8217;une manucure, favoriser la croissance des ongles et construire des ongles forts et flexibles. L&#8217;huile de cuticule est absorb\u00e9e dans la matrice de l&#8217;ongle et la peau environnante; Lorsqu&#8217;il p\u00e9n\u00e8tre dans ces zones, tous les nutriments sont dispers\u00e9s et l&#8217;humidit\u00e9 est pi\u00e9g\u00e9e dans la plaque \u00e0 ongles. Dans le m\u00eame temps, les ongles et les cuticules re\u00e7oivent des nutriments et emp\u00eachent le dess\u00e8chement et le d\u00e9doublement.<\/p>\n<p>Description de l&#8217;article<\/p>\n<p>M\u00e9lange complexe d&#8217;huiles et de vitamines pour revitaliser la cuticule<\/p>\n<p>Soigne, rafra\u00eechit et hydrate<\/p>\n<p>Rafra\u00eechissant et apaisant<\/p>\n","protected":false},"excerpt":{"rendered":"<p>L&#8217;huile de cuticule est extr\u00eamement importante pour les ongles. Il peut aider \u00e0 la long\u00e9vit\u00e9 d&#8217;une manucure, favoriser la croissance des ongles et construire des ongles forts et flexibles. L&#8217;huile de cuticule est absorb\u00e9e dans la matrice de l&#8217;ongle et la peau environnante; Lorsqu&#8217;il p\u00e9n\u00e8tre dans ces zones, tous les nutriments sont dispers\u00e9s et l&#8217;humidit\u00e9 [&hellip;]<\/p>\n","protected":false},"featured_media":129442,"template":"","meta":[],"product_brand":[],"product_cat":[2590],"product_tag":[],"class_list":{"0":"post-122178","1":"product","2":"type-product","3":"status-publish","4":"has-post-thumbnail","6":"product_cat-huiles-a-ongles","8":"first","9":"instock","10":"shipping-taxable","11":"purchasable","12":"product-type-variable"},"_links":{"self":[{"href":"http:\/\/moby-hub.com\/fr\/wp-json\/wp\/v2\/product\/122178","targetHints":{"allow":["GET"]}}],"collection":[{"href":"http:\/\/moby-hub.com\/fr\/wp-json\/wp\/v2\/product"}],"about":[{"href":"http:\/\/moby-hub.com\/fr\/wp-json\/wp\/v2\/types\/product"}],"wp:featuredmedia":[{"embeddable":true,"href":"http:\/\/moby-hub.com\/fr\/wp-json\/wp\/v2\/media\/129442"}],"wp:attachment":[{"href":"http:\/\/moby-hub.com\/fr\/wp-json\/wp\/v2\/media?parent=122178"}],"wp:term":[{"taxonomy":"product_brand","embeddable":true,"href":"http:\/\/moby-hub.com\/fr\/wp-json\/wp\/v2\/product_brand?post=122178"},{"taxonomy":"product_cat","embeddable":true,"href":"http:\/\/moby-hub.com\/fr\/wp-json\/wp\/v2\/product_cat?post=122178"},{"taxonomy":"product_tag","embeddable":true,"href":"http:\/\/moby-hub.com\/fr\/wp-json\/wp\/v2\/product_tag?post=122178"}],"curies":[{"name":"wp","href":"https:\/\/api.w.org\/{rel}","templated":true}]}}