{"id":130732,"date":"2023-03-18T17:46:31","date_gmt":"2023-03-18T16:46:31","guid":{"rendered":"https:\/\/moby-hub.com\/?post_type=product&#038;p=130732"},"modified":"2023-03-18T17:49:59","modified_gmt":"2023-03-18T16:49:59","slug":"ceramique-bit-grand-cone-moyen","status":"publish","type":"product","link":"http:\/\/moby-hub.com\/fr\/Produkt\/ceramique-bit-grand-cone-moyen\/","title":{"rendered":"C\u00e9ramique Bit &#8211; Grand c\u00f4ne &#8211; moyen"},"content":{"rendered":"<p>&nbsp;<\/p>\n<p>En raison de sa r\u00e9sistance \u00e0 l&#8217;usure extr\u00eamement \u00e9lev\u00e9e, le foret est particuli\u00e8rement durable et r\u00e9sistant. Les embouts sont en c\u00e9ramique haute performance et ne g\u00e9n\u00e8rent pratiquement pas de chaleur. Ils sont faciles \u00e0 d\u00e9sinfecter<\/p>\n<ol>\n<li>r\u00e9sistance \u00e0 l&#8217;usure la plus \u00e9lev\u00e9e<\/li>\n<li>taux d&#8217;\u00e9limination tr\u00e8s \u00e9lev\u00e9<\/li>\n<li>absolument insensible \u00e0 la d\u00e9sinfection chimique<\/li>\n<li>Grossi\u00e8ret\u00e9 : moyen<\/li>\n<li>C\u00e9ramique haute performance \/ zirconium<\/li>\n<li>tr\u00e8s bonnes propri\u00e9t\u00e9s de coupe<\/li>\n<li>pas de d\u00e9veloppement de chaleur<\/li>\n<\/ol>\n","protected":false},"excerpt":{"rendered":"<p>&nbsp; En raison de sa r\u00e9sistance \u00e0 l&#8217;usure extr\u00eamement \u00e9lev\u00e9e, le foret est particuli\u00e8rement durable et r\u00e9sistant. Les embouts sont en c\u00e9ramique haute performance et ne g\u00e9n\u00e8rent pratiquement pas de chaleur. Ils sont faciles \u00e0 d\u00e9sinfecter r\u00e9sistance \u00e0 l&#8217;usure la plus \u00e9lev\u00e9e taux d&#8217;\u00e9limination tr\u00e8s \u00e9lev\u00e9 absolument insensible \u00e0 la d\u00e9sinfection chimique Grossi\u00e8ret\u00e9 : moyen [&hellip;]<\/p>\n","protected":false},"featured_media":130621,"template":"","meta":[],"product_brand":[],"product_cat":[5204],"product_tag":[],"class_list":{"0":"post-130732","1":"product","2":"type-product","3":"status-publish","4":"has-post-thumbnail","6":"product_cat-ceramique-bit","8":"first","9":"instock","10":"shipping-taxable","11":"purchasable","12":"product-type-simple"},"_links":{"self":[{"href":"http:\/\/moby-hub.com\/fr\/wp-json\/wp\/v2\/product\/130732","targetHints":{"allow":["GET"]}}],"collection":[{"href":"http:\/\/moby-hub.com\/fr\/wp-json\/wp\/v2\/product"}],"about":[{"href":"http:\/\/moby-hub.com\/fr\/wp-json\/wp\/v2\/types\/product"}],"wp:featuredmedia":[{"embeddable":true,"href":"http:\/\/moby-hub.com\/fr\/wp-json\/wp\/v2\/media\/130621"}],"wp:attachment":[{"href":"http:\/\/moby-hub.com\/fr\/wp-json\/wp\/v2\/media?parent=130732"}],"wp:term":[{"taxonomy":"product_brand","embeddable":true,"href":"http:\/\/moby-hub.com\/fr\/wp-json\/wp\/v2\/product_brand?post=130732"},{"taxonomy":"product_cat","embeddable":true,"href":"http:\/\/moby-hub.com\/fr\/wp-json\/wp\/v2\/product_cat?post=130732"},{"taxonomy":"product_tag","embeddable":true,"href":"http:\/\/moby-hub.com\/fr\/wp-json\/wp\/v2\/product_tag?post=130732"}],"curies":[{"name":"wp","href":"https:\/\/api.w.org\/{rel}","templated":true}]}}