{"id":130753,"date":"2023-03-18T18:28:01","date_gmt":"2023-03-18T17:28:01","guid":{"rendered":"https:\/\/moby-hub.com\/?post_type=product&#038;p=130753"},"modified":"2023-03-18T18:33:51","modified_gmt":"2023-03-18T17:33:51","slug":"ceramique-bit-cuticules","status":"publish","type":"product","link":"http:\/\/moby-hub.com\/fr\/Produkt\/ceramique-bit-cuticules\/","title":{"rendered":"C\u00e9ramique Bit &#8211; cuticules"},"content":{"rendered":"<p>&nbsp;<\/p>\n<p>En raison de sa r\u00e9sistance \u00e0 l&#8217;usure extr\u00eamement \u00e9lev\u00e9e, le foret est particuli\u00e8rement durable et r\u00e9sistant. Les embouts sont en c\u00e9ramique haute performance et ne g\u00e9n\u00e8rent pratiquement pas de chaleur. Ils sont faciles \u00e0 d\u00e9sinfecter<\/p>\n<p>r\u00e9sistance \u00e0 l&#8217;usure maximale gr\u00e2ce \u00e0 la c\u00e9ramique haute performance<br \/>\nparfaite dissipation de la chaleur<br \/>\nfinitions sans score<br \/>\nnon couch\u00e9<br \/>\nabsolument insensible \u00e0 la d\u00e9sinfection chimique<br \/>\n\u00e9galement id\u00e9al pour les soins m\u00e9dicaux des pieds<br \/>\nDiam\u00e8tre : environ 1,60 mm<br \/>\nLongueur totale : environ 45 mm<br \/>\nDiam\u00e8tre de la tige : environ 2,35 mm<br \/>\nPlage de vitesse : jusqu&#8217;\u00e0 40 000 tr\/min<br \/>\nGrossi\u00e8ret\u00e9\u00a0: moyenne<br \/>\npas de d\u00e9veloppement de chaleur<br \/>\nMehr zu diesem AusgangstextF\u00fcr weitere \u00dcbersetzungsinformationen ist ein Ausgangstext erforderlich<br \/>\nFeedback geben<br \/>\nSeitenleisten<br \/>\nVerlauf<br \/>\nGespeichert<br \/>\nEtwas beitragen<\/p>\n","protected":false},"excerpt":{"rendered":"<p>&nbsp; En raison de sa r\u00e9sistance \u00e0 l&#8217;usure extr\u00eamement \u00e9lev\u00e9e, le foret est particuli\u00e8rement durable et r\u00e9sistant. Les embouts sont en c\u00e9ramique haute performance et ne g\u00e9n\u00e8rent pratiquement pas de chaleur. Ils sont faciles \u00e0 d\u00e9sinfecter r\u00e9sistance \u00e0 l&#8217;usure maximale gr\u00e2ce \u00e0 la c\u00e9ramique haute performance parfaite dissipation de la chaleur finitions sans score non [&hellip;]<\/p>\n","protected":false},"featured_media":130661,"template":"","meta":[],"product_brand":[],"product_cat":[5204],"product_tag":[],"class_list":{"0":"post-130753","1":"product","2":"type-product","3":"status-publish","4":"has-post-thumbnail","6":"product_cat-ceramique-bit","8":"first","9":"instock","10":"shipping-taxable","11":"purchasable","12":"product-type-simple"},"_links":{"self":[{"href":"http:\/\/moby-hub.com\/fr\/wp-json\/wp\/v2\/product\/130753","targetHints":{"allow":["GET"]}}],"collection":[{"href":"http:\/\/moby-hub.com\/fr\/wp-json\/wp\/v2\/product"}],"about":[{"href":"http:\/\/moby-hub.com\/fr\/wp-json\/wp\/v2\/types\/product"}],"wp:featuredmedia":[{"embeddable":true,"href":"http:\/\/moby-hub.com\/fr\/wp-json\/wp\/v2\/media\/130661"}],"wp:attachment":[{"href":"http:\/\/moby-hub.com\/fr\/wp-json\/wp\/v2\/media?parent=130753"}],"wp:term":[{"taxonomy":"product_brand","embeddable":true,"href":"http:\/\/moby-hub.com\/fr\/wp-json\/wp\/v2\/product_brand?post=130753"},{"taxonomy":"product_cat","embeddable":true,"href":"http:\/\/moby-hub.com\/fr\/wp-json\/wp\/v2\/product_cat?post=130753"},{"taxonomy":"product_tag","embeddable":true,"href":"http:\/\/moby-hub.com\/fr\/wp-json\/wp\/v2\/product_tag?post=130753"}],"curies":[{"name":"wp","href":"https:\/\/api.w.org\/{rel}","templated":true}]}}