{"id":130914,"date":"2023-03-25T09:47:26","date_gmt":"2023-03-25T08:47:26","guid":{"rendered":"https:\/\/moby-hub.com\/Produkt\/pediluve-pliable\/"},"modified":"2023-03-25T09:47:26","modified_gmt":"2023-03-25T08:47:26","slug":"pediluve-pliable","status":"publish","type":"product","link":"http:\/\/moby-hub.com\/fr\/Produkt\/pediluve-pliable\/","title":{"rendered":"P\u00e9diluve pliable"},"content":{"rendered":"<p>P\u00e9diluve pliable pour une utilisation mobile, stable et \u00e9tanche.<\/p>\n<p>Vous pouvez tapisser le bac \u00e0 pieds pliable avec du papier d&#8217;aluminium jetable, ce qui signifie que le nettoyage n&#8217;est plus n\u00e9cessaire et qu&#8217;il est plus hygi\u00e9nique.<\/p>\n<p><strong>Dimensions<\/strong><br \/>\n35 cm x 35 cm x 18 cm<\/p>\n<p><strong>Lester<\/strong><br \/>\n300 grammes<\/p>\n<p><strong>Couleur<\/strong><br \/>\nnoir<\/p>\n","protected":false},"excerpt":{"rendered":"<p>P\u00e9diluve pliable pour une utilisation mobile, stable et \u00e9tanche. Vous pouvez tapisser le bac \u00e0 pieds pliable avec du papier d&#8217;aluminium jetable, ce qui signifie que le nettoyage n&#8217;est plus n\u00e9cessaire et qu&#8217;il est plus hygi\u00e9nique. Dimensions 35 cm x 35 cm x 18 cm Lester 300 grammes Couleur noir<\/p>\n","protected":false},"featured_media":130903,"template":"","meta":[],"product_brand":[],"product_cat":[5224],"product_tag":[],"class_list":{"0":"post-130914","1":"product","2":"type-product","3":"status-publish","4":"has-post-thumbnail","6":"product_cat-mobile-stationnaire","8":"first","9":"instock","10":"shipping-taxable","11":"purchasable","12":"product-type-simple"},"_links":{"self":[{"href":"http:\/\/moby-hub.com\/fr\/wp-json\/wp\/v2\/product\/130914","targetHints":{"allow":["GET"]}}],"collection":[{"href":"http:\/\/moby-hub.com\/fr\/wp-json\/wp\/v2\/product"}],"about":[{"href":"http:\/\/moby-hub.com\/fr\/wp-json\/wp\/v2\/types\/product"}],"wp:featuredmedia":[{"embeddable":true,"href":"http:\/\/moby-hub.com\/fr\/wp-json\/wp\/v2\/media\/130903"}],"wp:attachment":[{"href":"http:\/\/moby-hub.com\/fr\/wp-json\/wp\/v2\/media?parent=130914"}],"wp:term":[{"taxonomy":"product_brand","embeddable":true,"href":"http:\/\/moby-hub.com\/fr\/wp-json\/wp\/v2\/product_brand?post=130914"},{"taxonomy":"product_cat","embeddable":true,"href":"http:\/\/moby-hub.com\/fr\/wp-json\/wp\/v2\/product_cat?post=130914"},{"taxonomy":"product_tag","embeddable":true,"href":"http:\/\/moby-hub.com\/fr\/wp-json\/wp\/v2\/product_tag?post=130914"}],"curies":[{"name":"wp","href":"https:\/\/api.w.org\/{rel}","templated":true}]}}