{"id":130923,"date":"2023-03-25T09:58:52","date_gmt":"2023-03-25T08:58:52","guid":{"rendered":"https:\/\/moby-hub.com\/Produkt\/chaise-pliante\/"},"modified":"2023-03-25T09:58:52","modified_gmt":"2023-03-25T08:58:52","slug":"chaise-pliante","status":"publish","type":"product","link":"http:\/\/moby-hub.com\/fr\/Produkt\/chaise-pliante\/","title":{"rendered":"Chaise pliante"},"content":{"rendered":"<p>Une chaise pliante en aluminium de haute qualit\u00e9 avec un si\u00e8ge en maille de nylon durable<\/p>\n<ul>\n<li>La capacit\u00e9 de charge est de 125 kg<\/li>\n<li>Tr\u00e8s peu encombrant et peut \u00eatre pli\u00e9 sans aucun souci<\/li>\n<li>Les joints sont de haute qualit\u00e9<\/li>\n<li>Bonne connexion de si\u00e8ge<\/li>\n<li>Le support est parfait gr\u00e2ce aux pieds en caoutchouc<\/li>\n<\/ul>\n<p><strong>Dimensions<\/strong><br \/>\n38 cm x 9 cm x 9 cm<\/p>\n<p><strong>Lester<\/strong><br \/>\n825g<\/p>\n<p><strong>Couleur<\/strong><br \/>\nnoir<\/p>\n","protected":false},"excerpt":{"rendered":"<p>Une chaise pliante en aluminium de haute qualit\u00e9 avec un si\u00e8ge en maille de nylon durable La capacit\u00e9 de charge est de 125 kg Tr\u00e8s peu encombrant et peut \u00eatre pli\u00e9 sans aucun souci Les joints sont de haute qualit\u00e9 Bonne connexion de si\u00e8ge Le support est parfait gr\u00e2ce aux pieds en caoutchouc Dimensions 38 [&hellip;]<\/p>\n","protected":false},"featured_media":130919,"template":"","meta":[],"product_brand":[],"product_cat":[5224],"product_tag":[],"class_list":{"0":"post-130923","1":"product","2":"type-product","3":"status-publish","4":"has-post-thumbnail","6":"product_cat-mobile-stationnaire","8":"first","9":"instock","10":"shipping-taxable","11":"purchasable","12":"product-type-simple"},"_links":{"self":[{"href":"http:\/\/moby-hub.com\/fr\/wp-json\/wp\/v2\/product\/130923","targetHints":{"allow":["GET"]}}],"collection":[{"href":"http:\/\/moby-hub.com\/fr\/wp-json\/wp\/v2\/product"}],"about":[{"href":"http:\/\/moby-hub.com\/fr\/wp-json\/wp\/v2\/types\/product"}],"wp:featuredmedia":[{"embeddable":true,"href":"http:\/\/moby-hub.com\/fr\/wp-json\/wp\/v2\/media\/130919"}],"wp:attachment":[{"href":"http:\/\/moby-hub.com\/fr\/wp-json\/wp\/v2\/media?parent=130923"}],"wp:term":[{"taxonomy":"product_brand","embeddable":true,"href":"http:\/\/moby-hub.com\/fr\/wp-json\/wp\/v2\/product_brand?post=130923"},{"taxonomy":"product_cat","embeddable":true,"href":"http:\/\/moby-hub.com\/fr\/wp-json\/wp\/v2\/product_cat?post=130923"},{"taxonomy":"product_tag","embeddable":true,"href":"http:\/\/moby-hub.com\/fr\/wp-json\/wp\/v2\/product_tag?post=130923"}],"curies":[{"name":"wp","href":"https:\/\/api.w.org\/{rel}","templated":true}]}}