{"id":131369,"date":"2023-04-17T07:06:58","date_gmt":"2023-04-17T05:06:58","guid":{"rendered":"https:\/\/moby-hub.com\/Produkt\/repose-main\/"},"modified":"2023-04-29T12:07:14","modified_gmt":"2023-04-29T10:07:14","slug":"repose-main","status":"publish","type":"product","link":"http:\/\/moby-hub.com\/fr\/Produkt\/repose-main\/","title":{"rendered":"Repose main"},"content":{"rendered":"<p>Forme ergonomique et sp\u00e9cialement adapt\u00e9e pour 2 appareils de photopolym\u00e9risation Accoudoir en verre acrylique satin\u00e9 de 1,0 cm avec coussin rembourr\u00e9 doux en cuir synth\u00e9tique r\u00e9sistant \u00e0 la d\u00e9chirure et doux pour la peau.<\/p>\n<ul>\n<li>Accoudoir en verre acrylique satin\u00e9 de 1,0 cm<\/li>\n<li>Forme ergonomique et pour 2 appareils de photopolym\u00e9risation<\/li>\n<li>Supports d&#8217;espacement chrom\u00e9s en 3 pi\u00e8ces (pieds)<\/li>\n<li>Robuste &amp; r\u00e9sistant<\/li>\n<li>Avec coussin rembourr\u00e9 doux<\/li>\n<li>Cuir artificiel r\u00e9sistant \u00e0 la d\u00e9chirure et doux pour la peau<\/li>\n<\/ul>\n<p><strong>Dimensions<\/strong><\/p>\n<p>Longueur : 8,2 cm<br \/>\nLargeur : 15,0 cm<br \/>\nHauteur : 12,5 cm<\/p>\n<p><strong>Couleurs<\/strong><\/p>\n<p>Choisissez votre couleur d\u00e9sir\u00e9e parmi 14 nuances<br \/>\n(Veuillez sp\u00e9cifier la nuance sous les notes pour commander)<\/p>\n<p><strong>Etendue de la livraison<\/strong><\/p>\n<p>Accoudoir<br \/>\nPieds<br \/>\nVis de montage<\/p>\n","protected":false},"excerpt":{"rendered":"<p>Forme ergonomique et sp\u00e9cialement adapt\u00e9e pour 2 appareils de photopolym\u00e9risation Accoudoir en verre acrylique satin\u00e9 de 1,0 cm avec coussin rembourr\u00e9 doux en cuir synth\u00e9tique r\u00e9sistant \u00e0 la d\u00e9chirure et doux pour la peau. Accoudoir en verre acrylique satin\u00e9 de 1,0 cm Forme ergonomique et pour 2 appareils de photopolym\u00e9risation Supports d&#8217;espacement chrom\u00e9s en 3 [&hellip;]<\/p>\n","protected":false},"featured_media":132709,"template":"","meta":[],"product_brand":[],"product_cat":[5237],"product_tag":[],"class_list":{"0":"post-131369","1":"product","2":"type-product","3":"status-publish","4":"has-post-thumbnail","6":"product_cat-repose-main","8":"first","9":"instock","10":"shipping-taxable","11":"purchasable","12":"product-type-simple"},"_links":{"self":[{"href":"http:\/\/moby-hub.com\/fr\/wp-json\/wp\/v2\/product\/131369","targetHints":{"allow":["GET"]}}],"collection":[{"href":"http:\/\/moby-hub.com\/fr\/wp-json\/wp\/v2\/product"}],"about":[{"href":"http:\/\/moby-hub.com\/fr\/wp-json\/wp\/v2\/types\/product"}],"wp:featuredmedia":[{"embeddable":true,"href":"http:\/\/moby-hub.com\/fr\/wp-json\/wp\/v2\/media\/132709"}],"wp:attachment":[{"href":"http:\/\/moby-hub.com\/fr\/wp-json\/wp\/v2\/media?parent=131369"}],"wp:term":[{"taxonomy":"product_brand","embeddable":true,"href":"http:\/\/moby-hub.com\/fr\/wp-json\/wp\/v2\/product_brand?post=131369"},{"taxonomy":"product_cat","embeddable":true,"href":"http:\/\/moby-hub.com\/fr\/wp-json\/wp\/v2\/product_cat?post=131369"},{"taxonomy":"product_tag","embeddable":true,"href":"http:\/\/moby-hub.com\/fr\/wp-json\/wp\/v2\/product_tag?post=131369"}],"curies":[{"name":"wp","href":"https:\/\/api.w.org\/{rel}","templated":true}]}}