{"id":131569,"date":"2023-04-18T09:58:33","date_gmt":"2023-04-18T07:58:33","guid":{"rendered":"https:\/\/moby-hub.com\/Produkt\/nettoyant-pour-pinceaux-50-ml\/"},"modified":"2023-04-18T09:58:33","modified_gmt":"2023-04-18T07:58:33","slug":"nettoyant-pour-pinceaux-50-ml","status":"publish","type":"product","link":"http:\/\/moby-hub.com\/fr\/Produkt\/nettoyant-pour-pinceaux-50-ml\/","title":{"rendered":"Nettoyant pour pinceaux 50 ml"},"content":{"rendered":"<p>Garder vos pinceaux propres maintient la flexibilit\u00e9 et les poils de brosse r\u00e9sistants, ce qui prolonge la dur\u00e9e de vie de la brosse.<\/p>\n<p>Ce nettoyant doux \u00e9limine tous les r\u00e9sidus de produit des pinceaux synth\u00e9tiques et en martre sans endommager ni ass\u00e9cher les fibres.<\/p>\n","protected":false},"excerpt":{"rendered":"<p>Garder vos pinceaux propres maintient la flexibilit\u00e9 et les poils de brosse r\u00e9sistants, ce qui prolonge la dur\u00e9e de vie de la brosse. Ce nettoyant doux \u00e9limine tous les r\u00e9sidus de produit des pinceaux synth\u00e9tiques et en martre sans endommager ni ass\u00e9cher les fibres.<\/p>\n","protected":false},"featured_media":131566,"template":"","meta":[],"product_brand":[],"product_cat":[5249],"product_tag":[],"class_list":{"0":"post-131569","1":"product","2":"type-product","3":"status-publish","4":"has-post-thumbnail","6":"product_cat-accessoires-de-pinceaux","8":"first","9":"instock","10":"shipping-taxable","11":"purchasable","12":"product-type-simple"},"_links":{"self":[{"href":"http:\/\/moby-hub.com\/fr\/wp-json\/wp\/v2\/product\/131569","targetHints":{"allow":["GET"]}}],"collection":[{"href":"http:\/\/moby-hub.com\/fr\/wp-json\/wp\/v2\/product"}],"about":[{"href":"http:\/\/moby-hub.com\/fr\/wp-json\/wp\/v2\/types\/product"}],"wp:featuredmedia":[{"embeddable":true,"href":"http:\/\/moby-hub.com\/fr\/wp-json\/wp\/v2\/media\/131566"}],"wp:attachment":[{"href":"http:\/\/moby-hub.com\/fr\/wp-json\/wp\/v2\/media?parent=131569"}],"wp:term":[{"taxonomy":"product_brand","embeddable":true,"href":"http:\/\/moby-hub.com\/fr\/wp-json\/wp\/v2\/product_brand?post=131569"},{"taxonomy":"product_cat","embeddable":true,"href":"http:\/\/moby-hub.com\/fr\/wp-json\/wp\/v2\/product_cat?post=131569"},{"taxonomy":"product_tag","embeddable":true,"href":"http:\/\/moby-hub.com\/fr\/wp-json\/wp\/v2\/product_tag?post=131569"}],"curies":[{"name":"wp","href":"https:\/\/api.w.org\/{rel}","templated":true}]}}