{"id":131956,"date":"2023-04-20T12:48:26","date_gmt":"2023-04-20T10:48:26","guid":{"rendered":"https:\/\/moby-hub.com\/?post_type=product&#038;p=131956"},"modified":"2023-04-20T13:21:37","modified_gmt":"2023-04-20T11:21:37","slug":"liquide-de-pulverisation-medisept-neutre","status":"publish","type":"product","link":"http:\/\/moby-hub.com\/fr\/Produkt\/liquide-de-pulverisation-medisept-neutre\/","title":{"rendered":"Liquide de pulv\u00e9risation Medisept &#8211; neutre"},"content":{"rendered":"<p>Le liquide de pulv\u00e9risation Medisept convient aux fraises  avec technologie de pulv\u00e9risation. Peut \u00e9galement \u00eatre utilis\u00e9 avec d&#8217;autres appareils \u00e0 technologie de pulv\u00e9risation.<\/p>\n<p>Le liquide stocke toute la poussi\u00e8re de la peau et des ongles qui se d\u00e9gage pendant le traitement. Le liquide qui refroidit la peau et la surface de l&#8217;ongle en m\u00eame temps.<\/p>\n<ul>\n<li>Bidon de 5 litres<\/li>\n<li>Neutre<\/li>\n<\/ul>\n","protected":false},"excerpt":{"rendered":"<p>Le liquide de pulv\u00e9risation Medisept convient aux fraises avec technologie de pulv\u00e9risation. Peut \u00e9galement \u00eatre utilis\u00e9 avec d&#8217;autres appareils \u00e0 technologie de pulv\u00e9risation. Le liquide stocke toute la poussi\u00e8re de la peau et des ongles qui se d\u00e9gage pendant le traitement. Le liquide qui refroidit la peau et la surface de l&#8217;ongle en m\u00eame temps. [&hellip;]<\/p>\n","protected":false},"featured_media":131960,"template":"","meta":[],"product_brand":[],"product_cat":[5265,894],"product_tag":[],"class_list":{"0":"post-131956","1":"product","2":"type-product","3":"status-publish","4":"has-post-thumbnail","6":"product_cat-accessoires-pour-limes-a-ongles-electriques","7":"product_cat-desinfection","9":"first","10":"instock","11":"shipping-taxable","12":"purchasable","13":"product-type-simple"},"_links":{"self":[{"href":"http:\/\/moby-hub.com\/fr\/wp-json\/wp\/v2\/product\/131956","targetHints":{"allow":["GET"]}}],"collection":[{"href":"http:\/\/moby-hub.com\/fr\/wp-json\/wp\/v2\/product"}],"about":[{"href":"http:\/\/moby-hub.com\/fr\/wp-json\/wp\/v2\/types\/product"}],"wp:featuredmedia":[{"embeddable":true,"href":"http:\/\/moby-hub.com\/fr\/wp-json\/wp\/v2\/media\/131960"}],"wp:attachment":[{"href":"http:\/\/moby-hub.com\/fr\/wp-json\/wp\/v2\/media?parent=131956"}],"wp:term":[{"taxonomy":"product_brand","embeddable":true,"href":"http:\/\/moby-hub.com\/fr\/wp-json\/wp\/v2\/product_brand?post=131956"},{"taxonomy":"product_cat","embeddable":true,"href":"http:\/\/moby-hub.com\/fr\/wp-json\/wp\/v2\/product_cat?post=131956"},{"taxonomy":"product_tag","embeddable":true,"href":"http:\/\/moby-hub.com\/fr\/wp-json\/wp\/v2\/product_tag?post=131956"}],"curies":[{"name":"wp","href":"https:\/\/api.w.org\/{rel}","templated":true}]}}