{"id":132019,"date":"2023-04-21T10:10:55","date_gmt":"2023-04-21T08:10:55","guid":{"rendered":"https:\/\/moby-hub.com\/?post_type=product&#038;p=132019"},"modified":"2023-04-21T10:23:26","modified_gmt":"2023-04-21T08:23:26","slug":"filtre-a-poussiere-fine","status":"publish","type":"product","link":"http:\/\/moby-hub.com\/fr\/Produkt\/filtre-a-poussiere-fine\/","title":{"rendered":"Filtre \u00e0 poussi\u00e8re fine"},"content":{"rendered":"<p>Pour fraise  27 000<\/p>\n<p>Article : 1918009<\/p>\n<p>Ce filtre fin prot\u00e8ge des poussi\u00e8res fines<br \/>\nDimensions : 12 x 12 cm<\/p>\n<p>5 pi\u00e8ces dans un sac en plastique<\/p>\n","protected":false},"excerpt":{"rendered":"<p>Pour fraise 27 000 Article : 1918009 Ce filtre fin prot\u00e8ge des poussi\u00e8res fines Dimensions : 12 x 12 cm 5 pi\u00e8ces dans un sac en plastique<\/p>\n","protected":false},"featured_media":132023,"template":"","meta":[],"product_brand":[],"product_cat":[5265],"product_tag":[],"class_list":{"0":"post-132019","1":"product","2":"type-product","3":"status-publish","4":"has-post-thumbnail","6":"product_cat-accessoires-pour-limes-a-ongles-electriques","8":"first","9":"instock","10":"shipping-taxable","11":"purchasable","12":"product-type-simple"},"_links":{"self":[{"href":"http:\/\/moby-hub.com\/fr\/wp-json\/wp\/v2\/product\/132019","targetHints":{"allow":["GET"]}}],"collection":[{"href":"http:\/\/moby-hub.com\/fr\/wp-json\/wp\/v2\/product"}],"about":[{"href":"http:\/\/moby-hub.com\/fr\/wp-json\/wp\/v2\/types\/product"}],"wp:featuredmedia":[{"embeddable":true,"href":"http:\/\/moby-hub.com\/fr\/wp-json\/wp\/v2\/media\/132023"}],"wp:attachment":[{"href":"http:\/\/moby-hub.com\/fr\/wp-json\/wp\/v2\/media?parent=132019"}],"wp:term":[{"taxonomy":"product_brand","embeddable":true,"href":"http:\/\/moby-hub.com\/fr\/wp-json\/wp\/v2\/product_brand?post=132019"},{"taxonomy":"product_cat","embeddable":true,"href":"http:\/\/moby-hub.com\/fr\/wp-json\/wp\/v2\/product_cat?post=132019"},{"taxonomy":"product_tag","embeddable":true,"href":"http:\/\/moby-hub.com\/fr\/wp-json\/wp\/v2\/product_tag?post=132019"}],"curies":[{"name":"wp","href":"https:\/\/api.w.org\/{rel}","templated":true}]}}