{"id":132043,"date":"2023-04-21T10:52:46","date_gmt":"2023-04-21T08:52:46","guid":{"rendered":"https:\/\/moby-hub.com\/?post_type=product&#038;p=132043"},"modified":"2023-04-21T10:57:51","modified_gmt":"2023-04-21T08:57:51","slug":"sacs-a-poussiere","status":"publish","type":"product","link":"http:\/\/moby-hub.com\/fr\/Produkt\/sacs-a-poussiere\/","title":{"rendered":"Sacs \u00e0 poussi\u00e8re"},"content":{"rendered":"<p>Sacs \u00e0 poussi\u00e8re<\/p>\n<p>pour fraises  40 000<\/p>\n<p>Article : 1918011<\/p>\n<p>5 pi\u00e8ces par sac en plastique<\/p>\n","protected":false},"excerpt":{"rendered":"<p>Sacs \u00e0 poussi\u00e8re pour fraises 40 000 Article : 1918011 5 pi\u00e8ces par sac en plastique<\/p>\n","protected":false},"featured_media":132047,"template":"","meta":[],"product_brand":[],"product_cat":[5265],"product_tag":[],"class_list":{"0":"post-132043","1":"product","2":"type-product","3":"status-publish","4":"has-post-thumbnail","6":"product_cat-accessoires-pour-limes-a-ongles-electriques","8":"first","9":"instock","10":"shipping-taxable","11":"purchasable","12":"product-type-simple"},"_links":{"self":[{"href":"http:\/\/moby-hub.com\/fr\/wp-json\/wp\/v2\/product\/132043","targetHints":{"allow":["GET"]}}],"collection":[{"href":"http:\/\/moby-hub.com\/fr\/wp-json\/wp\/v2\/product"}],"about":[{"href":"http:\/\/moby-hub.com\/fr\/wp-json\/wp\/v2\/types\/product"}],"wp:featuredmedia":[{"embeddable":true,"href":"http:\/\/moby-hub.com\/fr\/wp-json\/wp\/v2\/media\/132047"}],"wp:attachment":[{"href":"http:\/\/moby-hub.com\/fr\/wp-json\/wp\/v2\/media?parent=132043"}],"wp:term":[{"taxonomy":"product_brand","embeddable":true,"href":"http:\/\/moby-hub.com\/fr\/wp-json\/wp\/v2\/product_brand?post=132043"},{"taxonomy":"product_cat","embeddable":true,"href":"http:\/\/moby-hub.com\/fr\/wp-json\/wp\/v2\/product_cat?post=132043"},{"taxonomy":"product_tag","embeddable":true,"href":"http:\/\/moby-hub.com\/fr\/wp-json\/wp\/v2\/product_tag?post=132043"}],"curies":[{"name":"wp","href":"https:\/\/api.w.org\/{rel}","templated":true}]}}