{"id":132134,"date":"2023-04-23T08:03:56","date_gmt":"2023-04-23T06:03:56","guid":{"rendered":"https:\/\/moby-hub.com\/?post_type=product&#038;p=132134"},"modified":"2023-04-23T08:15:09","modified_gmt":"2023-04-23T06:15:09","slug":"sac-de-transport-mobile","status":"publish","type":"product","link":"http:\/\/moby-hub.com\/fr\/Produkt\/sac-de-transport-mobile\/","title":{"rendered":"Sac de transport mobile"},"content":{"rendered":"<p>&nbsp;<\/p>\n<ul>\n<li>Poign\u00e9e de transport rembourr\u00e9e<\/li>\n<li>Hydrofuge<\/li>\n<li>Protection anti-torsion<\/li>\n<li>Fermeture magn\u00e9tique \u00e0 fermeture automatique<\/li>\n<li>Surfaces et coins faciles \u00e0 nettoyer<\/li>\n<li>Insert de l&#8217;appareil facilement amovible<\/li>\n<li>Pieds robustes<\/li>\n<li>Bandouli\u00e8re rembourr\u00e9e<\/li>\n<li>Bandouli\u00e8re r\u00e9glable individuellement<\/li>\n<li>Espace pour dossier de bureau et rallonge<\/li>\n<\/ul>\n<p><strong>Dimensions<\/strong><\/p>\n<p>Longueur<br \/>\n47,0 cm<\/p>\n<p>Hauteur<br \/>\n35,0 cm<\/p>\n<p>Large<br \/>\n20,0 cm<\/p>\n<p><strong>Lester<\/strong><\/p>\n<p>4,6\u00a0kg<\/p>\n<p><strong>\u00c9tendue de la livraison<\/strong><\/p>\n<p>sans contenu<\/p>\n","protected":false},"excerpt":{"rendered":"<p>&nbsp; Poign\u00e9e de transport rembourr\u00e9e Hydrofuge Protection anti-torsion Fermeture magn\u00e9tique \u00e0 fermeture automatique Surfaces et coins faciles \u00e0 nettoyer Insert de l&#8217;appareil facilement amovible Pieds robustes Bandouli\u00e8re rembourr\u00e9e Bandouli\u00e8re r\u00e9glable individuellement Espace pour dossier de bureau et rallonge Dimensions Longueur 47,0 cm Hauteur 35,0 cm Large 20,0 cm Lester 4,6\u00a0kg \u00c9tendue de la livraison sans [&hellip;]<\/p>\n","protected":false},"featured_media":132138,"template":"","meta":[],"product_brand":[],"product_cat":[1448,5224],"product_tag":[],"class_list":{"0":"post-132134","1":"product","2":"type-product","3":"status-publish","4":"has-post-thumbnail","6":"product_cat-mobile-valises-trolleys","7":"product_cat-mobile-stationnaire","9":"first","10":"instock","11":"shipping-taxable","12":"purchasable","13":"product-type-simple"},"_links":{"self":[{"href":"http:\/\/moby-hub.com\/fr\/wp-json\/wp\/v2\/product\/132134","targetHints":{"allow":["GET"]}}],"collection":[{"href":"http:\/\/moby-hub.com\/fr\/wp-json\/wp\/v2\/product"}],"about":[{"href":"http:\/\/moby-hub.com\/fr\/wp-json\/wp\/v2\/types\/product"}],"wp:featuredmedia":[{"embeddable":true,"href":"http:\/\/moby-hub.com\/fr\/wp-json\/wp\/v2\/media\/132138"}],"wp:attachment":[{"href":"http:\/\/moby-hub.com\/fr\/wp-json\/wp\/v2\/media?parent=132134"}],"wp:term":[{"taxonomy":"product_brand","embeddable":true,"href":"http:\/\/moby-hub.com\/fr\/wp-json\/wp\/v2\/product_brand?post=132134"},{"taxonomy":"product_cat","embeddable":true,"href":"http:\/\/moby-hub.com\/fr\/wp-json\/wp\/v2\/product_cat?post=132134"},{"taxonomy":"product_tag","embeddable":true,"href":"http:\/\/moby-hub.com\/fr\/wp-json\/wp\/v2\/product_tag?post=132134"}],"curies":[{"name":"wp","href":"https:\/\/api.w.org\/{rel}","templated":true}]}}