{"id":132151,"date":"2023-04-23T09:02:36","date_gmt":"2023-04-23T07:02:37","guid":{"rendered":"https:\/\/moby-hub.com\/?post_type=product&#038;p=132151"},"modified":"2023-04-23T09:09:40","modified_gmt":"2023-04-23T07:09:40","slug":"lampe-led-avec-loupe-blanc","status":"publish","type":"product","link":"http:\/\/moby-hub.com\/fr\/Produkt\/lampe-led-avec-loupe-blanc\/","title":{"rendered":"Lampe LED avec loupe &#8211; Blanc"},"content":{"rendered":"<ul>\n<li>Technologie LED avec grossissement \u00e0 faible distorsion<\/li>\n<li>Articulation flexible : facile \u00e0 pivoter et r\u00e9glable en hauteur<\/li>\n<li>Interrupteur \u00e0 capteur pour allumer et \u00e9teindre<\/li>\n<li>La lentille en plastique est recouverte d&#8217;un rev\u00eatement dur<\/li>\n<li>Tuyau flexible r\u00e9glable pour plus de pr\u00e9cision<\/li>\n<\/ul>\n<p><strong>Sp\u00e9cifications techniques<\/strong><\/p>\n<p>Temp\u00e9rature de couleur : blanc neutre 4 000 K<br \/>\nEclairement : 5 587 lux \u00e0 une distance de travail de 150 mm<br \/>\nRendu des couleurs : Ra &gt; 80<br \/>\nT\u00eate de lampe : \u00d8 122 mm, hauteur 12 mm<br \/>\nChamp de vision de l&#8217;objectif : \u00d8 72 mm<br \/>\nRayon d&#8217;action max.: 80 cm (mesur\u00e9 du joint au bord ext\u00e9rieur de la loupe)<br \/>\nPouvoir grossissant : 6 dioptries<br \/>\nSource lumineuse : 63 LED haute puissance<br \/>\nConsommation \u00e9lectrique : 6 watts<br \/>\nConnexion : 100-240 V, 50\/60 Hz<\/p>\n<p><strong>Lester<\/strong><br \/>\nPoids : 860g<\/p>\n<p>Goupille de montage : \u00d8 16 mm<\/p>\n<p>Comprend une housse de protection<\/p>\n","protected":false},"excerpt":{"rendered":"<p>Technologie LED avec grossissement \u00e0 faible distorsion Articulation flexible : facile \u00e0 pivoter et r\u00e9glable en hauteur Interrupteur \u00e0 capteur pour allumer et \u00e9teindre La lentille en plastique est recouverte d&#8217;un rev\u00eatement dur Tuyau flexible r\u00e9glable pour plus de pr\u00e9cision Sp\u00e9cifications techniques Temp\u00e9rature de couleur : blanc neutre 4 000 K Eclairement : 5 587 [&hellip;]<\/p>\n","protected":false},"featured_media":132155,"template":"","meta":[],"product_brand":[],"product_cat":[5224],"product_tag":[],"class_list":{"0":"post-132151","1":"product","2":"type-product","3":"status-publish","4":"has-post-thumbnail","6":"product_cat-mobile-stationnaire","8":"first","9":"instock","10":"shipping-taxable","11":"purchasable","12":"product-type-simple"},"_links":{"self":[{"href":"http:\/\/moby-hub.com\/fr\/wp-json\/wp\/v2\/product\/132151","targetHints":{"allow":["GET"]}}],"collection":[{"href":"http:\/\/moby-hub.com\/fr\/wp-json\/wp\/v2\/product"}],"about":[{"href":"http:\/\/moby-hub.com\/fr\/wp-json\/wp\/v2\/types\/product"}],"wp:featuredmedia":[{"embeddable":true,"href":"http:\/\/moby-hub.com\/fr\/wp-json\/wp\/v2\/media\/132155"}],"wp:attachment":[{"href":"http:\/\/moby-hub.com\/fr\/wp-json\/wp\/v2\/media?parent=132151"}],"wp:term":[{"taxonomy":"product_brand","embeddable":true,"href":"http:\/\/moby-hub.com\/fr\/wp-json\/wp\/v2\/product_brand?post=132151"},{"taxonomy":"product_cat","embeddable":true,"href":"http:\/\/moby-hub.com\/fr\/wp-json\/wp\/v2\/product_cat?post=132151"},{"taxonomy":"product_tag","embeddable":true,"href":"http:\/\/moby-hub.com\/fr\/wp-json\/wp\/v2\/product_tag?post=132151"}],"curies":[{"name":"wp","href":"https:\/\/api.w.org\/{rel}","templated":true}]}}