{"id":132159,"date":"2023-04-23T10:08:24","date_gmt":"2023-04-23T08:08:26","guid":{"rendered":"https:\/\/moby-hub.com\/?post_type=product&#038;p=132159"},"modified":"2023-04-23T11:09:11","modified_gmt":"2023-04-23T09:09:11","slug":"instruments-combi-kit-a3-fr","status":"publish","type":"product","link":"http:\/\/moby-hub.com\/fr\/Produkt\/instruments-combi-kit-a3-fr\/","title":{"rendered":"Instruments Combi Kit &#8211; A3"},"content":{"rendered":"<p>&nbsp;<\/p>\n<p>Instruments Combi Kit &#8211; A3<\/p>\n<p>Travail ergonomique gr\u00e2ce \u00e0 la forme trap\u00e9zo\u00efdale innovante des poign\u00e9es, des rayons des jambes et une g\u00e9om\u00e9trie optimis\u00e9e de la t\u00eate. Ces instruments sont en acier inoxydable avec une finition satin\u00e9e.<\/p>\n<p><strong>Coupe-t\u00eate trap\u00e9zo\u00efdale<\/strong><br \/>\nLongueur: 14.0 cm, tranchant: 20 mm<\/p>\n<p><strong>Pince d&#8217;angle trap\u00e9zo\u00efdale<\/strong><br \/>\nLongueur: 11,5 cm, tranchant 15 mm conique\/pointu<\/p>\n<p><strong>Pince \u00e0 cuticules trap\u00e9zo\u00efdale<\/strong><br \/>\nLongueur: 10.0 cm, tranchant: 9 mm oblique<\/p>\n<p><strong>Port\u00e9e de la prestation<\/strong><\/p>\n<p>1 Coupe-t\u00eate trap\u00e9zo\u00efdale<br \/>\n1 Pince trap\u00e9zo\u00efdale<br \/>\n1 Pince \u00e0 cuticules trap\u00e9zo\u00efdale<\/p>\n","protected":false},"excerpt":{"rendered":"<p>&nbsp; Instruments Combi Kit &#8211; A3 Travail ergonomique gr\u00e2ce \u00e0 la forme trap\u00e9zo\u00efdale innovante des poign\u00e9es, des rayons des jambes et une g\u00e9om\u00e9trie optimis\u00e9e de la t\u00eate. Ces instruments sont en acier inoxydable avec une finition satin\u00e9e. Coupe-t\u00eate trap\u00e9zo\u00efdale Longueur: 14.0 cm, tranchant: 20 mm Pince d&#8217;angle trap\u00e9zo\u00efdale Longueur: 11,5 cm, tranchant 15 mm conique\/pointu [&hellip;]<\/p>\n","protected":false},"featured_media":132163,"template":"","meta":[],"product_brand":[],"product_cat":[1436,5225],"product_tag":[],"class_list":{"0":"post-132159","1":"product","2":"type-product","3":"status-publish","4":"has-post-thumbnail","6":"product_cat-acier-inoxydable-instruments","7":"product_cat-instruments-acier-inoxydable","9":"first","10":"instock","11":"shipping-taxable","12":"purchasable","13":"product-type-simple"},"_links":{"self":[{"href":"http:\/\/moby-hub.com\/fr\/wp-json\/wp\/v2\/product\/132159","targetHints":{"allow":["GET"]}}],"collection":[{"href":"http:\/\/moby-hub.com\/fr\/wp-json\/wp\/v2\/product"}],"about":[{"href":"http:\/\/moby-hub.com\/fr\/wp-json\/wp\/v2\/types\/product"}],"wp:featuredmedia":[{"embeddable":true,"href":"http:\/\/moby-hub.com\/fr\/wp-json\/wp\/v2\/media\/132163"}],"wp:attachment":[{"href":"http:\/\/moby-hub.com\/fr\/wp-json\/wp\/v2\/media?parent=132159"}],"wp:term":[{"taxonomy":"product_brand","embeddable":true,"href":"http:\/\/moby-hub.com\/fr\/wp-json\/wp\/v2\/product_brand?post=132159"},{"taxonomy":"product_cat","embeddable":true,"href":"http:\/\/moby-hub.com\/fr\/wp-json\/wp\/v2\/product_cat?post=132159"},{"taxonomy":"product_tag","embeddable":true,"href":"http:\/\/moby-hub.com\/fr\/wp-json\/wp\/v2\/product_tag?post=132159"}],"curies":[{"name":"wp","href":"https:\/\/api.w.org\/{rel}","templated":true}]}}