{"id":132192,"date":"2023-04-24T08:33:37","date_gmt":"2023-04-24T06:33:37","guid":{"rendered":"https:\/\/moby-hub.com\/?post_type=product&#038;p=132192"},"modified":"2024-05-06T10:45:03","modified_gmt":"2024-05-06T08:45:03","slug":"mpf-application-mobile-kit-b524","status":"publish","type":"product","link":"http:\/\/moby-hub.com\/fr\/Produkt\/mpf-application-mobile-kit-b524\/","title":{"rendered":"MPF \u2013 Application mobile \u2013 Kit B524"},"content":{"rendered":"<p>&nbsp;<\/p>\n<p>Comprend repose-pieds et lampe LED avec loupe et accessoires.<\/p>\n<p>&nbsp;<\/p>\n<p><strong>Repose pieds<\/strong><\/p>\n<ul>\n<li>R\u00e9glage en hauteur de 47 cm \u00e0 74 cm<\/li>\n<li>Rembourrage de forme ergonomique<\/li>\n<li>Ch\u00e2ssis stable<\/li>\n<\/ul>\n<p>Dimensions<br \/>\n53 cm x 12 cm x 18 cm<\/p>\n<p>Lester<br \/>\n1,5 kg<\/p>\n<p>Couleur<br \/>\nnoir<\/p>\n<p>garantie<\/p>\n<p>2 ann\u00e9es<\/p>\n<p><strong>Lampe LED avec loupe &#8211; blanc ou noir<\/strong><\/p>\n<ul>\n<li>Technologie LED avec grossissement \u00e0 faible distorsion<\/li>\n<li>Articulation flexible : facile \u00e0 pivoter et r\u00e9glable en hauteur<\/li>\n<li>Interrupteur \u00e0 capteur pour allumer et \u00e9teindre<\/li>\n<li>La lentille en plastique est recouverte d&#8217;un rev\u00eatement dur<\/li>\n<li>Tuyau flexible r\u00e9glable pour plus de pr\u00e9cision<\/li>\n<\/ul>\n<p><strong>Sp\u00e9cifications techniques<\/strong><\/p>\n<ul>\n<li>Temp\u00e9rature de couleur : blanc neutre 4 000 K<\/li>\n<li>\u00c9clairement : 5 587 lux \u00e0 une distance de travail de 15,0 cm<\/li>\n<li>Rendu des couleurs : Ra &gt; 80<\/li>\n<li>T\u00eate de lampe : \u00d8 12,2 cm, hauteur 1,2 cm<\/li>\n<li>Champ de vision de l&#8217;objectif : \u00d8 72 mm<\/li>\n<li>Rayon d&#8217;action max.: 80,0 cm (mesur\u00e9 du joint au bord ext\u00e9rieur de la loupe)<\/li>\n<li>Pouvoir grossissant : 6 dioptries<\/li>\n<li>Source lumineuse : 63 LED haute puissance<\/li>\n<li>Consommation \u00e9lectrique : 6 watts<\/li>\n<li>Connexion : 100-240 V, 50\/60 Hz<\/li>\n<\/ul>\n<p><strong>En plus de l&#8217;\u00e9tendue de la livraison :<\/strong><\/p>\n<ul>\n<li>Housse de protection qui sert aussi au nettoyage (poids : 860 g)<\/li>\n<li>Broche de montage : \u00d8 1,6 cm<\/li>\n<\/ul>\n<p>garantie<br \/>\n2 ann\u00e9es<\/p>\n<p>&nbsp;<\/p>\n","protected":false},"excerpt":{"rendered":"<p>&nbsp; Comprend repose-pieds et lampe LED avec loupe et accessoires. &nbsp; Repose pieds R\u00e9glage en hauteur de 47 cm \u00e0 74 cm Rembourrage de forme ergonomique Ch\u00e2ssis stable Dimensions 53 cm x 12 cm x 18 cm Lester 1,5 kg Couleur noir garantie 2 ann\u00e9es Lampe LED avec loupe &#8211; blanc ou noir Technologie LED [&hellip;]<\/p>\n","protected":false},"featured_media":132196,"template":"","meta":[],"product_brand":[],"product_cat":[5462],"product_tag":[],"class_list":{"0":"post-132192","1":"product","2":"type-product","3":"status-publish","4":"has-post-thumbnail","6":"product_cat-kits-mobiles-soins-des-pieds-et-podologie","8":"first","9":"instock","10":"shipping-taxable","11":"purchasable","12":"product-type-simple"},"_links":{"self":[{"href":"http:\/\/moby-hub.com\/fr\/wp-json\/wp\/v2\/product\/132192","targetHints":{"allow":["GET"]}}],"collection":[{"href":"http:\/\/moby-hub.com\/fr\/wp-json\/wp\/v2\/product"}],"about":[{"href":"http:\/\/moby-hub.com\/fr\/wp-json\/wp\/v2\/types\/product"}],"wp:featuredmedia":[{"embeddable":true,"href":"http:\/\/moby-hub.com\/fr\/wp-json\/wp\/v2\/media\/132196"}],"wp:attachment":[{"href":"http:\/\/moby-hub.com\/fr\/wp-json\/wp\/v2\/media?parent=132192"}],"wp:term":[{"taxonomy":"product_brand","embeddable":true,"href":"http:\/\/moby-hub.com\/fr\/wp-json\/wp\/v2\/product_brand?post=132192"},{"taxonomy":"product_cat","embeddable":true,"href":"http:\/\/moby-hub.com\/fr\/wp-json\/wp\/v2\/product_cat?post=132192"},{"taxonomy":"product_tag","embeddable":true,"href":"http:\/\/moby-hub.com\/fr\/wp-json\/wp\/v2\/product_tag?post=132192"}],"curies":[{"name":"wp","href":"https:\/\/api.w.org\/{rel}","templated":true}]}}