{"id":132200,"date":"2023-04-24T09:32:50","date_gmt":"2023-04-24T07:32:50","guid":{"rendered":"https:\/\/moby-hub.com\/?post_type=product&#038;p=132200"},"modified":"2024-05-06T11:02:35","modified_gmt":"2024-05-06T09:02:35","slug":"mpf-application-mobile-kit-c524","status":"publish","type":"product","link":"http:\/\/moby-hub.com\/fr\/Produkt\/mpf-application-mobile-kit-c524\/","title":{"rendered":"MPF \u2013 Application mobile \u2013 Kit C524"},"content":{"rendered":"<p>&nbsp;<\/p>\n<p>Comprend un repose-pieds, une chaise pliante et un bac \u00e0 pieds pliable.<\/p>\n<p>&nbsp;<\/p>\n<p><strong>Repose pieds<\/strong><\/p>\n<ul>\n<li>R\u00e9glage en hauteur de 47 cm \u00e0 74 cm<\/li>\n<li>Rembourrage de forme ergonomique<\/li>\n<li>Ch\u00e2ssis stable<\/li>\n<\/ul>\n<p>Dimensions<br \/>\n53 cm x 12 cm x 18 cm<\/p>\n<p>Lester<br \/>\n1,5 kg<\/p>\n<p>Couleur<br \/>\nnoir<\/p>\n<p>Garantie<br \/>\n2 ann\u00e9es<\/p>\n<p>&nbsp;<\/p>\n<p><strong>Chaise pliante<\/strong><\/p>\n<ul>\n<li>La capacit\u00e9 de charge est de 125 kg<\/li>\n<li>Tr\u00e8s peu encombrant et peut \u00eatre pli\u00e9 sans aucun souci<\/li>\n<li>Les joints sont de haute qualit\u00e9<\/li>\n<li>Bonne connexion de si\u00e8ge<\/li>\n<li>Le support est parfait gr\u00e2ce aux pieds en caoutchouc<\/li>\n<\/ul>\n<p>Dimensions<br \/>\n38 cm x 9 cm x 9 cm<\/p>\n<p>Lester<br \/>\n825 g<\/p>\n<p>Couleur<br \/>\nnoir<\/p>\n<p>Garantie<br \/>\n2 ann\u00e9es<\/p>\n<p>&nbsp;<\/p>\n<p><strong>Bac \u00e0 pieds pliable<\/strong><\/p>\n<ul>\n<li>Stable<\/li>\n<li>Imperm\u00e9able<\/li>\n<\/ul>\n<p>Dimensions<br \/>\n35,0 cm x 35,0 cm x 18,0 cm<\/p>\n<p>Lester<br \/>\n300 grammes<\/p>\n<p>Couleur<br \/>\nNoir<\/p>\n<p>Garantie<br \/>\n2 ann\u00e9es<\/p>\n","protected":false},"excerpt":{"rendered":"<p>&nbsp; Comprend un repose-pieds, une chaise pliante et un bac \u00e0 pieds pliable. &nbsp; Repose pieds R\u00e9glage en hauteur de 47 cm \u00e0 74 cm Rembourrage de forme ergonomique Ch\u00e2ssis stable Dimensions 53 cm x 12 cm x 18 cm Lester 1,5 kg Couleur noir Garantie 2 ann\u00e9es &nbsp; Chaise pliante La capacit\u00e9 de charge [&hellip;]<\/p>\n","protected":false},"featured_media":136917,"template":"","meta":[],"product_brand":[],"product_cat":[5462],"product_tag":[],"class_list":{"0":"post-132200","1":"product","2":"type-product","3":"status-publish","4":"has-post-thumbnail","6":"product_cat-kits-mobiles-soins-des-pieds-et-podologie","8":"first","9":"instock","10":"shipping-taxable","11":"purchasable","12":"product-type-simple"},"_links":{"self":[{"href":"http:\/\/moby-hub.com\/fr\/wp-json\/wp\/v2\/product\/132200","targetHints":{"allow":["GET"]}}],"collection":[{"href":"http:\/\/moby-hub.com\/fr\/wp-json\/wp\/v2\/product"}],"about":[{"href":"http:\/\/moby-hub.com\/fr\/wp-json\/wp\/v2\/types\/product"}],"wp:featuredmedia":[{"embeddable":true,"href":"http:\/\/moby-hub.com\/fr\/wp-json\/wp\/v2\/media\/136917"}],"wp:attachment":[{"href":"http:\/\/moby-hub.com\/fr\/wp-json\/wp\/v2\/media?parent=132200"}],"wp:term":[{"taxonomy":"product_brand","embeddable":true,"href":"http:\/\/moby-hub.com\/fr\/wp-json\/wp\/v2\/product_brand?post=132200"},{"taxonomy":"product_cat","embeddable":true,"href":"http:\/\/moby-hub.com\/fr\/wp-json\/wp\/v2\/product_cat?post=132200"},{"taxonomy":"product_tag","embeddable":true,"href":"http:\/\/moby-hub.com\/fr\/wp-json\/wp\/v2\/product_tag?post=132200"}],"curies":[{"name":"wp","href":"https:\/\/api.w.org\/{rel}","templated":true}]}}