{"id":132473,"date":"2023-04-28T00:24:14","date_gmt":"2023-04-27T22:24:16","guid":{"rendered":"https:\/\/moby-hub.com\/?post_type=product&#038;p=132473"},"modified":"2023-04-28T00:28:03","modified_gmt":"2023-04-27T22:28:03","slug":"titanium-bit-pointu-conique-fin","status":"publish","type":"product","link":"http:\/\/moby-hub.com\/fr\/Produkt\/titanium-bit-pointu-conique-fin\/","title":{"rendered":"Titanium Bit &#8211; Pointu conique fin"},"content":{"rendered":"<p>&nbsp;<\/p>\n<p><strong>Caract\u00e9ristiques:<\/strong><\/p>\n<p>r\u00e9sistance \u00e0 l&#8217;usure et taux d&#8217;enl\u00e8vement les plus \u00e9lev\u00e9s<br \/>\nCarbure de la meilleure qualit\u00e9<br \/>\ndur\u00e9e de vie extr\u00eamement longue<br \/>\nproduction de chaleur minimale<br \/>\nrev\u00eatement en aluminium titane de tr\u00e8s haute qualit\u00e9 et facile \u00e0 nettoyer<br \/>\nrev\u00eatement d&#8217;arbre noble avec une r\u00e9sistance \u00e0 la rupture accrue<br \/>\npas d&#8217;abrasion des rev\u00eatements<br \/>\nabsolument insensible \u00e0 la d\u00e9sinfection chimique<br \/>\npas de corrosion avec tous les processus de st\u00e9rilisation courants<br \/>\nconvient \u00e9galement pour la st\u00e9rilisation \u00e0 l&#8217;air chaud<\/p>\n<p>&nbsp;<\/p>\n<p><strong>D\u00e9tails techniques:<\/strong><\/p>\n<p>Diam\u00e8tre : environ 6,40 mm<br \/>\nLongueur totale : environ 51 mm<br \/>\nDiam\u00e8tre de la tige : environ 2,35 mm (standard)<br \/>\nPlage de vitesse : jusqu&#8217;\u00e0 environ 50 000 tr\/min<\/p>\n","protected":false},"excerpt":{"rendered":"<p>&nbsp; Caract\u00e9ristiques: r\u00e9sistance \u00e0 l&#8217;usure et taux d&#8217;enl\u00e8vement les plus \u00e9lev\u00e9s Carbure de la meilleure qualit\u00e9 dur\u00e9e de vie extr\u00eamement longue production de chaleur minimale rev\u00eatement en aluminium titane de tr\u00e8s haute qualit\u00e9 et facile \u00e0 nettoyer rev\u00eatement d&#8217;arbre noble avec une r\u00e9sistance \u00e0 la rupture accrue pas d&#8217;abrasion des rev\u00eatements absolument insensible \u00e0 la [&hellip;]<\/p>\n","protected":false},"featured_media":132481,"template":"","meta":[],"product_brand":[],"product_cat":[5274],"product_tag":[],"class_list":{"0":"post-132473","1":"product","2":"type-product","3":"status-publish","4":"has-post-thumbnail","6":"product_cat-titanium-bit-fr","8":"first","9":"instock","10":"shipping-taxable","11":"purchasable","12":"product-type-simple"},"_links":{"self":[{"href":"http:\/\/moby-hub.com\/fr\/wp-json\/wp\/v2\/product\/132473","targetHints":{"allow":["GET"]}}],"collection":[{"href":"http:\/\/moby-hub.com\/fr\/wp-json\/wp\/v2\/product"}],"about":[{"href":"http:\/\/moby-hub.com\/fr\/wp-json\/wp\/v2\/types\/product"}],"wp:featuredmedia":[{"embeddable":true,"href":"http:\/\/moby-hub.com\/fr\/wp-json\/wp\/v2\/media\/132481"}],"wp:attachment":[{"href":"http:\/\/moby-hub.com\/fr\/wp-json\/wp\/v2\/media?parent=132473"}],"wp:term":[{"taxonomy":"product_brand","embeddable":true,"href":"http:\/\/moby-hub.com\/fr\/wp-json\/wp\/v2\/product_brand?post=132473"},{"taxonomy":"product_cat","embeddable":true,"href":"http:\/\/moby-hub.com\/fr\/wp-json\/wp\/v2\/product_cat?post=132473"},{"taxonomy":"product_tag","embeddable":true,"href":"http:\/\/moby-hub.com\/fr\/wp-json\/wp\/v2\/product_tag?post=132473"}],"curies":[{"name":"wp","href":"https:\/\/api.w.org\/{rel}","templated":true}]}}