{"id":133991,"date":"2023-05-05T17:11:34","date_gmt":"2023-05-05T15:12:27","guid":{"rendered":"https:\/\/moby-hub.com\/?post_type=product&#038;p=133991"},"modified":"2023-05-05T18:03:17","modified_gmt":"2023-05-05T16:03:17","slug":"nitrile-color-gants-double-pack","status":"publish","type":"product","link":"http:\/\/moby-hub.com\/fr\/Produkt\/nitrile-color-gants-double-pack\/","title":{"rendered":"Nitrile Color &#8211; Gants &#8211; Double Pack"},"content":{"rendered":"<p>Nitrile Color &#8211; Gants &#8211; Double Pack<\/p>\n<ul>\n<li>Gants en nitrile non poudr\u00e9s, non st\u00e9riles<\/li>\n<li>Beaucoup plus r\u00e9sistant \u00e0 la perforation que les gants en latex ou en vinyle<\/li>\n<li>Surface l\u00e9g\u00e8rement rugueuse<\/li>\n<li>NQA 1.5, Marquage CE, EN 455<\/li>\n<\/ul>\n<p><strong>Contenu de la livraison\u00a0:<\/strong><\/p>\n<p>2 Bo\u00eetes distributrices de 100 pi\u00e8ces chacune<\/p>\n","protected":false},"excerpt":{"rendered":"<p>Nitrile Color &#8211; Gants &#8211; Double Pack Gants en nitrile non poudr\u00e9s, non st\u00e9riles Beaucoup plus r\u00e9sistant \u00e0 la perforation que les gants en latex ou en vinyle Surface l\u00e9g\u00e8rement rugueuse NQA 1.5, Marquage CE, EN 455 Contenu de la livraison\u00a0: 2 Bo\u00eetes distributrices de 100 pi\u00e8ces chacune<\/p>\n","protected":false},"featured_media":134175,"template":"","meta":[],"product_brand":[],"product_cat":[5278,897],"product_tag":[],"class_list":{"0":"post-133991","1":"product","2":"type-product","3":"status-publish","4":"has-post-thumbnail","6":"product_cat-consommables","7":"product_cat-hygiene-fr","9":"first","10":"instock","11":"shipping-taxable","12":"purchasable","13":"product-type-variable"},"_links":{"self":[{"href":"http:\/\/moby-hub.com\/fr\/wp-json\/wp\/v2\/product\/133991","targetHints":{"allow":["GET"]}}],"collection":[{"href":"http:\/\/moby-hub.com\/fr\/wp-json\/wp\/v2\/product"}],"about":[{"href":"http:\/\/moby-hub.com\/fr\/wp-json\/wp\/v2\/types\/product"}],"wp:featuredmedia":[{"embeddable":true,"href":"http:\/\/moby-hub.com\/fr\/wp-json\/wp\/v2\/media\/134175"}],"wp:attachment":[{"href":"http:\/\/moby-hub.com\/fr\/wp-json\/wp\/v2\/media?parent=133991"}],"wp:term":[{"taxonomy":"product_brand","embeddable":true,"href":"http:\/\/moby-hub.com\/fr\/wp-json\/wp\/v2\/product_brand?post=133991"},{"taxonomy":"product_cat","embeddable":true,"href":"http:\/\/moby-hub.com\/fr\/wp-json\/wp\/v2\/product_cat?post=133991"},{"taxonomy":"product_tag","embeddable":true,"href":"http:\/\/moby-hub.com\/fr\/wp-json\/wp\/v2\/product_tag?post=133991"}],"curies":[{"name":"wp","href":"https:\/\/api.w.org\/{rel}","templated":true}]}}