{"id":134284,"date":"2023-05-07T15:28:25","date_gmt":"2023-05-07T13:28:27","guid":{"rendered":"https:\/\/moby-hub.com\/?post_type=product&#038;p=134284"},"modified":"2023-05-07T15:32:31","modified_gmt":"2023-05-07T13:32:31","slug":"pedicure-pointu-moyen","status":"publish","type":"product","link":"http:\/\/moby-hub.com\/fr\/Produkt\/pedicure-pointu-moyen\/","title":{"rendered":"P\u00e9dicure &#8211; Pointu &#8211; Moyen"},"content":{"rendered":"<p>&nbsp;<\/p>\n<p>ont \u00e9t\u00e9 produits pour un usage professionnel. Le rev\u00eatement sp\u00e9cial garantit une r\u00e9sistance et une dur\u00e9e de vie tr\u00e8s \u00e9lev\u00e9es.<\/p>\n<ul>\n<li>R\u00e9sistance et dur\u00e9e de vie tr\u00e8s \u00e9lev\u00e9es<\/li>\n<li>Acier inoxydable rev\u00eatu de diamants naturels<\/li>\n<li>Capacit\u00e9 de coupe durablement nette et lisse<\/li>\n<li>Applicable humide et sec<\/li>\n<li>Course \u00e0 gauche et \u00e0 droite<\/li>\n<li>Nettoyage assur\u00e9 avec toutes les m\u00e9thodes de d\u00e9sinfection<\/li>\n<\/ul>\n<p><strong>D\u00e9tails techniques<\/strong><\/p>\n<p>Diam\u00e8tre: environ 1,0 cm<br \/>\nLongueur de la t\u00eate: environ 1,7 cm<br \/>\nLongueur totale: environ 5,4 cm<br \/>\nDiam\u00e8tre de la tige: env. 0,235 cm (standard)<br \/>\nPlage de vitesse: max. 50 000 tr\/min<\/p>\n","protected":false},"excerpt":{"rendered":"<p>&nbsp; ont \u00e9t\u00e9 produits pour un usage professionnel. Le rev\u00eatement sp\u00e9cial garantit une r\u00e9sistance et une dur\u00e9e de vie tr\u00e8s \u00e9lev\u00e9es. R\u00e9sistance et dur\u00e9e de vie tr\u00e8s \u00e9lev\u00e9es Acier inoxydable rev\u00eatu de diamants naturels Capacit\u00e9 de coupe durablement nette et lisse Applicable humide et sec Course \u00e0 gauche et \u00e0 droite Nettoyage assur\u00e9 avec toutes [&hellip;]<\/p>\n","protected":false},"featured_media":134288,"template":"","meta":[],"product_brand":[],"product_cat":[5282],"product_tag":[],"class_list":{"0":"post-134284","1":"product","2":"type-product","3":"status-publish","4":"has-post-thumbnail","6":"product_cat-pedicure-bit-fr","8":"first","9":"instock","10":"shipping-taxable","11":"purchasable","12":"product-type-simple"},"_links":{"self":[{"href":"http:\/\/moby-hub.com\/fr\/wp-json\/wp\/v2\/product\/134284","targetHints":{"allow":["GET"]}}],"collection":[{"href":"http:\/\/moby-hub.com\/fr\/wp-json\/wp\/v2\/product"}],"about":[{"href":"http:\/\/moby-hub.com\/fr\/wp-json\/wp\/v2\/types\/product"}],"wp:featuredmedia":[{"embeddable":true,"href":"http:\/\/moby-hub.com\/fr\/wp-json\/wp\/v2\/media\/134288"}],"wp:attachment":[{"href":"http:\/\/moby-hub.com\/fr\/wp-json\/wp\/v2\/media?parent=134284"}],"wp:term":[{"taxonomy":"product_brand","embeddable":true,"href":"http:\/\/moby-hub.com\/fr\/wp-json\/wp\/v2\/product_brand?post=134284"},{"taxonomy":"product_cat","embeddable":true,"href":"http:\/\/moby-hub.com\/fr\/wp-json\/wp\/v2\/product_cat?post=134284"},{"taxonomy":"product_tag","embeddable":true,"href":"http:\/\/moby-hub.com\/fr\/wp-json\/wp\/v2\/product_tag?post=134284"}],"curies":[{"name":"wp","href":"https:\/\/api.w.org\/{rel}","templated":true}]}}