{"id":137352,"date":"2024-01-13T16:08:22","date_gmt":"2024-01-13T15:08:22","guid":{"rendered":"https:\/\/wholesale-shop-online.com\/?post_type=product&#038;p=137352"},"modified":"2024-05-04T23:29:54","modified_gmt":"2024-05-04T21:29:54","slug":"p-400-ss-systeme-de-pulverisation-40-000-tr-min","status":"publish","type":"product","link":"http:\/\/moby-hub.com\/fr\/Produkt\/p-400-ss-systeme-de-pulverisation-40-000-tr-min\/","title":{"rendered":"P 400 SS &#8211; syst\u00e8me de pulv\u00e9risation 40 000 tr\/min"},"content":{"rendered":"<p>Cet appareil dispose d&#8217;une technologie de pulv\u00e9risation et se distingue des autres appareils dot\u00e9s d&#8217;un syst\u00e8me d&#8217;aspiration.<\/p>\n<p>Le dispositif de pulv\u00e9risation s&#8217;effectue via la pi\u00e8ce \u00e0 main micromoteur et cr\u00e9e un fin brouillard de pulv\u00e9risation afin que les mat\u00e9riaux \u00e9limin\u00e9s, tels que les callosit\u00e9s et\/ou les r\u00e9sidus d&#8217;acrylique et de gel, se lient.<\/p>\n<p>Cette technique a \u00e9galement un effet rafra\u00eechissant et r\u00e9duit le d\u00e9veloppement de chaleur.<\/p>\n<p><strong>Unit\u00e9 de contr\u00f4le:<\/strong><\/p>\n<p>Dispositif de tension automatique pour des changements rapides<br \/>\nSyst\u00e8me de refroidissement \u00e0 eau et \u00e0 air int\u00e9gr\u00e9<br \/>\nSupport de pi\u00e8ce \u00e0 main sur l&#8217;unit\u00e9 de commande<br \/>\nMicromoteur sans balais<br \/>\nRotation droite\/gauche<br \/>\n3 fonctions de m\u00e9moire avec stockage individuel<br \/>\n11 niveaux de pulv\u00e9risation peuvent \u00eatre r\u00e9gl\u00e9s<br \/>\n35 niveaux de rotation r\u00e9glables<br \/>\nFiltre et contr\u00f4le de niveau<\/p>\n<p>Dispositif m\u00e9dical selon classe 2 a<\/p>\n<p><strong>Pi\u00e8ce \u00e0 main\u00a0:<\/strong><\/p>\n<p>Pi\u00e8ce \u00e0 main avec interrupteur marche\/arr\u00eat int\u00e9gr\u00e9<br \/>\nL&#8217;anneau lumineux LED et les niveaux de luminosit\u00e9 sont r\u00e9glables<br \/>\nLa pi\u00e8ce \u00e0 main p\u00e8se 129 g et mesure 13,4 cm de long<br \/>\nConception ergonomique<br \/>\nHaute qualit\u00e9<\/p>\n<p><strong>Poids:<\/strong><br \/>\n2,2 kilogrammes<\/p>\n<p><strong>Garantie:<\/strong><br \/>\n2 ans<\/p>\n<p><strong>Hygi\u00e8ne et nettoyage :<\/strong><\/p>\n<p>Les mat\u00e9riaux de l&#8217;appareil ainsi que la pi\u00e8ce \u00e0 main et toutes les conduites d&#8217;alimentation peuvent \u00eatre facilement d\u00e9sinfect\u00e9s.<\/p>\n<p>&nbsp;<\/p>\n","protected":false},"excerpt":{"rendered":"<p>Cet appareil est livr\u00e9 sans logo. Cela r\u00e9duit le prix de vente &#8211; P 400 SS &#8211; syst\u00e8me de pulv\u00e9risation 40 000 tr\/min<\/p>\n","protected":false},"featured_media":137334,"template":"","meta":[],"product_brand":[],"product_cat":[1480],"product_tag":[],"class_list":{"0":"post-137352","1":"product","2":"type-product","3":"status-publish","4":"has-post-thumbnail","6":"product_cat-limes-a-ongles-electriques","8":"first","9":"instock","10":"shipping-taxable","11":"purchasable","12":"product-type-simple"},"_links":{"self":[{"href":"http:\/\/moby-hub.com\/fr\/wp-json\/wp\/v2\/product\/137352","targetHints":{"allow":["GET"]}}],"collection":[{"href":"http:\/\/moby-hub.com\/fr\/wp-json\/wp\/v2\/product"}],"about":[{"href":"http:\/\/moby-hub.com\/fr\/wp-json\/wp\/v2\/types\/product"}],"wp:featuredmedia":[{"embeddable":true,"href":"http:\/\/moby-hub.com\/fr\/wp-json\/wp\/v2\/media\/137334"}],"wp:attachment":[{"href":"http:\/\/moby-hub.com\/fr\/wp-json\/wp\/v2\/media?parent=137352"}],"wp:term":[{"taxonomy":"product_brand","embeddable":true,"href":"http:\/\/moby-hub.com\/fr\/wp-json\/wp\/v2\/product_brand?post=137352"},{"taxonomy":"product_cat","embeddable":true,"href":"http:\/\/moby-hub.com\/fr\/wp-json\/wp\/v2\/product_cat?post=137352"},{"taxonomy":"product_tag","embeddable":true,"href":"http:\/\/moby-hub.com\/fr\/wp-json\/wp\/v2\/product_tag?post=137352"}],"curies":[{"name":"wp","href":"https:\/\/api.w.org\/{rel}","templated":true}]}}