{"id":138284,"date":"2024-05-04T23:05:06","date_gmt":"2024-05-04T21:05:06","guid":{"rendered":"https:\/\/moby-hub.com\/?post_type=product&#038;p=138284"},"modified":"2024-05-04T23:13:21","modified_gmt":"2024-05-04T21:13:21","slug":"p-350-m-systeme-daspiration-35-000-tr-min","status":"publish","type":"product","link":"http:\/\/moby-hub.com\/fr\/Produkt\/p-350-m-systeme-daspiration-35-000-tr-min\/","title":{"rendered":"P 350 M &#8211; syst\u00e8me d&#8217;aspiration 35 000 tr\/min"},"content":{"rendered":"<p>Est con\u00e7u pour une utilisation professionnelle dans les domaines des soins des pieds, ainsi que des manucures et des p\u00e9dicures.<\/p>\n<p>&nbsp;<\/p>\n<ul>\n<li>Pi\u00e8ce \u00e0 main haute performance avec 78 g.<\/li>\n<li>35 000 tr\/min<\/li>\n<li>interrupteur de veille<\/li>\n<li>affichage num\u00e9rique<\/li>\n<li>Affichage num\u00e9rique de la vitesse<\/li>\n<li>Extraction de poussi\u00e8re &#8211; niveau de puissance<\/li>\n<li>Changement de filtre facile<\/li>\n<li>Fonctionnement manuel ou \u00e0 p\u00e9dale<\/li>\n<li>Rotation droite et gauche<\/li>\n<\/ul>\n<p><strong>Sp\u00e9cifications techniques:<\/strong><\/p>\n<ul>\n<li>Contr\u00f4le de la vitesse en continu jusqu&#8217;\u00e0 35 000 tr\/min<\/li>\n<li>220V\/50Hz<\/li>\n<li>Puissance\u00a0: 560\u00a0W\/120\u00a0W<\/li>\n<li>Panneau de commande tactile<\/li>\n<li>Commande par microprocesseur avec fusible de tension<\/li>\n<li>Longueur : 21,0 cm, largeur 18,0 cm, hauteur 14,0 cm<\/li>\n<li>Pi\u00e8ce \u00e0 main en plastique &#8211; poids 78 grammes<\/li>\n<li>Pi\u00e8ce \u00e0 main en plastique avec tuyau &#8211; poids 96 grammes<\/li>\n<\/ul>\n<p><strong>Contenu de la livraison\u00a0:<\/strong><\/p>\n<ul>\n<li>Unit\u00e9 de contr\u00f4le<\/li>\n<li>Pi\u00e8ce \u00e0 main \u00e0 moteur avec tuyau d&#8217;aspiration des poussi\u00e8res 1,60 m<\/li>\n<li>Sac \u00e0 poussi\u00e8re fine (2 pi\u00e8ces)<\/li>\n<li>Cordon d&#8217;alimentation (tous les types courants)<\/li>\n<li>P\u00e9dale marche\/arr\u00eat<\/li>\n<li>Le manuel couvre 24 langues<\/li>\n<\/ul>\n<p>Gr\u00e2ce \u00e0 la technologie moderne sans balais, c&#8217;est-\u00e0-dire \u00e0 l&#8217;entra\u00eenement sans carbone du moteur, vous vous \u00e9pargnez des r\u00e9parations co\u00fbteuses \u00e0 long terme, car aucun carbone dans la pi\u00e8ce \u00e0 main du moteur ne doit \u00eatre remplac\u00e9. Roulez par induction !<\/p>\n<p><strong>Garantie:<\/strong><br \/>\n2 ann\u00e9es<\/p>\n<p>Dispositif m\u00e9dical selon classe 2 a<\/p>\n","protected":false},"excerpt":{"rendered":"<p>P 350 M &#8211; syst\u00e8me d&#8217;aspiration 35 000 tr\/min<\/p>\n","protected":false},"featured_media":138304,"template":"","meta":[],"product_brand":[],"product_cat":[1480],"product_tag":[],"class_list":{"0":"post-138284","1":"product","2":"type-product","3":"status-publish","4":"has-post-thumbnail","6":"product_cat-limes-a-ongles-electriques","8":"first","9":"instock","10":"shipping-taxable","11":"purchasable","12":"product-type-simple"},"_links":{"self":[{"href":"http:\/\/moby-hub.com\/fr\/wp-json\/wp\/v2\/product\/138284","targetHints":{"allow":["GET"]}}],"collection":[{"href":"http:\/\/moby-hub.com\/fr\/wp-json\/wp\/v2\/product"}],"about":[{"href":"http:\/\/moby-hub.com\/fr\/wp-json\/wp\/v2\/types\/product"}],"wp:featuredmedia":[{"embeddable":true,"href":"http:\/\/moby-hub.com\/fr\/wp-json\/wp\/v2\/media\/138304"}],"wp:attachment":[{"href":"http:\/\/moby-hub.com\/fr\/wp-json\/wp\/v2\/media?parent=138284"}],"wp:term":[{"taxonomy":"product_brand","embeddable":true,"href":"http:\/\/moby-hub.com\/fr\/wp-json\/wp\/v2\/product_brand?post=138284"},{"taxonomy":"product_cat","embeddable":true,"href":"http:\/\/moby-hub.com\/fr\/wp-json\/wp\/v2\/product_cat?post=138284"},{"taxonomy":"product_tag","embeddable":true,"href":"http:\/\/moby-hub.com\/fr\/wp-json\/wp\/v2\/product_tag?post=138284"}],"curies":[{"name":"wp","href":"https:\/\/api.w.org\/{rel}","templated":true}]}}