{"id":138383,"date":"2024-05-05T00:34:12","date_gmt":"2024-05-04T22:34:12","guid":{"rendered":"https:\/\/moby-hub.com\/?post_type=product&#038;p=138383"},"modified":"2024-05-05T00:41:34","modified_gmt":"2024-05-04T22:41:34","slug":"tritor-touch-35-000-tr-min","status":"publish","type":"product","link":"http:\/\/moby-hub.com\/fr\/Produkt\/tritor-touch-35-000-tr-min\/","title":{"rendered":"Tritor Touch &#8211; 35 000 tr\/min"},"content":{"rendered":"<p>&nbsp;<\/p>\n<p>Dans un langage de conception bien connu et populaire, mais avec des dimensions plus compactes, le Tritor Touch s&#8217;adapte discr\u00e8tement sur la table de travail et est pr\u00eat \u00e0 fournir jusqu&#8217;\u00e0 48 watts de puissance \u00e0 un maximum de 35 000 tours par minute \u00e0 l&#8217;ultra-l\u00e9ger et pi\u00e8ce \u00e0 main silencieuse et sans carbone.<\/p>\n<p>D\u00e9tails:<\/p>\n<p>Unit\u00e9 de commande num\u00e9rique compacte<br \/>\n\u00c9cran avec affichage de la vitesse<br \/>\n48 watts<br \/>\n35 000 tours par minute, r\u00e9glable par pas de 1 000<br \/>\nPi\u00e8ce \u00e0 main extr\u00eamement silencieuse et fonctionnant sans probl\u00e8me<br \/>\nPi\u00e8ce \u00e0 main au charbon et sans entretien<br \/>\nRotation droite\/gauche<br \/>\nSyst\u00e8me de r\u00e9sistance intelligent (IRS) \u2013 Arr\u00eat automatique lorsque la pi\u00e8ce \u00e0 main est bloqu\u00e9e<br \/>\n\u00c9lastique antid\u00e9rapant pour la poign\u00e9e inclus<br \/>\nP\u00e9dale (peut \u00eatre utilis\u00e9e en option) incluse<br \/>\nAlimentation incluse<\/p>\n<p>Une paire de charbons de meulage de remplacement<\/p>\n<p>Instructions d\u00e9taill\u00e9es en 24 langues<\/p>\n<p>Garantie 2 ans<\/p>\n","protected":false},"excerpt":{"rendered":"<p>&nbsp; Dans un langage de conception bien connu et populaire, mais avec des dimensions plus compactes, le Tritor Touch s&#8217;adapte discr\u00e8tement sur la table de travail et est pr\u00eat \u00e0 fournir jusqu&#8217;\u00e0 48 watts de puissance \u00e0 un maximum de 35 000 tours par minute \u00e0 l&#8217;ultra-l\u00e9ger et pi\u00e8ce \u00e0 main silencieuse et sans carbone. [&hellip;]<\/p>\n","protected":false},"featured_media":138403,"template":"","meta":[],"product_brand":[],"product_cat":[1480],"product_tag":[],"class_list":{"0":"post-138383","1":"product","2":"type-product","3":"status-publish","4":"has-post-thumbnail","6":"product_cat-limes-a-ongles-electriques","8":"first","9":"instock","10":"shipping-taxable","11":"purchasable","12":"product-type-simple"},"_links":{"self":[{"href":"http:\/\/moby-hub.com\/fr\/wp-json\/wp\/v2\/product\/138383","targetHints":{"allow":["GET"]}}],"collection":[{"href":"http:\/\/moby-hub.com\/fr\/wp-json\/wp\/v2\/product"}],"about":[{"href":"http:\/\/moby-hub.com\/fr\/wp-json\/wp\/v2\/types\/product"}],"wp:featuredmedia":[{"embeddable":true,"href":"http:\/\/moby-hub.com\/fr\/wp-json\/wp\/v2\/media\/138403"}],"wp:attachment":[{"href":"http:\/\/moby-hub.com\/fr\/wp-json\/wp\/v2\/media?parent=138383"}],"wp:term":[{"taxonomy":"product_brand","embeddable":true,"href":"http:\/\/moby-hub.com\/fr\/wp-json\/wp\/v2\/product_brand?post=138383"},{"taxonomy":"product_cat","embeddable":true,"href":"http:\/\/moby-hub.com\/fr\/wp-json\/wp\/v2\/product_cat?post=138383"},{"taxonomy":"product_tag","embeddable":true,"href":"http:\/\/moby-hub.com\/fr\/wp-json\/wp\/v2\/product_tag?post=138383"}],"curies":[{"name":"wp","href":"https:\/\/api.w.org\/{rel}","templated":true}]}}