{"id":138625,"date":"2024-05-08T08:05:42","date_gmt":"2024-05-08T06:05:42","guid":{"rendered":"https:\/\/moby-hub.com\/?post_type=product&#038;p=138625"},"modified":"2024-05-08T09:29:00","modified_gmt":"2024-05-08T07:29:00","slug":"chaise-avec-dossier","status":"publish","type":"product","link":"http:\/\/moby-hub.com\/fr\/Produkt\/chaise-avec-dossier\/","title":{"rendered":"Chaise avec dossier"},"content":{"rendered":"<p>Tabouret roulant avec dossier<\/p>\n<p>\u2022 Chaise avec dossier<br \/>\n\u2022 R\u00e9glage continu de la hauteur de 55\/74 cm<br \/>\n\u2022 Rembourrage en PVC de haute qualit\u00e9<br \/>\n\u2022 Base stable \u00e0 5 pieds avec roulettes<\/p>\n<p>Dimensions:<\/p>\n<p>Largeur<br \/>\n34 cm<\/p>\n<p>profondeur<br \/>\n34 cm<\/p>\n<p>Hauteur<br \/>\n55 \u00e0 74 cm<\/p>\n<p>Couleur:<\/p>\n<p>23 couleurs sont disponibles au choix<\/p>\n<p>Veuillez inclure le num\u00e9ro correspondant \u00e0 votre s\u00e9lection de couleurs lors de la commande<\/p>\n","protected":false},"excerpt":{"rendered":"<p>Tabouret roulant avec dossier \u2022 Chaise avec dossier \u2022 R\u00e9glage continu de la hauteur de 55\/74 cm \u2022 Rembourrage en PVC de haute qualit\u00e9 \u2022 Base stable \u00e0 5 pieds avec roulettes Dimensions: Largeur 34 cm profondeur 34 cm Hauteur 55 \u00e0 74 cm Couleur: 23 couleurs sont disponibles au choix Veuillez inclure le num\u00e9ro [&hellip;]<\/p>\n","protected":false},"featured_media":138622,"template":"","meta":[],"product_brand":[],"product_cat":[5460],"product_tag":[],"class_list":{"0":"post-138625","1":"product","2":"type-product","3":"status-publish","4":"has-post-thumbnail","6":"product_cat-fauteuils-chaises","8":"first","9":"instock","10":"shipping-taxable","11":"purchasable","12":"product-type-simple"},"_links":{"self":[{"href":"http:\/\/moby-hub.com\/fr\/wp-json\/wp\/v2\/product\/138625","targetHints":{"allow":["GET"]}}],"collection":[{"href":"http:\/\/moby-hub.com\/fr\/wp-json\/wp\/v2\/product"}],"about":[{"href":"http:\/\/moby-hub.com\/fr\/wp-json\/wp\/v2\/types\/product"}],"wp:featuredmedia":[{"embeddable":true,"href":"http:\/\/moby-hub.com\/fr\/wp-json\/wp\/v2\/media\/138622"}],"wp:attachment":[{"href":"http:\/\/moby-hub.com\/fr\/wp-json\/wp\/v2\/media?parent=138625"}],"wp:term":[{"taxonomy":"product_brand","embeddable":true,"href":"http:\/\/moby-hub.com\/fr\/wp-json\/wp\/v2\/product_brand?post=138625"},{"taxonomy":"product_cat","embeddable":true,"href":"http:\/\/moby-hub.com\/fr\/wp-json\/wp\/v2\/product_cat?post=138625"},{"taxonomy":"product_tag","embeddable":true,"href":"http:\/\/moby-hub.com\/fr\/wp-json\/wp\/v2\/product_tag?post=138625"}],"curies":[{"name":"wp","href":"https:\/\/api.w.org\/{rel}","templated":true}]}}