{"id":138653,"date":"2024-05-08T08:20:11","date_gmt":"2024-05-08T06:20:11","guid":{"rendered":"https:\/\/moby-hub.com\/?post_type=product&#038;p=138653"},"modified":"2024-05-08T09:46:31","modified_gmt":"2024-05-08T07:46:31","slug":"tabouret-pivotant-avec-siege-arrondi","status":"publish","type":"product","link":"http:\/\/moby-hub.com\/fr\/Produkt\/tabouret-pivotant-avec-siege-arrondi\/","title":{"rendered":"Tabouret pivotant avec si\u00e8ge arrondi"},"content":{"rendered":"<p>Tabouret pivotant avec si\u00e8ge arrondi<\/p>\n<p>\u2022 L&#8217;assise est arrondie<br \/>\n\u2022 Rembourrage de haute qualit\u00e9 de 9 cm d&#8217;\u00e9paisseur<br \/>\n\u2022 R\u00e9glage continu de la hauteur de 52\/72 cm<br \/>\n\u2022 Diam\u00e8tre du rembourrage 45 cm<br \/>\n\u2022 Base stable \u00e0 5 pieds avec roues chrom\u00e9es<\/p>\n<p>Diam\u00e8tre:<\/p>\n<p>Largeur<br \/>\n45 cm<\/p>\n<p>Couleur:<\/p>\n<p>23 couleurs sont disponibles au choix<\/p>\n<p>Veuillez inclure le num\u00e9ro correspondant \u00e0 votre s\u00e9lection de couleurs lors de la commande<\/p>\n","protected":false},"excerpt":{"rendered":"<p>Tabouret pivotant avec si\u00e8ge arrondi \u2022 L&#8217;assise est arrondie \u2022 Rembourrage de haute qualit\u00e9 de 9 cm d&#8217;\u00e9paisseur \u2022 R\u00e9glage continu de la hauteur de 52\/72 cm \u2022 Diam\u00e8tre du rembourrage 45 cm \u2022 Base stable \u00e0 5 pieds avec roues chrom\u00e9es Diam\u00e8tre: Largeur 45 cm Couleur: 23 couleurs sont disponibles au choix Veuillez inclure [&hellip;]<\/p>\n","protected":false},"featured_media":138637,"template":"","meta":[],"product_brand":[],"product_cat":[5460],"product_tag":[],"class_list":{"0":"post-138653","1":"product","2":"type-product","3":"status-publish","4":"has-post-thumbnail","6":"product_cat-fauteuils-chaises","8":"first","9":"instock","10":"shipping-taxable","11":"purchasable","12":"product-type-simple"},"_links":{"self":[{"href":"http:\/\/moby-hub.com\/fr\/wp-json\/wp\/v2\/product\/138653","targetHints":{"allow":["GET"]}}],"collection":[{"href":"http:\/\/moby-hub.com\/fr\/wp-json\/wp\/v2\/product"}],"about":[{"href":"http:\/\/moby-hub.com\/fr\/wp-json\/wp\/v2\/types\/product"}],"wp:featuredmedia":[{"embeddable":true,"href":"http:\/\/moby-hub.com\/fr\/wp-json\/wp\/v2\/media\/138637"}],"wp:attachment":[{"href":"http:\/\/moby-hub.com\/fr\/wp-json\/wp\/v2\/media?parent=138653"}],"wp:term":[{"taxonomy":"product_brand","embeddable":true,"href":"http:\/\/moby-hub.com\/fr\/wp-json\/wp\/v2\/product_brand?post=138653"},{"taxonomy":"product_cat","embeddable":true,"href":"http:\/\/moby-hub.com\/fr\/wp-json\/wp\/v2\/product_cat?post=138653"},{"taxonomy":"product_tag","embeddable":true,"href":"http:\/\/moby-hub.com\/fr\/wp-json\/wp\/v2\/product_tag?post=138653"}],"curies":[{"name":"wp","href":"https:\/\/api.w.org\/{rel}","templated":true}]}}