{"id":138662,"date":"2024-05-08T08:30:10","date_gmt":"2024-05-08T06:30:10","guid":{"rendered":"https:\/\/moby-hub.com\/?post_type=product&#038;p=138662"},"modified":"2024-05-08T09:59:34","modified_gmt":"2024-05-08T07:59:34","slug":"tabouret-pivotant-podiatre","status":"publish","type":"product","link":"http:\/\/moby-hub.com\/fr\/Produkt\/tabouret-pivotant-podiatre\/","title":{"rendered":"Tabouret pivotant podiatre"},"content":{"rendered":"<p>Tabouret pivotant podiatre<\/p>\n<p>Ce Tabouret pivotant est particuli\u00e8rement adapt\u00e9 au soin des pieds, le dossier sym\u00e9trique est<br \/>\nPeut pivoter \u00e0 360 degr\u00e9s et permet de reposer le coude pour les droitiers et les gauchers.<\/p>\n<p>D\u00e9tails:<\/p>\n<p>Dossier en plastique noir, facile \u00e0 d\u00e9sinfecter<br \/>\nBase noire \u00e0 5 roues<br \/>\nHauteur r\u00e9glable d&#8217;environ 44 \/ 54 cm<br \/>\nAssise ronde d&#8217;un diam\u00e8tre d&#8217;environ 40 cm.<br \/>\nRembourrage blanc confortable de 9 cm d&#8217;\u00e9paisseur<br \/>\nPoids : environ 9,5 kg<br \/>\nBase stable \u00e0 5 pieds avec roulettes<\/p>\n<p>Couleur:<\/p>\n<p>23 couleurs sont disponibles au choix<\/p>\n<p>Veuillez inclure le num\u00e9ro correspondant \u00e0 votre s\u00e9lection de couleurs lors de la commande<\/p>\n","protected":false},"excerpt":{"rendered":"<p>Tabouret pivotant podiatre Ce Tabouret pivotant est particuli\u00e8rement adapt\u00e9 au soin des pieds, le dossier sym\u00e9trique est Peut pivoter \u00e0 360 degr\u00e9s et permet de reposer le coude pour les droitiers et les gauchers. D\u00e9tails: Dossier en plastique noir, facile \u00e0 d\u00e9sinfecter Base noire \u00e0 5 roues Hauteur r\u00e9glable d&#8217;environ 44 \/ 54 cm Assise [&hellip;]<\/p>\n","protected":false},"featured_media":138645,"template":"","meta":[],"product_brand":[],"product_cat":[5460],"product_tag":[],"class_list":{"0":"post-138662","1":"product","2":"type-product","3":"status-publish","4":"has-post-thumbnail","6":"product_cat-fauteuils-chaises","8":"first","9":"instock","10":"shipping-taxable","11":"purchasable","12":"product-type-simple"},"_links":{"self":[{"href":"http:\/\/moby-hub.com\/fr\/wp-json\/wp\/v2\/product\/138662","targetHints":{"allow":["GET"]}}],"collection":[{"href":"http:\/\/moby-hub.com\/fr\/wp-json\/wp\/v2\/product"}],"about":[{"href":"http:\/\/moby-hub.com\/fr\/wp-json\/wp\/v2\/types\/product"}],"wp:featuredmedia":[{"embeddable":true,"href":"http:\/\/moby-hub.com\/fr\/wp-json\/wp\/v2\/media\/138645"}],"wp:attachment":[{"href":"http:\/\/moby-hub.com\/fr\/wp-json\/wp\/v2\/media?parent=138662"}],"wp:term":[{"taxonomy":"product_brand","embeddable":true,"href":"http:\/\/moby-hub.com\/fr\/wp-json\/wp\/v2\/product_brand?post=138662"},{"taxonomy":"product_cat","embeddable":true,"href":"http:\/\/moby-hub.com\/fr\/wp-json\/wp\/v2\/product_cat?post=138662"},{"taxonomy":"product_tag","embeddable":true,"href":"http:\/\/moby-hub.com\/fr\/wp-json\/wp\/v2\/product_tag?post=138662"}],"curies":[{"name":"wp","href":"https:\/\/api.w.org\/{rel}","templated":true}]}}