{"id":138666,"date":"2024-05-08T08:42:33","date_gmt":"2024-05-08T06:42:33","guid":{"rendered":"https:\/\/moby-hub.com\/?post_type=product&#038;p=138666"},"modified":"2024-05-08T10:09:07","modified_gmt":"2024-05-08T08:09:07","slug":"chaise-professionnelle-avec-dossier","status":"publish","type":"product","link":"http:\/\/moby-hub.com\/fr\/Produkt\/chaise-professionnelle-avec-dossier\/","title":{"rendered":"Chaise professionnelle avec dossier"},"content":{"rendered":"<p>Chaise professionnelle avec dossier<\/p>\n<p>\u2022 Chaise avec dossier<br \/>\n\u2022 R\u00e9glage continu de la hauteur de 53\/84 cm<br \/>\n\u2022 Fonction d&#8217;inclinaison continue du si\u00e8ge<br \/>\n\u2022 Rembourrage de haute qualit\u00e9<br \/>\n\u2022 Dossier r\u00e9glable en continu en hauteur et en inclinaison<br \/>\n\u2022 Base stable \u00e0 5 pieds avec roues chrom\u00e9es<\/p>\n<p>Dimensions:<\/p>\n<p>Largeur<br \/>\n45 cm<\/p>\n<p>profondeur<br \/>\n45 cm<\/p>\n<p>Hauteur<br \/>\n53 \u00e0 84 cm<\/p>\n<p>Couleur:<\/p>\n<p>23 couleurs sont disponibles au choix<\/p>\n<p>Veuillez inclure le num\u00e9ro correspondant \u00e0 votre s\u00e9lection de couleurs lors de la commande<\/p>\n","protected":false},"excerpt":{"rendered":"<p>Chaise professionnelle avec dossier \u2022 Chaise avec dossier \u2022 R\u00e9glage continu de la hauteur de 53\/84 cm \u2022 Fonction d&#8217;inclinaison continue du si\u00e8ge \u2022 Rembourrage de haute qualit\u00e9 \u2022 Dossier r\u00e9glable en continu en hauteur et en inclinaison \u2022 Base stable \u00e0 5 pieds avec roues chrom\u00e9es Dimensions: Largeur 45 cm profondeur 45 cm Hauteur [&hellip;]<\/p>\n","protected":false},"featured_media":138649,"template":"","meta":[],"product_brand":[],"product_cat":[5460],"product_tag":[],"class_list":{"0":"post-138666","1":"product","2":"type-product","3":"status-publish","4":"has-post-thumbnail","6":"product_cat-fauteuils-chaises","8":"first","9":"instock","10":"shipping-taxable","11":"purchasable","12":"product-type-simple"},"_links":{"self":[{"href":"http:\/\/moby-hub.com\/fr\/wp-json\/wp\/v2\/product\/138666","targetHints":{"allow":["GET"]}}],"collection":[{"href":"http:\/\/moby-hub.com\/fr\/wp-json\/wp\/v2\/product"}],"about":[{"href":"http:\/\/moby-hub.com\/fr\/wp-json\/wp\/v2\/types\/product"}],"wp:featuredmedia":[{"embeddable":true,"href":"http:\/\/moby-hub.com\/fr\/wp-json\/wp\/v2\/media\/138649"}],"wp:attachment":[{"href":"http:\/\/moby-hub.com\/fr\/wp-json\/wp\/v2\/media?parent=138666"}],"wp:term":[{"taxonomy":"product_brand","embeddable":true,"href":"http:\/\/moby-hub.com\/fr\/wp-json\/wp\/v2\/product_brand?post=138666"},{"taxonomy":"product_cat","embeddable":true,"href":"http:\/\/moby-hub.com\/fr\/wp-json\/wp\/v2\/product_cat?post=138666"},{"taxonomy":"product_tag","embeddable":true,"href":"http:\/\/moby-hub.com\/fr\/wp-json\/wp\/v2\/product_tag?post=138666"}],"curies":[{"name":"wp","href":"https:\/\/api.w.org\/{rel}","templated":true}]}}