{"id":138678,"date":"2024-05-08T10:16:34","date_gmt":"2024-05-08T08:16:34","guid":{"rendered":"https:\/\/moby-hub.com\/?post_type=product&#038;p=138678"},"modified":"2024-05-08T10:26:21","modified_gmt":"2024-05-08T08:26:21","slug":"spa-chaise-de-pedicure-hydromassage-noir","status":"publish","type":"product","link":"http:\/\/moby-hub.com\/fr\/Produkt\/spa-chaise-de-pedicure-hydromassage-noir\/","title":{"rendered":"SPA Chaise de p\u00e9dicure + Hydromassage Noir"},"content":{"rendered":"<p>SPA Chaise de p\u00e9dicure + Hydromassage Noir<\/p>\n<p>Cette chaise de p\u00e9dicure et SPA est un mod\u00e8le de tr\u00e8s haute qualit\u00e9 dans notre gamme en termes de fonctions, de caract\u00e9ristiques et de prix.<\/p>\n<p>Lecteur de musique: USB et carte SD<br \/>\nFonction massage: 6 programmes<br \/>\nFonction hydromassage: 2 modes<br \/>\nTh\u00e9rapie de couleur LED: Oui<\/p>\n<p>Fauteuil :<\/p>\n<p>\u2022 Syst\u00e8me de massage avec 3 programmes disponibles (avec fonction inverse pour un total de 6 programmes).<br \/>\n\u2022 R\u00e9glage motoris\u00e9 de l&#8217;inclinaison du dossier et de la position assise.<br \/>\n\u2022 T\u00e9l\u00e9commande.<\/p>\n<p>Hydromassage:<\/p>\n<p>\u2022 Fonction jet.<br \/>\n\u2022 Th\u00e9rapie par LED (bleu, orange, rose, rouge, vert, jaune, violet).<br \/>\n\u2022 Eau chaude et froide.<br \/>\n\u2022 Pommeau de douche avec tuyau extensible jusqu&#8217;\u00e0 1,2 m.<br \/>\n\u2022 Syst\u00e8me de drainage.<br \/>\n\u2022 M\u00e9langeur \u00e0 levier unique.<\/p>\n<p>SP\u00c9CIFICATIONS TECHNIQUES:<\/p>\n<p>\u2022 Tension: 220V<br \/>\n\u2022 Fr\u00e9quence: 60Hz<\/p>\n<p>Dimensions:<\/p>\n<p>\u2022 Longueur: 160cm<br \/>\n\u2022 Hauteur: 135cm<br \/>\n\u2022 Largeur: 118 cm<br \/>\n\u2022 Dossier: 80 cm<br \/>\n\u2022 Assise (largeur x profondeur): 57 x 55 cm<br \/>\n\u2022 Dimensions int\u00e9rieures de la baignoire (longueur x largeur x profondeur): 45 x 38 x 30 cm<br \/>\n\u2022 Angle du dossier : 105 \u00e0 135\u00b0<br \/>\n\u2022 D\u00e9placement du si\u00e8ge vers l&#8217;avant et vers l&#8217;arri\u00e8re : 0-15 cm<\/p>\n<p>Poids total:<br \/>\n\u2022 75 kg<\/p>\n<p>Couleurs:<br \/>\n\u2022 Compl\u00e8tement noir<br \/>\n\u2022 Base noire \/ assise noire<\/p>\n<p>Garantie:<br \/>\n\u2022 5 ans<\/p>\n<p>Livraison et montage inclus &#8211; dans le monde entier<\/p>\n","protected":false},"excerpt":{"rendered":"<p>SPA Chaise de p\u00e9dicure + Hydromassage Noir Cette chaise de p\u00e9dicure et SPA est un mod\u00e8le de tr\u00e8s haute qualit\u00e9 dans notre gamme en termes de fonctions, de caract\u00e9ristiques et de prix. Lecteur de musique: USB et carte SD Fonction massage: 6 programmes Fonction hydromassage: 2 modes Th\u00e9rapie de couleur LED: Oui Fauteuil : \u2022 [&hellip;]<\/p>\n","protected":false},"featured_media":138682,"template":"","meta":[],"product_brand":[],"product_cat":[5461],"product_tag":[],"class_list":{"0":"post-138678","1":"product","2":"type-product","3":"status-publish","4":"has-post-thumbnail","6":"product_cat-chaises-longues-cosmetiques-et-soins-des-pieds","8":"first","9":"instock","10":"shipping-taxable","11":"purchasable","12":"product-type-simple"},"_links":{"self":[{"href":"http:\/\/moby-hub.com\/fr\/wp-json\/wp\/v2\/product\/138678","targetHints":{"allow":["GET"]}}],"collection":[{"href":"http:\/\/moby-hub.com\/fr\/wp-json\/wp\/v2\/product"}],"about":[{"href":"http:\/\/moby-hub.com\/fr\/wp-json\/wp\/v2\/types\/product"}],"wp:featuredmedia":[{"embeddable":true,"href":"http:\/\/moby-hub.com\/fr\/wp-json\/wp\/v2\/media\/138682"}],"wp:attachment":[{"href":"http:\/\/moby-hub.com\/fr\/wp-json\/wp\/v2\/media?parent=138678"}],"wp:term":[{"taxonomy":"product_brand","embeddable":true,"href":"http:\/\/moby-hub.com\/fr\/wp-json\/wp\/v2\/product_brand?post=138678"},{"taxonomy":"product_cat","embeddable":true,"href":"http:\/\/moby-hub.com\/fr\/wp-json\/wp\/v2\/product_cat?post=138678"},{"taxonomy":"product_tag","embeddable":true,"href":"http:\/\/moby-hub.com\/fr\/wp-json\/wp\/v2\/product_tag?post=138678"}],"curies":[{"name":"wp","href":"https:\/\/api.w.org\/{rel}","templated":true}]}}