{"id":138756,"date":"2024-05-09T13:41:11","date_gmt":"2024-05-09T11:41:11","guid":{"rendered":"https:\/\/moby-hub.com\/?post_type=product&#038;p=138756"},"modified":"2024-05-09T13:44:34","modified_gmt":"2024-05-09T11:44:34","slug":"chauffe-paraffine-cire","status":"publish","type":"product","link":"http:\/\/moby-hub.com\/fr\/Produkt\/chauffe-paraffine-cire\/","title":{"rendered":"Chauffe Paraffine + Cire"},"content":{"rendered":"<p>Chauffe paraffine + cire<\/p>\n<p>Puissant et efficace<br \/>\nManipulation facile<br \/>\n\u00c9l\u00e9ment chauffant stable<\/p>\n<p>Ce chauffe-paraffine et cire professionnel, d&#8217;une capacit\u00e9 de 800 ml, dispose \u00e9galement d&#8217;un standard de s\u00e9curit\u00e9 tr\u00e8s \u00e9lev\u00e9.<\/p>\n<p>Le chauffage se produit relativement rapidement<br \/>\nManipulation facile<br \/>\nUnit\u00e9 de thermostat r\u00e9glable<br \/>\nNorme de s\u00e9curit\u00e9 \u00e9lev\u00e9e<\/p>\n<p>Donn\u00e9es techniques<\/p>\n<p>Fiche d&#8217;alimentation type C EURO DIN NORM<br \/>\nFr\u00e9quence (Hz) 50\/60<br \/>\nPuissance 300W<\/p>\n<p>garantie<br \/>\n2 ans<\/p>\n<p>contenu de la livraison<\/p>\n<p>Chauffage + couvercle<br \/>\n2 inserts diff\u00e9rents<br \/>\nAlimentation avec prise<br \/>\nManuel en 24 langues<\/p>\n","protected":false},"excerpt":{"rendered":"<p>Chauffe paraffine + cire Puissant et efficace Manipulation facile \u00c9l\u00e9ment chauffant stable Ce chauffe-paraffine et cire professionnel, d&#8217;une capacit\u00e9 de 800 ml, dispose \u00e9galement d&#8217;un standard de s\u00e9curit\u00e9 tr\u00e8s \u00e9lev\u00e9. Le chauffage se produit relativement rapidement Manipulation facile Unit\u00e9 de thermostat r\u00e9glable Norme de s\u00e9curit\u00e9 \u00e9lev\u00e9e Donn\u00e9es techniques Fiche d&#8217;alimentation type C EURO DIN NORM [&hellip;]<\/p>\n","protected":false},"featured_media":138741,"template":"","meta":[],"product_brand":[],"product_cat":[1492],"product_tag":[],"class_list":{"0":"post-138756","1":"product","2":"type-product","3":"status-publish","4":"has-post-thumbnail","6":"product_cat-rechauffeur-de-paraffine","8":"first","9":"instock","10":"shipping-taxable","11":"purchasable","12":"product-type-simple"},"_links":{"self":[{"href":"http:\/\/moby-hub.com\/fr\/wp-json\/wp\/v2\/product\/138756","targetHints":{"allow":["GET"]}}],"collection":[{"href":"http:\/\/moby-hub.com\/fr\/wp-json\/wp\/v2\/product"}],"about":[{"href":"http:\/\/moby-hub.com\/fr\/wp-json\/wp\/v2\/types\/product"}],"wp:featuredmedia":[{"embeddable":true,"href":"http:\/\/moby-hub.com\/fr\/wp-json\/wp\/v2\/media\/138741"}],"wp:attachment":[{"href":"http:\/\/moby-hub.com\/fr\/wp-json\/wp\/v2\/media?parent=138756"}],"wp:term":[{"taxonomy":"product_brand","embeddable":true,"href":"http:\/\/moby-hub.com\/fr\/wp-json\/wp\/v2\/product_brand?post=138756"},{"taxonomy":"product_cat","embeddable":true,"href":"http:\/\/moby-hub.com\/fr\/wp-json\/wp\/v2\/product_cat?post=138756"},{"taxonomy":"product_tag","embeddable":true,"href":"http:\/\/moby-hub.com\/fr\/wp-json\/wp\/v2\/product_tag?post=138756"}],"curies":[{"name":"wp","href":"https:\/\/api.w.org\/{rel}","templated":true}]}}