{"id":138776,"date":"2024-05-09T13:59:24","date_gmt":"2024-05-09T11:59:24","guid":{"rendered":"https:\/\/moby-hub.com\/?post_type=product&#038;p=138776"},"modified":"2024-05-09T14:02:50","modified_gmt":"2024-05-09T12:02:50","slug":"pec-35-classique-35-000-tr-min","status":"publish","type":"product","link":"http:\/\/moby-hub.com\/fr\/Produkt\/pec-35-classique-35-000-tr-min\/","title":{"rendered":"PEC 35 &#8211; Classique 35 000 tr\/min"},"content":{"rendered":"<p>PEC 35 &#8211; Classique 35 000 tr\/min<\/p>\n<p>Ce mod\u00e8le de la nouvelle s\u00e9rie dispose d&#8217;un verrou tournant (syst\u00e8me de lib\u00e9ration rapide) et la fonction start\/stop peut \u00e9galement \u00eatre r\u00e9alis\u00e9e \u00e0 l&#8217;aide de la p\u00e9dale.<\/p>\n<p>La pi\u00e8ce \u00e0 main puissante avec un maximum de 35 000 tr\/min est tr\u00e8s bien \u00e9quilibr\u00e9e en termes de propri\u00e9t\u00e9s dans la nouvelle s\u00e9rie et ne produit donc plus de vibrations significatives et en m\u00eame temps elle peut \u00eatre d\u00e9crite comme silencieuse.<\/p>\n<p>De plus, cette pi\u00e8ce \u00e0 main est dot\u00e9e d&#8217;un micromoteur int\u00e9gr\u00e9 sans entretien.<\/p>\n<p>La pi\u00e8ce \u00e0 main elle-m\u00eame tient tr\u00e8s bien dans la main et ne p\u00e8se que 127 g.<\/p>\n<p>L&#8217;unit\u00e9 de commande est tr\u00e8s compacte dans ses dimensions.<\/p>\n<p>Donn\u00e9es techniques<\/p>\n<p>Unit\u00e9 de contr\u00f4le<br \/>\nLongueur 19 cm, hauteur 12 cm, largeur 11 cm<\/p>\n<p>Couleur<br \/>\nGris \/ Bleu<\/p>\n<p>La pi\u00e8ce \u00e0 main a un d\u00e9bit avant et arri\u00e8re et peut \u00eatre r\u00e9gl\u00e9e en continu \u00e0 l&#8217;aide de la p\u00e9dale. En m\u00eame temps, il dispose d\u2019un micromoteur sans entretien.<\/p>\n<p>Longueur de la pi\u00e8ce \u00e0 main<br \/>\n14,3 cm<\/p>\n<p>\u00c9lectricit\u00e9<\/p>\n<p>Tension d&#8217;entr\u00e9e nominale<br \/>\n220 &#8211; 240 V, CA, 50\/60 Hz<br \/>\nTension de sortie<br \/>\nC.C 30 V<br \/>\ncapacit\u00e9 nominale<br \/>\n35 watts<\/p>\n<p>&#8211; Garantie 2 ans<br \/>\n-KVO\/MSDS\/SGS\/CE<\/p>\n","protected":false},"excerpt":{"rendered":"<p>PEC 35 &#8211; Classique 35 000 tr\/min Ce mod\u00e8le de la nouvelle s\u00e9rie dispose d&#8217;un verrou tournant (syst\u00e8me de lib\u00e9ration rapide) et la fonction start\/stop peut \u00e9galement \u00eatre r\u00e9alis\u00e9e \u00e0 l&#8217;aide de la p\u00e9dale. La pi\u00e8ce \u00e0 main puissante avec un maximum de 35 000 tr\/min est tr\u00e8s bien \u00e9quilibr\u00e9e en termes de propri\u00e9t\u00e9s dans [&hellip;]<\/p>\n","protected":false},"featured_media":138773,"template":"","meta":[],"product_brand":[],"product_cat":[1480],"product_tag":[],"class_list":{"0":"post-138776","1":"product","2":"type-product","3":"status-publish","4":"has-post-thumbnail","6":"product_cat-limes-a-ongles-electriques","8":"first","9":"instock","10":"shipping-taxable","11":"purchasable","12":"product-type-simple"},"_links":{"self":[{"href":"http:\/\/moby-hub.com\/fr\/wp-json\/wp\/v2\/product\/138776","targetHints":{"allow":["GET"]}}],"collection":[{"href":"http:\/\/moby-hub.com\/fr\/wp-json\/wp\/v2\/product"}],"about":[{"href":"http:\/\/moby-hub.com\/fr\/wp-json\/wp\/v2\/types\/product"}],"wp:featuredmedia":[{"embeddable":true,"href":"http:\/\/moby-hub.com\/fr\/wp-json\/wp\/v2\/media\/138773"}],"wp:attachment":[{"href":"http:\/\/moby-hub.com\/fr\/wp-json\/wp\/v2\/media?parent=138776"}],"wp:term":[{"taxonomy":"product_brand","embeddable":true,"href":"http:\/\/moby-hub.com\/fr\/wp-json\/wp\/v2\/product_brand?post=138776"},{"taxonomy":"product_cat","embeddable":true,"href":"http:\/\/moby-hub.com\/fr\/wp-json\/wp\/v2\/product_cat?post=138776"},{"taxonomy":"product_tag","embeddable":true,"href":"http:\/\/moby-hub.com\/fr\/wp-json\/wp\/v2\/product_tag?post=138776"}],"curies":[{"name":"wp","href":"https:\/\/api.w.org\/{rel}","templated":true}]}}