{"id":139322,"date":"2024-06-08T11:26:06","date_gmt":"2024-06-08T09:26:06","guid":{"rendered":"https:\/\/moby-hub.com\/?post_type=product&#038;p=139322"},"modified":"2024-06-08T11:31:39","modified_gmt":"2024-06-08T09:31:39","slug":"lampe-loupe-led","status":"publish","type":"product","link":"http:\/\/moby-hub.com\/fr\/Produkt\/lampe-loupe-led\/","title":{"rendered":"Lampe loupe LED"},"content":{"rendered":"<p>Lampe loupe LED avec syst\u00e8me de commande tactile pour le r\u00e9glage de la luminosit\u00e9<\/p>\n<p>\u2022 Avec 6 dioptries pour un grossissement optimal<br \/>\n\u2022 Syst\u00e8me de contr\u00f4le tactile pour le r\u00e9glage de la luminosit\u00e9<\/p>\n<p>Ce lampadaire offre une hauteur flexible et une base enroulable pour pouvoir \u00eatre facilement d\u00e9plac\u00e9 d&#8217;un endroit \u00e0 un autre. La base est dot\u00e9e de 6 roulettes \u00e0 roulement \u00e0 billes qui assurent une plus grande mobilit\u00e9 et s\u00e9curit\u00e9. Gr\u00e2ce \u00e0 la base circulaire solide, la stabilit\u00e9 et la stabilit\u00e9 sont garanties, de sorte que diverses surfaces telles que la moquette, le bois dur et le carrelage peuvent \u00eatre utilis\u00e9es. En m\u00eame temps, cette lampe peut \u00eatre r\u00e9gl\u00e9e dans n&#8217;importe quelle direction et hauteur, ce qui garantit un \u00e9clairage optimal de la zone de travail.<\/p>\n<p>Avec des dimensions compactes de 80 x 45 x 130 cm et un diam\u00e8tre de base de 15 pouces, cette s\u00e9rie est con\u00e7ue pour offrir polyvalence et fonctionnalit\u00e9. Le cadre de lampe ci-dessus peut \u00e9galement \u00eatre fix\u00e9 \u00e0 une table ou \u00e0 un autre meuble \u00e0 l&#8217;aide d&#8217;une pince.<\/p>\n<p>Une lumi\u00e8re LED \u00e9conome en \u00e9nergie est utilis\u00e9e, qui ne n\u00e9cessite que 9 watts. De plus, la s\u00e9curit\u00e9 et le confort sont garantis car lors d&#8217;un travail de plusieurs heures, il n&#8217;y a pas de surchauffe, mais la lampe reste froide et aucun \u00e9blouissement et\/ou reflet ne se produit. La luminosit\u00e9 g\u00e9n\u00e9r\u00e9e \u00e0 800 lumens assure un \u00e9clairage g\u00e9n\u00e9reux.<\/p>\n<p>Dimensions de la lampe<br \/>\n80x45x130cm<\/p>\n<p>Poids<br \/>\n14KG<\/p>\n<p>Dimensions des verres<br \/>\n14x11cm<\/p>\n<p>Mat\u00e9riau de la lentille<br \/>\nVerre<\/p>\n","protected":false},"excerpt":{"rendered":"<p>Lampe loupe LED avec syst\u00e8me de commande tactile pour le r\u00e9glage de la luminosit\u00e9 \u2022 Avec 6 dioptries pour un grossissement optimal \u2022 Syst\u00e8me de contr\u00f4le tactile pour le r\u00e9glage de la luminosit\u00e9 Ce lampadaire offre une hauteur flexible et une base enroulable pour pouvoir \u00eatre facilement d\u00e9plac\u00e9 d&#8217;un endroit \u00e0 un autre. La base [&hellip;]<\/p>\n","protected":false},"featured_media":139279,"template":"","meta":[],"product_brand":[],"product_cat":[1464,5224],"product_tag":[],"class_list":{"0":"post-139322","1":"product","2":"type-product","3":"status-publish","4":"has-post-thumbnail","6":"product_cat-lampes-de-table","7":"product_cat-mobile-stationnaire","9":"first","10":"instock","11":"shipping-taxable","12":"purchasable","13":"product-type-simple"},"_links":{"self":[{"href":"http:\/\/moby-hub.com\/fr\/wp-json\/wp\/v2\/product\/139322","targetHints":{"allow":["GET"]}}],"collection":[{"href":"http:\/\/moby-hub.com\/fr\/wp-json\/wp\/v2\/product"}],"about":[{"href":"http:\/\/moby-hub.com\/fr\/wp-json\/wp\/v2\/types\/product"}],"wp:featuredmedia":[{"embeddable":true,"href":"http:\/\/moby-hub.com\/fr\/wp-json\/wp\/v2\/media\/139279"}],"wp:attachment":[{"href":"http:\/\/moby-hub.com\/fr\/wp-json\/wp\/v2\/media?parent=139322"}],"wp:term":[{"taxonomy":"product_brand","embeddable":true,"href":"http:\/\/moby-hub.com\/fr\/wp-json\/wp\/v2\/product_brand?post=139322"},{"taxonomy":"product_cat","embeddable":true,"href":"http:\/\/moby-hub.com\/fr\/wp-json\/wp\/v2\/product_cat?post=139322"},{"taxonomy":"product_tag","embeddable":true,"href":"http:\/\/moby-hub.com\/fr\/wp-json\/wp\/v2\/product_tag?post=139322"}],"curies":[{"name":"wp","href":"https:\/\/api.w.org\/{rel}","templated":true}]}}