{"id":139676,"date":"2024-07-13T15:56:44","date_gmt":"2024-07-13T13:56:44","guid":{"rendered":"https:\/\/moby-hub.com\/?post_type=product&#038;p=139676"},"modified":"2024-07-13T16:00:23","modified_gmt":"2024-07-13T14:00:23","slug":"contrat-de-service-et-de-maintenance-pendant-3-ans","status":"publish","type":"product","link":"http:\/\/moby-hub.com\/fr\/Produkt\/contrat-de-service-et-de-maintenance-pendant-3-ans\/","title":{"rendered":"Contrat de service et de maintenance pendant 3 ans"},"content":{"rendered":"<p>Contrat de service et de maintenance pendant 3 ans<\/p>\n<p><strong>Service et entretien<\/strong><\/p>\n<p>Une maintenance standard tous les 6 mois vous offre une s\u00e9curit\u00e9 optimale. Cela garantit que la dur\u00e9e de vie de votre \u00e9quipement est garantie et que son bon fonctionnement est maintenu \u00e0 long terme.<\/p>\n<p>De plus, ce contrat de service et de maintenance comprend non seulement un entretien tous les 6 mois, mais \u00e9galement une r\u00e9paration rapide en cas de probl\u00e8me.<\/p>\n<p>Le contrat de service et de maintenance comprend les r\u00e9parations et la maintenance impr\u00e9vues tous les 6 mois. En concluant ce contrat, nous assurerons votre appareil aupr\u00e8s d&#8217;une compagnie d&#8217;assurance r\u00e9put\u00e9e afin que tous les frais occasionn\u00e9s soient couverts pendant 3 ans.<\/p>\n<p>Un contrat de service et de maintenance peut \u00eatre conclu pour tous les appareils \u00e9lectriques.<\/p>\n<p><strong>Processus de service et de maintenance<\/strong><\/p>\n<p>La maintenance des appareils est effectu\u00e9e tous les 6 mois par nos soins et\/ou par le fabricant<br \/>\nL&#8217;appareil sera r\u00e9cup\u00e9r\u00e9 chez vous (vous serez inform\u00e9 10 jours \u00e0 l&#8217;avance)<br \/>\nEn cas de r\u00e9paration impr\u00e9vue, vous pouvez demander un enl\u00e8vement en vous connectant sur notre site internet<br \/>\nNous vous livrerons un nouvel appareil de remplacement pendant toute la dur\u00e9e des travaux de service et de maintenance.<br \/>\nUne fois les travaux de maintenance termin\u00e9s, nous vous livrerons votre appareil<br \/>\nLors de la remise, le livreur prendra en charge l&#8217;appareil de remplacement qui vous a \u00e9t\u00e9 fourni<br \/>\nAucun frais pour vous pour les r\u00e9parations et\/ou l&#8217;entretien<br \/>\nAucun frais pour la livraison et la collecte de l&#8217;appareil<\/p>\n","protected":false},"excerpt":{"rendered":"<p>Contrat de service et de maintenance pendant 3 ans Service et entretien Une maintenance standard tous les 6 mois vous offre une s\u00e9curit\u00e9 optimale. Cela garantit que la dur\u00e9e de vie de votre \u00e9quipement est garantie et que son bon fonctionnement est maintenu \u00e0 long terme. De plus, ce contrat de service et de maintenance [&hellip;]<\/p>\n","protected":false},"featured_media":139671,"template":"","meta":[],"product_brand":[],"product_cat":[5265],"product_tag":[],"class_list":{"0":"post-139676","1":"product","2":"type-product","3":"status-publish","4":"has-post-thumbnail","6":"product_cat-accessoires-pour-limes-a-ongles-electriques","8":"first","9":"instock","10":"shipping-taxable","11":"purchasable","12":"product-type-simple"},"_links":{"self":[{"href":"http:\/\/moby-hub.com\/fr\/wp-json\/wp\/v2\/product\/139676","targetHints":{"allow":["GET"]}}],"collection":[{"href":"http:\/\/moby-hub.com\/fr\/wp-json\/wp\/v2\/product"}],"about":[{"href":"http:\/\/moby-hub.com\/fr\/wp-json\/wp\/v2\/types\/product"}],"wp:featuredmedia":[{"embeddable":true,"href":"http:\/\/moby-hub.com\/fr\/wp-json\/wp\/v2\/media\/139671"}],"wp:attachment":[{"href":"http:\/\/moby-hub.com\/fr\/wp-json\/wp\/v2\/media?parent=139676"}],"wp:term":[{"taxonomy":"product_brand","embeddable":true,"href":"http:\/\/moby-hub.com\/fr\/wp-json\/wp\/v2\/product_brand?post=139676"},{"taxonomy":"product_cat","embeddable":true,"href":"http:\/\/moby-hub.com\/fr\/wp-json\/wp\/v2\/product_cat?post=139676"},{"taxonomy":"product_tag","embeddable":true,"href":"http:\/\/moby-hub.com\/fr\/wp-json\/wp\/v2\/product_tag?post=139676"}],"curies":[{"name":"wp","href":"https:\/\/api.w.org\/{rel}","templated":true}]}}