{"id":140910,"date":"2025-08-12T17:41:06","date_gmt":"2025-08-12T15:41:06","guid":{"rendered":"http:\/\/moby-hub.com\/?post_type=product&#038;p=140910"},"modified":"2025-09-04T00:40:43","modified_gmt":"2025-09-03T22:40:43","slug":"nova-se-fr","status":"publish","type":"product","link":"http:\/\/moby-hub.com\/fr\/Produkt\/nova-se-fr\/","title":{"rendered":"NOVA SE"},"content":{"rendered":"<p>NOVA SE<\/p>\n<p>Domaines d&#8217;application:<\/p>\n<p>Mobile \/ hospitalis\u00e9 &#8211; Coins des pieds<br \/>\nMobile \/ stationnaire &#8211; conception des ongles<\/p>\n<p>Fonctionnement facile avec la technologie du syst\u00e8me tactile.<br \/>\nCligne \u00e0 main ergonomique de haute qualit\u00e9 con\u00e7ue intelligente 90g.<br \/>\nSuppl\u00e9ment Power Max jusqu&#8217;\u00e0 255 litres par minute.<br \/>\nAppareil de commutation interchangeable sans compromis qui est impressionnant.<\/p>\n<p>Facteurs concises<\/p>\n<p>D\u00e9marrer et arr\u00eater automatiquement<br \/>\nEnv. 3 000 traitements par sac de filtre HEPA<br \/>\nEnv. 150 traitements par sac de filtre \u00e0 poussi\u00e8re<br \/>\nClasse de produits m\u00e9dicaux 2A<\/p>\n<p>Unit\u00e9 de contr\u00f4le<\/p>\n<p>Affichage tactile TFT avec 4,7 pouces<br \/>\nProfils d&#8217;utilisateurs<br \/>\nD\u00e9finition des favoris<br \/>\nIndicateur de niveau de remplissage du sac \u00e0 poussi\u00e8re<br \/>\n24 Param\u00e8tres de langue disponibles<\/p>\n<p>Dimensions de l&#8217;unit\u00e9 de commande<\/p>\n<p>Largeur<br \/>\n25,1 cm<\/p>\n<p>profondeur<br \/>\n26,8 cm<\/p>\n<p>Hauteur<br \/>\n12,2 cm<\/p>\n<p>Pi\u00e8ce \u00e0 main de haute qualit\u00e9<\/p>\n<p>Avec une vitesse de 30 000 tr \/ min<br \/>\nLe poids de la pi\u00e8ce \u00e0 main est de 90 g<br \/>\nSt\u00e9rilisable<br \/>\nTuyau d&#8217;aspiration flexible avec une longueur de 1,45 m<br \/>\nTuyau d&#8217;aspiration flexible avec articulation rotative<br \/>\nTuyau d&#8217;aspiration flexible avec fonction de nettoyage<br \/>\nPuissance d&#8217;aspiration maximale 255 l \/ min.<\/p>\n<p>Garantie et maintenance<\/p>\n<p>Garantie de 2 ans<br \/>\nIntervalle de maintenance de 3 ans<\/p>\n","protected":false},"excerpt":{"rendered":"<p>NOVA SE Domaines d&#8217;application: Mobile \/ hospitalis\u00e9 &#8211; Coins des pieds Mobile \/ stationnaire &#8211; conception des ongles Fonctionnement facile avec la technologie du syst\u00e8me tactile. Cligne \u00e0 main ergonomique de haute qualit\u00e9 con\u00e7ue intelligente 90g. Suppl\u00e9ment Power Max jusqu&#8217;\u00e0 255 litres par minute. Appareil de commutation interchangeable sans compromis qui est impressionnant. Facteurs concises [&hellip;]<\/p>\n","protected":false},"featured_media":140930,"template":"","meta":[],"product_brand":[],"product_cat":[1480],"product_tag":[],"class_list":{"0":"post-140910","1":"product","2":"type-product","3":"status-publish","4":"has-post-thumbnail","6":"product_cat-limes-a-ongles-electriques","8":"first","9":"instock","10":"shipping-taxable","11":"purchasable","12":"product-type-simple"},"_links":{"self":[{"href":"http:\/\/moby-hub.com\/fr\/wp-json\/wp\/v2\/product\/140910","targetHints":{"allow":["GET"]}}],"collection":[{"href":"http:\/\/moby-hub.com\/fr\/wp-json\/wp\/v2\/product"}],"about":[{"href":"http:\/\/moby-hub.com\/fr\/wp-json\/wp\/v2\/types\/product"}],"wp:featuredmedia":[{"embeddable":true,"href":"http:\/\/moby-hub.com\/fr\/wp-json\/wp\/v2\/media\/140930"}],"wp:attachment":[{"href":"http:\/\/moby-hub.com\/fr\/wp-json\/wp\/v2\/media?parent=140910"}],"wp:term":[{"taxonomy":"product_brand","embeddable":true,"href":"http:\/\/moby-hub.com\/fr\/wp-json\/wp\/v2\/product_brand?post=140910"},{"taxonomy":"product_cat","embeddable":true,"href":"http:\/\/moby-hub.com\/fr\/wp-json\/wp\/v2\/product_cat?post=140910"},{"taxonomy":"product_tag","embeddable":true,"href":"http:\/\/moby-hub.com\/fr\/wp-json\/wp\/v2\/product_tag?post=140910"}],"curies":[{"name":"wp","href":"https:\/\/api.w.org\/{rel}","templated":true}]}}