{"id":140963,"date":"2025-08-13T11:40:35","date_gmt":"2025-08-13T09:40:35","guid":{"rendered":"http:\/\/moby-hub.com\/?post_type=product&#038;p=140963"},"modified":"2025-09-04T00:40:43","modified_gmt":"2025-09-03T22:40:43","slug":"nova-pro-fr","status":"publish","type":"product","link":"http:\/\/moby-hub.com\/fr\/Produkt\/nova-pro-fr\/","title":{"rendered":"NOVA PRO"},"content":{"rendered":"<p>NOVA PRO<\/p>\n<p>Domaines d&#8217;application\u00a0:<\/p>\n<p>Soins des pieds mobiles\/stationnaires<br \/>\nConstruction des ongles mobiles\/stationnaires<\/p>\n<p>Fonctionnement simple gr\u00e2ce \u00e0 la technologie tactile.<br \/>\nPi\u00e8ce \u00e0 main ergonomique de 90\u00a0g, de haute qualit\u00e9 et au design intelligent.<br \/>\nPuissance d&#8217;aspiration maximale\u00a0: jusqu&#8217;\u00e0 342\u00a0litres par minute.<br \/>\nSyst\u00e8me de t\u00eates de serrage interchangeables sans compromis, impressionnant.<\/p>\n<p>Caract\u00e9ristiques principales<\/p>\n<p>D\u00e9marrage et arr\u00eat automatiques<br \/>\nEnviron 3\u00a0000\u00a0traitements par sac filtrant HEPA<br \/>\nEnviron 150 traitements par sac filtrant<br \/>\nDispositif m\u00e9dical de classe 2a<\/p>\n<p>Unit\u00e9 de commande<\/p>\n<p>\u00c9cran tactile TFT amovible de 7,8 pouces<br \/>\nNombre de profils utilisateur\u00a0: 30<br \/>\nFavoris\u00a0: Jusqu\u2019\u00e0 30 options<br \/>\nIndicateur de niveau de remplissage du sac \u00e0 poussi\u00e8re<br \/>\n24 langues disponibles<\/p>\n<p>Dimensions de l\u2019unit\u00e9 de commande<\/p>\n<p>Largeur<br \/>\n25,1 cm<\/p>\n<p>Profondeur<br \/>\n26,8 cm<\/p>\n<p>Hauteur<br \/>\n12,2 cm<\/p>\n<p>Pi\u00e8ce \u00e0 main de haute qualit\u00e9<\/p>\n<p>Vitesse de rotation\u00a0: 40\u00a0000 tr\/min<br \/>\nPoids de la pi\u00e8ce \u00e0 main\u00a0: 90 g<br \/>\nT\u00eate de serrage interchangeable et st\u00e9rilisable<br \/>\nRotation gauche\/droite<br \/>\nTuyau d\u2019aspiration flexible de 1,45 m<br \/>\nTuyau d\u2019aspiration flexible avec joint rotatif<br \/>\nTuyau d\u2019aspiration flexible avec fonction de nettoyage<br \/>\nD\u00e9bit d\u2019aspiration maximal\u00a0: 342 l\/min<\/p>\n<p>Garantie et entretien<\/p>\n<p>Garantie de 2 ans<br \/>\nIntervalle d\u2019entretien de 3 ans<\/p>\n","protected":false},"excerpt":{"rendered":"<p>NOVA PRO Domaines d&#8217;application\u00a0: Soins des pieds mobiles\/stationnaires Construction des ongles mobiles\/stationnaires Fonctionnement simple gr\u00e2ce \u00e0 la technologie tactile. Pi\u00e8ce \u00e0 main ergonomique de 90\u00a0g, de haute qualit\u00e9 et au design intelligent. Puissance d&#8217;aspiration maximale\u00a0: jusqu&#8217;\u00e0 342\u00a0litres par minute. Syst\u00e8me de t\u00eates de serrage interchangeables sans compromis, impressionnant. Caract\u00e9ristiques principales D\u00e9marrage et arr\u00eat automatiques Environ [&hellip;]<\/p>\n","protected":false},"featured_media":140938,"template":"","meta":[],"product_brand":[],"product_cat":[1480],"product_tag":[],"class_list":{"0":"post-140963","1":"product","2":"type-product","3":"status-publish","4":"has-post-thumbnail","6":"product_cat-limes-a-ongles-electriques","8":"first","9":"instock","10":"shipping-taxable","11":"purchasable","12":"product-type-simple"},"_links":{"self":[{"href":"http:\/\/moby-hub.com\/fr\/wp-json\/wp\/v2\/product\/140963","targetHints":{"allow":["GET"]}}],"collection":[{"href":"http:\/\/moby-hub.com\/fr\/wp-json\/wp\/v2\/product"}],"about":[{"href":"http:\/\/moby-hub.com\/fr\/wp-json\/wp\/v2\/types\/product"}],"wp:featuredmedia":[{"embeddable":true,"href":"http:\/\/moby-hub.com\/fr\/wp-json\/wp\/v2\/media\/140938"}],"wp:attachment":[{"href":"http:\/\/moby-hub.com\/fr\/wp-json\/wp\/v2\/media?parent=140963"}],"wp:term":[{"taxonomy":"product_brand","embeddable":true,"href":"http:\/\/moby-hub.com\/fr\/wp-json\/wp\/v2\/product_brand?post=140963"},{"taxonomy":"product_cat","embeddable":true,"href":"http:\/\/moby-hub.com\/fr\/wp-json\/wp\/v2\/product_cat?post=140963"},{"taxonomy":"product_tag","embeddable":true,"href":"http:\/\/moby-hub.com\/fr\/wp-json\/wp\/v2\/product_tag?post=140963"}],"curies":[{"name":"wp","href":"https:\/\/api.w.org\/{rel}","templated":true}]}}