{"id":141024,"date":"2025-08-15T16:39:11","date_gmt":"2025-08-15T14:39:11","guid":{"rendered":"http:\/\/moby-hub.com\/?post_type=product&#038;p=141024"},"modified":"2025-11-13T16:39:32","modified_gmt":"2025-11-13T15:39:32","slug":"autoclave-classe-b-12-litres","status":"publish","type":"product","link":"http:\/\/moby-hub.com\/fr\/Produkt\/autoclave-classe-b-12-litres\/","title":{"rendered":"Autoclave Classe B \/ 12 litres"},"content":{"rendered":"<p>Autoclave Classe B 12 litres avec port USB et double verrouillage de s\u00e9curit\u00e9, imprimante incluse.<\/p>\n<p>Enti\u00e8rement automatique avec cycles de st\u00e9rilisation pr\u00e9programm\u00e9s.<br \/>\nChambre et porte en acier inoxydable avec finition \u00e9lectropolie.<br \/>\nSyst\u00e8me de contr\u00f4le de haute pr\u00e9cision pour des r\u00e9sultats de st\u00e9rilisation optimaux.<br \/>\nInterface utilisateur conviviale.<br \/>\n\u00c9cran LCD affichant en continu la progression du cycle.<br \/>\nR\u00e9servoir d&#8217;eau ouvert. Cette fonction facilite le remplissage et le nettoyage du r\u00e9servoir.<br \/>\nLangue d&#8217;affichage r\u00e9glable parmi 28 langues.<br \/>\nDispositifs de s\u00e9curit\u00e9 et disjoncteurs.<br \/>\nProtection contre les probl\u00e8mes \u00e9lectriques par coupure de courant\/protection thermique.<br \/>\nSoupape de s\u00e9curit\u00e9 (pour prot\u00e9ger contre une \u00e9ventuelle accumulation de pression dans la chambre).<br \/>\nProt\u00e8ge contre une \u00e9ventuelle accumulation de pression dans la chambre.<br \/>\nMicrorupteur pour surveiller l&#8217;\u00e9tat de la porte.<br \/>\nThermostat pour les \u00e9l\u00e9ments chauffants du g\u00e9n\u00e9rateur de vapeur.<\/p>\n<p>Sp\u00e9cifications techniques\u00a0:<\/p>\n<p>Tension nominale\u00a0: 220-240\u00a0V\u00a0; 50\/60\u00a0Hz\u00a0; Dimensions de la chambre\u00a0: 200 x 360\u00a0mm<br \/>\nDisjoncteur\u00a0: F16\u00a0A \/ 400\u00a0V<br \/>\nPuissance nominale\u00a0: 2\u00a0200\u00a0VA<br \/>\nTemp\u00e9rature de st\u00e9rilisation\u00a0: 121\u00a0\u00baC \/ 134\u00a0\u00baC<br \/>\nDimensions du r\u00e9servoir d\u2019eau distill\u00e9e\u00a0: environ 2,5\u00a0l<br \/>\nTemp\u00e9rature de fonctionnement\u00a0: 5\u00a0\u00baC \/ 40\u00a0\u00baC<br \/>\nHumidit\u00e9 relative en fonctionnement\u00a0: max. 80 %, sans condensation<\/p>\n<p>Dimensions\u00a0:<\/p>\n<p>Largeur\u00a0: 41,40\u00a0cm<br \/>\nProfondeur\u00a0: 36,50\u00a0cm<br \/>\nHauteur\u00a0: 57,00\u00a0cm<\/p>\n<p>Composants\u00a0:<\/p>\n<p>R\u00e9servoir d\u2019eau distill\u00e9e<br \/>\n\u00c9cran LCD<br \/>\nPanneau de commande<br \/>\nInterrupteur principal<br \/>\nRobinet de vidange de l\u2019eau distill\u00e9e et de l\u2019eau us\u00e9e<br \/>\nPort USB<br \/>\nSoupape de s\u00e9curit\u00e9<br \/>\nGrille d\u2019a\u00e9ration<br \/>\nSyst\u00e8me de verrouillage<br \/>\nC\u00e2ble d\u2019alimentation<br \/>\n\u00c9tiquettes<\/p>\n<p>Inclus\u00a0:<\/p>\n<p>St\u00e9rilisateur<br \/>\n3 plateaux \u00e0 instruments<br \/>\nSupport de plateau<br \/>\nPince d\u2019extraction<br \/>\nOutil de r\u00e9glage de la porte<br \/>\n2 tuyaux de vidange<br \/>\nJoint de porte<br \/>\nMode d\u2019emploi en 28\u00a0langues<br \/>\nImprimante r\u00e9f.922-PRINTER04 INCLUSE<\/p>\n<p>Garantie de 3 ans et maintenance de 3 ans incluses.<\/p>\n<p>Normes europ\u00e9ennes<\/p>\n<p>Tous nos autoclaves sont certifi\u00e9s CE et conformes \u00e0 la directive europ\u00e9enne 2014\/68\/UE relative aux \u00e9quipements sous pression.<\/p>\n<p>Ils r\u00e9pondent \u00e9galement aux exigences de la norme EN 13060, obligatoire pour les autoclaves de classe B en Europe.<\/p>\n<p>&nbsp;<\/p>\n","protected":false},"excerpt":{"rendered":"<p>Autoclave Classe B 12 litres avec port USB et double verrouillage de s\u00e9curit\u00e9, imprimante incluse. Enti\u00e8rement automatique avec cycles de st\u00e9rilisation pr\u00e9programm\u00e9s. Chambre et porte en acier inoxydable avec finition \u00e9lectropolie. Syst\u00e8me de contr\u00f4le de haute pr\u00e9cision pour des r\u00e9sultats de st\u00e9rilisation optimaux. Interface utilisateur conviviale. \u00c9cran LCD affichant en continu la progression du cycle. [&hellip;]<\/p>\n","protected":false},"featured_media":140996,"template":"","meta":[],"product_brand":[],"product_cat":[1500],"product_tag":[],"class_list":{"0":"post-141024","1":"product","2":"type-product","3":"status-publish","4":"has-post-thumbnail","6":"product_cat-sterilisateurs-ultrasons","8":"first","9":"instock","10":"shipping-taxable","11":"purchasable","12":"product-type-simple"},"_links":{"self":[{"href":"http:\/\/moby-hub.com\/fr\/wp-json\/wp\/v2\/product\/141024","targetHints":{"allow":["GET"]}}],"collection":[{"href":"http:\/\/moby-hub.com\/fr\/wp-json\/wp\/v2\/product"}],"about":[{"href":"http:\/\/moby-hub.com\/fr\/wp-json\/wp\/v2\/types\/product"}],"wp:featuredmedia":[{"embeddable":true,"href":"http:\/\/moby-hub.com\/fr\/wp-json\/wp\/v2\/media\/140996"}],"wp:attachment":[{"href":"http:\/\/moby-hub.com\/fr\/wp-json\/wp\/v2\/media?parent=141024"}],"wp:term":[{"taxonomy":"product_brand","embeddable":true,"href":"http:\/\/moby-hub.com\/fr\/wp-json\/wp\/v2\/product_brand?post=141024"},{"taxonomy":"product_cat","embeddable":true,"href":"http:\/\/moby-hub.com\/fr\/wp-json\/wp\/v2\/product_cat?post=141024"},{"taxonomy":"product_tag","embeddable":true,"href":"http:\/\/moby-hub.com\/fr\/wp-json\/wp\/v2\/product_tag?post=141024"}],"curies":[{"name":"wp","href":"https:\/\/api.w.org\/{rel}","templated":true}]}}