{"id":141320,"date":"2025-09-10T16:04:42","date_gmt":"2025-09-10T14:04:42","guid":{"rendered":"http:\/\/moby-hub.com\/?post_type=product&#038;p=141320"},"modified":"2025-11-13T16:43:54","modified_gmt":"2025-11-13T15:43:54","slug":"autoclave-classe-b-18-litres-avec-port-usb","status":"publish","type":"product","link":"http:\/\/moby-hub.com\/fr\/Produkt\/autoclave-classe-b-18-litres-avec-port-usb\/","title":{"rendered":"Autoclave Classe B \/ 18 litres + port USB"},"content":{"rendered":"<p>Autoclave Classe B de 18 litres avec port USB et imprimante int\u00e9gr\u00e9e<\/p>\n<p>S\u00e9curit\u00e9<\/p>\n<p>&#8211; Le cycle ne d\u00e9marre pas si la porte n&#8217;est pas correctement ferm\u00e9e.<br \/>\n&#8211; Un syst\u00e8me de s\u00e9curit\u00e9 automatique avec double verrouillage hydraulique emp\u00eache l&#8217;ouverture de la porte lorsque la chambre est sous pression.<br \/>\n&#8211; Des soupapes de s\u00e9curit\u00e9 prot\u00e8gent le g\u00e9n\u00e9rateur de pression et la cam\u00e9ra.<br \/>\n&#8211; Un thermostat de s\u00e9curit\u00e9 emp\u00eache la surchauffe de la chambre et du g\u00e9n\u00e9rateur.<br \/>\n&#8211; Un verrouillage de s\u00e9curit\u00e9 automatique emp\u00eache l&#8217;ouverture accidentelle de la porte pendant le processus de st\u00e9rilisation. Cette protection coupe automatiquement l&#8217;alimentation \u00e9lectrique en cas de court-circuit ou d&#8217;instabilit\u00e9.<br \/>\n&#8211; Une alarme d&#8217;erreur indique un cycle d\u00e9fectueux et un code d&#8217;erreur d\u00e9taill\u00e9.<br \/>\n&#8211; Une alarme de porte indique que la porte n&#8217;est pas verrouill\u00e9e.<br \/>\n&#8211; Une alarme de niveau d&#8217;eau bas signale lorsque le r\u00e9servoir d&#8217;eau est vide ou trop plein.<\/p>\n<p>Sp\u00e9cifications techniques<\/p>\n<p>&#8211; Tension\u00a0: 220\u2013240\u00a0V\u00a0CA\u00a0; 50\/60\u00a0Hz\u00a0; 10 A<br \/>\n\u2013 Dimensions ext\u00e9rieures de l&#8217;appareil\u00a0: L x H x L\u00a0: 45 x 40 x 61 cm<br \/>\n\u2013 Dimensions de l&#8217;\u00e9tag\u00e8re\u00a0: 33 x 18 cm<br \/>\n\u2013 Disjoncteur\u00a0: F16 A \/ 400 V<br \/>\n\u2013 Puissance nominale\u00a0: 1\u00a0500 VA<br \/>\n\u2013 1\u00a0750 W<br \/>\n\u2013 Temp\u00e9rature de st\u00e9rilisation\u00a0: 121 \u00b0C \/ 134 \u00b0C<br \/>\n\u2013 Capacit\u00e9 du r\u00e9servoir d&#8217;eau distill\u00e9e\u00a0: 2,5 L<br \/>\n\u2013 Temp\u00e9rature de fonctionnement\u00a0: 5 \u00b0C \/ 40 \u00b0C<br \/>\n\u2013 Humidit\u00e9 relative\u00a0: Max. 80 %, sans condensation<br \/>\n\u2013 Poids net : 40 kg<br \/>\n\u2013 Niveau sonore maximal : &lt; 70 dB<br \/>\n\u2013 Pression atmosph\u00e9rique de 76 kPa \/ 106 kPa<\/p>\n<p>Composants<\/p>\n<p>\u2013 R\u00e9servoir d&#8217;eau distill\u00e9e<br \/>\n\u2013 \u00c9cran LCD<br \/>\n\u2013 Panneau de commande<br \/>\n\u2013 Interrupteur principal<br \/>\n\u2013 Cl\u00e9 de vidange de l&#8217;eau distill\u00e9e et us\u00e9e<br \/>\n\u2013 Port USB<br \/>\n\u2013 Imprimante interne (permet l&#8217;impression des rapports de cycle de st\u00e9rilisation sur papier thermique une fois le cycle termin\u00e9).<br \/>\n\u2013 Soupape de s\u00e9curit\u00e9<br \/>\n\u2013 Grille de ventilation<br \/>\n\u2013 Syst\u00e8me de verrouillage<br \/>\n\u2013 Cordon d&#8217;alimentation<br \/>\n\u2013 \u00c9tiquette<\/p>\n<p>Contenu de la livraison<\/p>\n<p>\u2013 St\u00e9rilisateur<br \/>\n\u2013 USB<br \/>\n\u2013 3 plateaux \u00e0 instruments<br \/>\n\u2013 Support de plateau<br \/>\n\u2013 Poign\u00e9e de retrait des plateaux<br \/>\n\u2013 Outil de r\u00e9glage de la porte<br \/>\n\u2013 2 tuyaux de vidange<br \/>\n\u2013 Notice d&#8217;utilisation de la porte<br \/>\n\u2013 Mode d&#8217;emploi en 24 langues<\/p>\n<p>Garantie<br \/>\n3 ans, 3 entretiens inclus<\/p>\n<p>Normes europ\u00e9ennes<\/p>\n<p>Tous nos autoclaves sont certifi\u00e9s CE et conformes \u00e0 la directive europ\u00e9enne 2014\/68\/UE relative aux \u00e9quipements sous pression.<\/p>\n<p>Ils r\u00e9pondent \u00e9galement aux exigences de la norme EN 13060, obligatoire pour les autoclaves de classe B en Europe.<\/p>\n","protected":false},"excerpt":{"rendered":"<p>Autoclave Classe B de 18 litres avec port USB et imprimante int\u00e9gr\u00e9e S\u00e9curit\u00e9 &#8211; Le cycle ne d\u00e9marre pas si la porte n&#8217;est pas correctement ferm\u00e9e. &#8211; Un syst\u00e8me de s\u00e9curit\u00e9 automatique avec double verrouillage hydraulique emp\u00eache l&#8217;ouverture de la porte lorsque la chambre est sous pression. &#8211; Des soupapes de s\u00e9curit\u00e9 prot\u00e8gent le g\u00e9n\u00e9rateur [&hellip;]<\/p>\n","protected":false},"featured_media":141324,"template":"","meta":[],"product_brand":[],"product_cat":[1500],"product_tag":[],"class_list":{"0":"post-141320","1":"product","2":"type-product","3":"status-publish","4":"has-post-thumbnail","6":"product_cat-sterilisateurs-ultrasons","8":"first","9":"instock","10":"shipping-taxable","11":"purchasable","12":"product-type-simple"},"_links":{"self":[{"href":"http:\/\/moby-hub.com\/fr\/wp-json\/wp\/v2\/product\/141320","targetHints":{"allow":["GET"]}}],"collection":[{"href":"http:\/\/moby-hub.com\/fr\/wp-json\/wp\/v2\/product"}],"about":[{"href":"http:\/\/moby-hub.com\/fr\/wp-json\/wp\/v2\/types\/product"}],"wp:featuredmedia":[{"embeddable":true,"href":"http:\/\/moby-hub.com\/fr\/wp-json\/wp\/v2\/media\/141324"}],"wp:attachment":[{"href":"http:\/\/moby-hub.com\/fr\/wp-json\/wp\/v2\/media?parent=141320"}],"wp:term":[{"taxonomy":"product_brand","embeddable":true,"href":"http:\/\/moby-hub.com\/fr\/wp-json\/wp\/v2\/product_brand?post=141320"},{"taxonomy":"product_cat","embeddable":true,"href":"http:\/\/moby-hub.com\/fr\/wp-json\/wp\/v2\/product_cat?post=141320"},{"taxonomy":"product_tag","embeddable":true,"href":"http:\/\/moby-hub.com\/fr\/wp-json\/wp\/v2\/product_tag?post=141320"}],"curies":[{"name":"wp","href":"https:\/\/api.w.org\/{rel}","templated":true}]}}