{"id":83496,"date":"2016-10-08T18:07:23","date_gmt":"2016-10-08T16:07:23","guid":{"rendered":"https:\/\/moby-hub.com\/Produkt\/fimo-oeuvre-no-002\/"},"modified":"2023-03-12T10:27:01","modified_gmt":"2023-03-12T09:27:01","slug":"oeuvre-no-002","status":"publish","type":"product","link":"http:\/\/moby-hub.com\/fr\/Produkt\/oeuvre-no-002\/","title":{"rendered":"Oeuvre &#8211; No 002"},"content":{"rendered":"<p>&#8211; Handgefertigt \/ Handmade \/ Fait a la main \/ Fatto a mano<br \/>\n&#8211; Kleiner als ein Cent St\u00fcck<br \/>\n&#8211; Smaller than a cent<br \/>\n&#8211; Plus petit qu&#8217;un cent<br \/>\n&#8211; Pi\u00f9 piccolo di un cent<br \/>\n&#8211; 10 St\u00fcck \/ 10 pieces \/ 10 exemplaires \/ 10 pezzi<\/p>\n","protected":false},"excerpt":{"rendered":"<p>&#8211; Handgefertigt \/ Handmade \/ Fait a la main \/ Fatto a mano &#8211; Kleiner als ein Cent St\u00fcck &#8211; Smaller than a cent &#8211; Plus petit qu&#8217;un cent &#8211; Pi\u00f9 piccolo di un cent &#8211; 10 St\u00fcck \/ 10 pieces \/ 10 exemplaires \/ 10 pezzi<\/p>\n","protected":false},"featured_media":83447,"template":"","meta":[],"product_brand":[],"product_cat":[5173],"product_tag":[],"class_list":{"0":"post-83496","1":"product","2":"type-product","3":"status-publish","4":"has-post-thumbnail","6":"product_cat-fimo-oeuvres-dart","8":"first","9":"instock","10":"shipping-taxable","11":"purchasable","12":"product-type-simple"},"_links":{"self":[{"href":"http:\/\/moby-hub.com\/fr\/wp-json\/wp\/v2\/product\/83496","targetHints":{"allow":["GET"]}}],"collection":[{"href":"http:\/\/moby-hub.com\/fr\/wp-json\/wp\/v2\/product"}],"about":[{"href":"http:\/\/moby-hub.com\/fr\/wp-json\/wp\/v2\/types\/product"}],"wp:featuredmedia":[{"embeddable":true,"href":"http:\/\/moby-hub.com\/fr\/wp-json\/wp\/v2\/media\/83447"}],"wp:attachment":[{"href":"http:\/\/moby-hub.com\/fr\/wp-json\/wp\/v2\/media?parent=83496"}],"wp:term":[{"taxonomy":"product_brand","embeddable":true,"href":"http:\/\/moby-hub.com\/fr\/wp-json\/wp\/v2\/product_brand?post=83496"},{"taxonomy":"product_cat","embeddable":true,"href":"http:\/\/moby-hub.com\/fr\/wp-json\/wp\/v2\/product_cat?post=83496"},{"taxonomy":"product_tag","embeddable":true,"href":"http:\/\/moby-hub.com\/fr\/wp-json\/wp\/v2\/product_tag?post=83496"}],"curies":[{"name":"wp","href":"https:\/\/api.w.org\/{rel}","templated":true}]}}