{"id":9522,"date":"2025-10-30T00:00:26","date_gmt":"2025-10-29T23:00:26","guid":{"rendered":"https:\/\/moby-hub.com\/?page_id=9522"},"modified":"2024-11-28T17:26:07","modified_gmt":"2024-11-28T16:26:07","slug":"protezione-dati","status":"publish","type":"page","link":"http:\/\/moby-hub.com\/it\/protezione-dati\/","title":{"rendered":"Protezione dati"},"content":{"rendered":"\n<style type=\"text\/css\" data-created_by=\"avia_inline_auto\" id=\"style-css-av-khta4ru0-596249621f6554629eb16dd088372b10\">\n#top .av-special-heading.av-khta4ru0-596249621f6554629eb16dd088372b10{\npadding-bottom:10px;\n}\nbody .av-special-heading.av-khta4ru0-596249621f6554629eb16dd088372b10 .av-special-heading-tag .heading-char{\nfont-size:25px;\n}\n.av-special-heading.av-khta4ru0-596249621f6554629eb16dd088372b10 .av-subheading{\nfont-size:15px;\n}\n<\/style>\n<div  class='av-special-heading av-khta4ru0-596249621f6554629eb16dd088372b10 av-special-heading-h3  avia-builder-el-0  el_before_av_one_full  avia-builder-el-first '><h3 class='av-special-heading-tag '  itemprop=\"headline\"  >Protezione dati<\/h3><div class=\"special-heading-border\"><div class=\"special-heading-inner-border\"><\/div><\/div><\/div>\n\n<style type=\"text\/css\" data-created_by=\"avia_inline_auto\" id=\"style-css-av-av_one_full-53b0b300fb3685750664fb085c5ad19d\">\n.flex_column.av-av_one_full-53b0b300fb3685750664fb085c5ad19d{\nborder-radius:0px 0px 0px 0px;\npadding:0px 0px 0px 0px;\n}\n<\/style>\n<div  class='flex_column av-av_one_full-53b0b300fb3685750664fb085c5ad19d av_one_full  avia-builder-el-1  el_after_av_heading  el_before_av_hr  first flex_column_div av-zero-column-padding  '     ><section  class='av_textblock_section av-khta5og2-9dbcfca98974439907cee7e69355b40d '   itemscope=\"itemscope\" itemtype=\"https:\/\/schema.org\/CreativeWork\" ><div class='avia_textblock'  itemprop=\"text\" ><ul>\n<li><strong> 1 Dati personali<\/strong><\/li>\n<\/ul>\n<p>(1) Raccogliamo, elaboriamo e utilizziamo i tuoi dati personali solo con il tuo consenso o se consentito dalla legge. Raccoglieremo, elaboreremo e utilizzeremo solo i dati personali necessari per l&#8217;implementazione e l&#8217;utilizzo dei nostri servizi o che ci fornisci volontariamente.<\/p>\n<p>(2) I dati personali sono tutti i dati che contengono informazioni sulle circostanze personali o fattuali di un cliente specifico o identificabile. Ci\u00f2 include, ad esempio, il nome, l&#8217;indirizzo e-mail, l&#8217;indirizzo di casa, il sesso, la data di nascita, il numero di telefono o l&#8217;et\u00e0.<\/p>\n<ul>\n<li><strong> 2 Finalit\u00e0 della raccolta dei dati personali<\/strong><\/li>\n<\/ul>\n<p>Abbiamo bisogno dei tuoi dati personali per le seguenti finalit\u00e0:<\/p>\n<p>&#8211; elaborare i tuoi ordini (il tuo indirizzo e-mail, il tuo indirizzo di casa, il tuo indirizzo di consegna, se scegli il metodo di pagamento con addebito diretto, i dettagli del tuo conto, se scegli il metodo di pagamento con carta di credito, i dettagli della tua carta di credito),<\/p>\n<p>&#8211; per rispondere alle tue domande (il tuo indirizzo e-mail, eventualmente il tuo numero di telefono, se ce lo fornisci volontariamente) <em>.<\/em><\/p>\n<ul>\n<li><strong> 3 Raccolta automatica dei dati tramite cookie<\/strong><\/li>\n<\/ul>\n<p>(1) Un cookie \u00e8 un piccolo file di testo che viene memorizzato nella cache del tuo browser e che consente un&#8217;analisi del tuo utilizzo del nostro sito web. I seguenti dati vengono registrati automaticamente dal nostro sistema informatico quando visiti il nostro sito Web utilizzando i cookie:<\/p>\n<p>&#8211; il tuo indirizzo internet,<\/p>\n<p>&#8211; tipo e versione del browser,<\/p>\n<p>&#8211; Sito Web da cui ci visiti ( URL di riferimento ),<\/p>\n<p>&#8211; sistema operativo utilizzato,<\/p>\n<p>&#8211; Sito Web da cui si viene reindirizzati ai nostri siti Web,<\/p>\n<p>&#8211; Data e ora del tuo accesso.<\/p>\n<p>(2) I dati ai sensi del \u00a7 3 comma 1 della dichiarazione sulla protezione dei dati verranno archiviati separatamente da qualsiasi altro dato eventualmente fornitoci. I dati non sono collegati agli altri tuoi dati. Vengono valutati a fini statistici per poter ottimizzare i nostri siti web e le nostre offerte. I dati saranno cancellati dopo la loro valutazione.<\/p>\n<p>(3) Se non desideri che i cookie vengano utilizzati, puoi bloccarne l&#8217;uso nel tuo browser. Non si pu\u00f2 escludere che la funzionalit\u00e0 dei nostri siti web ne risenta. \u00c8 inoltre possibile opporsi all&#8217;uso dei cookie in qualsiasi momento con effetto futuro inviando un&#8217;e-mail a <a href=\"mailto:info@moby-hub.com\">info@moby-hub.com <\/a>.<\/p>\n<ul>\n<li><strong> 4 Raccolta ed elaborazione dei dati durante l&#8217;utilizzo di Google Analytics<\/strong><\/li>\n<\/ul>\n<p>(1) Questo sito web utilizza Google Analytics, un servizio di analisi web fornito da Google Inc. (&#8220;Google&#8221;). Google Analytics utilizza i cosiddetti &#8220;cookie&#8221;, file di testo che vengono memorizzati sul tuo computer e consentono l&#8217;analisi del tuo utilizzo del sito web.<\/p>\n<p>(2) Le informazioni generate dal computer sull&#8217;utilizzo di questo sito Web vengono rese anonime in modo che non possano pi\u00f9 essere assegnate a una connessione. Di solito vengono trasferiti su un server di Google negli Stati Uniti e l\u00ec memorizzati. Se l&#8217;anonimizzazione dell&#8217;IP \u00e8 attivata su questo sito Web, tuttavia, il tuo indirizzo IP verr\u00e0 preventivamente abbreviato da Google all&#8217;interno degli stati membri dell&#8217;UE o di altri stati contraenti dell&#8217;Accordo sullo Spazio economico europeo. Per conto dell&#8217;operatore di questo sito Web, Google utilizzer\u00e0 queste informazioni per valutare l&#8217;utilizzo del sito Web, compilare report sulle attivit\u00e0 del sito Web per l&#8217;operatore del sito Web e fornire altri servizi relativi alle attivit\u00e0 del sito Web e all&#8217;utilizzo di Internet.<\/p>\n<p>(3) In nessun caso Google assocer\u00e0 il vostro indirizzo IP ad altri dati di Google. \u00c8 possibile impedire l&#8217;installazione dei cookie impostando di conseguenza il software del browser; tuttavia, segnaliamo che in tal caso potrebbe non essere possibile utilizzare tutte le funzionalit\u00e0 del sito web.<\/p>\n<p>(4) Puoi anche impedire a Google di raccogliere i dati generati dal cookie e relativi al tuo utilizzo del sito web (compreso il tuo indirizzo IP) e di elaborare questi dati da parte di Google utilizzando un componente aggiuntivo del browser per disattivare Google Scarica e installa Analisi per il tuo browser. Puoi trovare lo strumento di disattivazione qui: http:\/\/tools.google.com\/dlpage\/gaoptout?hl=de.<\/p>\n<ul>\n<li><strong> 5 Consenso e revoca<\/strong><\/li>\n<\/ul>\n<p>(1) Se ci hai fornito il tuo consenso all&#8217;utilizzo, al trattamento e alla trasmissione dei tuoi dati personali per finalit\u00e0 di marketing (es. newsletter elettronica o invio di offerte, utilizzo di Google Analytics), puoi revocarlo in qualsiasi momento senza dover compilare un apposito modulo o termine con effetto per il futuro revoca. Inoltre, puoi &#8211; nella misura in cui utilizziamo i tuoi dati nell&#8217;ambito legalmente consentito per le misure di marketing postale, ad esempio &#8211; opporti a questo utilizzo. In entrambi i casi, contattare: <strong>MOBY, 58 Rue Etienne Dolet, 69003 Lyon, France. E-mail: info@moby-hub.com<\/strong><\/p>\n<p>(2 ) Dopo la tua revoca, utilizzeremo i tuoi dati solo per elaborare l&#8217;ordine e ci asterremo dall&#8217;inviare ulteriore materiale pubblicitario.<\/p>\n<ul>\n<li><strong> 6 Trasmissione di dati personali a terzi<\/strong><\/li>\n<\/ul>\n<p>Per elaborare il tuo ordine, a volte \u00e8 necessario trasmettere i tuoi dati personali a terzi (ad esempio fornitori o spedizionieri). I dati trasmessi a terzi saranno da questi utilizzati esclusivamente per adempiere ai propri obblighi o compiti. Le trasmissioni a istituzioni o autorit\u00e0 statali avvengono solo nell&#8217;ambito della legislazione nazionale obbligatoria.<\/p>\n<ul>\n<li><strong> 7 Durata della conservazione dei dati<\/strong><\/li>\n<\/ul>\n<p>I tuoi dati personali saranno conservati solo per il tempo necessario a fornire i nostri servizi. Occasionalmente, i dati potrebbero dover essere conservati per periodi di tempo pi\u00f9 lunghi a causa di obblighi statutari o legali.<\/p>\n<ul>\n<li><strong> 8 Sicurezza dei dati<\/strong><\/li>\n<\/ul>\n<p>Abbiamo predisposto misure di sicurezza tecniche e organizzative per proteggere i tuoi dati, in particolare da perdita, manipolazione o accesso non autorizzato. Adattiamo regolarmente le nostre misure di sicurezza agli sviluppi tecnici in corso.<\/p>\n<ul>\n<li><strong> 9 Informazioni<\/strong><\/li>\n<\/ul>\n<p>Hai il diritto in qualsiasi momento di richiedere gratuitamente informazioni sui tuoi dati da noi memorizzati. Se i tuoi dati sono errati o erroneamente memorizzati, saremo lieti di correggerli, bloccarli o cancellarli. Ti preghiamo inoltre di informarci non appena sono state apportate modifiche ai tuoi dati personali. Si prega di inviare le vostre richieste di informazioni, domande, reclami o suggerimenti in materia di protezione dei dati per posta a: <strong>MOBY, 58 Rue Etienne Dolet, 69003 Lyon, France. E-mail: info@moby-hub.com<\/strong><\/p>\n<\/div><\/section><\/div><div  class='hr av-av_hr-bad5bc90bcef2f12297bff634a297b07 hr-short  avia-builder-el-3  el_after_av_one_full  avia-builder-el-last  hr-center'><span class='hr-inner '><span class=\"hr-inner-style\"><\/span><\/span><\/div><\/p>\n","protected":false},"excerpt":{"rendered":"","protected":false},"author":1,"featured_media":0,"parent":0,"menu_order":0,"comment_status":"closed","ping_status":"closed","template":"","meta":{"footnotes":""},"class_list":["post-9522","page","type-page","status-publish","hentry"],"_links":{"self":[{"href":"http:\/\/moby-hub.com\/it\/wp-json\/wp\/v2\/pages\/9522","targetHints":{"allow":["GET"]}}],"collection":[{"href":"http:\/\/moby-hub.com\/it\/wp-json\/wp\/v2\/pages"}],"about":[{"href":"http:\/\/moby-hub.com\/it\/wp-json\/wp\/v2\/types\/page"}],"author":[{"embeddable":true,"href":"http:\/\/moby-hub.com\/it\/wp-json\/wp\/v2\/users\/1"}],"replies":[{"embeddable":true,"href":"http:\/\/moby-hub.com\/it\/wp-json\/wp\/v2\/comments?post=9522"}],"version-history":[{"count":0,"href":"http:\/\/moby-hub.com\/it\/wp-json\/wp\/v2\/pages\/9522\/revisions"}],"wp:attachment":[{"href":"http:\/\/moby-hub.com\/it\/wp-json\/wp\/v2\/media?parent=9522"}],"curies":[{"name":"wp","href":"https:\/\/api.w.org\/{rel}","templated":true}]}}