{"id":112096,"date":"2020-10-01T13:28:48","date_gmt":"2020-10-01T11:28:48","guid":{"rendered":"https:\/\/becomolu.com\/?post_type=product&#038;p=112096"},"modified":"2024-05-04T22:56:38","modified_gmt":"2024-05-04T20:56:38","slug":"p-400-sistema-di-aspirazione-40-000-giri-min","status":"publish","type":"product","link":"http:\/\/moby-hub.com\/it\/Produkt\/p-400-sistema-di-aspirazione-40-000-giri-min\/","title":{"rendered":"P 400 &#8211; sistema di aspirazione 40.000 giri\/min"},"content":{"rendered":"<p>La Fresa definitiva con aspirazione integrata per i professionisti!<\/p>\n<p>Questa variante Premium pu\u00f2 essere utilizzata come sistema a pedale (tramite un pedale), come sistema da tavolo (dispositivo manuale).<\/p>\n<p>Questo dispositivo pu\u00f2 avere una velocit\u00e0 massima di 40.000 giri\/min generare. \u00c8 possibile regolare la velocit\u00e0 in base alle proprie esigenze. Il motore funziona in modo estremamente silenzioso o con poche vibrazioni. Il micromotore esente da manutenzione funziona con tecnologia &#8220;Brushless&#8221; ed \u00e8 caratterizzato da elevata durata e potenza. L&#8217;impugnatura \u00e8 realizzata in plastica ultraleggera e pesa 95 grammi. Grazie al design ergonomico e al peso ridotto, l&#8217;impugnatura \u00e8 comoda e precisa nella mano.<\/p>\n<p>Questo dispositivo \u00e8 dotato di un potente aspiratore per lavorare senza polvere. La potenza di aspirazione \u00e8 regolabile e l&#8217;apparecchio indica quando \u00e8 necessario svuotare il sacchetto di polvere fine.<\/p>\n<p>Per il lavoro professionale nello studio delle unghie o nella cura dei piedi!<br \/>\nI progettisti di unghie, i pedicure estetici e gli utenti della patologia sperimentano un modo di lavorare completamente nuovo e pulito.<\/p>\n<p>\u00c8 possibile leggere tutte le impostazioni sul pannello di controllo LED. (Potenza di aspirazione, velocit\u00e0, livello di riempimento del sacchetto di aspirazione)<\/p>\n<p><strong>Dati tecnici:<\/strong><\/p>\n<p>Regolazione continua della velocit\u00e0: fino a 40.000 giri\/min<br \/>\nMotore con tecnologia brushless (lunga durata)<br \/>\n220 V\/50 Hz<br \/>\nPotenza: 400 W\/80 W<br \/>\nCorsa a destra\/sinistra<br \/>\nInterruttore a pedale: acceso\/spento<br \/>\nLED Soft Touch pannello di controllo<br \/>\nProtezione da sovraccarico mediante controllo a microprocessore e protezione di tensione supplementare<br \/>\nSuperfici in plastica di facile manutenzione<br \/>\nLarghezza 15,6 cm, profondit\u00e0 13,5 cm, altezza 11,0 cm<br \/>\nManiglia in plastica ultra-leggera &#8211; peso 95 grammi con illuminazione<\/p>\n<p><strong>Volume della fornitura:<\/strong><\/p>\n<p>Apparecchio di comando<br \/>\nManiglia motore con tubo di aspirazione<br \/>\nSacchetto di polvere fine ( 3 pezzi )<br \/>\nCavi di alimentazione (tutti i tipi comuni)<br \/>\nPedale ON\/OFF<br \/>\nIl manuale comprende 15 lingue<\/p>\n<p>Grazie alla moderna tecnologia brushless, ovvero l&#8217;azionamento del motore senza carbone, risparmierete a lungo termine costose riparazioni, poich\u00e9 non \u00e8 necessario sostituire i carboni della maniglia del motore. Propulsione ad induzione!<\/p>\n<p><strong>Garanzia:<\/strong><br \/>\n2 anni<\/p>\n<p>Dispositivi medici secondo la classe 2 a<\/p>\n<p><strong>Manutenzione:<\/strong><\/p>\n<p>Al momento dell&#8217;acquisto \u00e8 possibile stipulare un contratto di servizi e manutenzione. Ci\u00f2 significa che sei sempre al sicuro e non ci sono costi imprevisti.<\/p>\n<p>Se qualcosa va storto, il nostro supporto lo sostituir\u00e0 entro 72 ore<\/p>\n<p>&nbsp;<\/p>\n","protected":false},"excerpt":{"rendered":"<p>Questi dispositivi provengono direttamente dal produttore e sono <strong>dispositivi OEM<\/strong>. Pertanto, questi dispositivi sono venduti senza logo. <strong>( Dispositivi No-nome )<\/strong><\/p>\n","protected":false},"featured_media":131137,"template":"","meta":[],"product_brand":[],"product_cat":[1481],"product_tag":[],"class_list":{"0":"post-112096","1":"product","2":"type-product","3":"status-publish","4":"has-post-thumbnail","6":"product_cat-lime-per-unghie-elettriche","8":"first","9":"instock","10":"purchasable","11":"product-type-simple"},"_links":{"self":[{"href":"http:\/\/moby-hub.com\/it\/wp-json\/wp\/v2\/product\/112096","targetHints":{"allow":["GET"]}}],"collection":[{"href":"http:\/\/moby-hub.com\/it\/wp-json\/wp\/v2\/product"}],"about":[{"href":"http:\/\/moby-hub.com\/it\/wp-json\/wp\/v2\/types\/product"}],"wp:featuredmedia":[{"embeddable":true,"href":"http:\/\/moby-hub.com\/it\/wp-json\/wp\/v2\/media\/131137"}],"wp:attachment":[{"href":"http:\/\/moby-hub.com\/it\/wp-json\/wp\/v2\/media?parent=112096"}],"wp:term":[{"taxonomy":"product_brand","embeddable":true,"href":"http:\/\/moby-hub.com\/it\/wp-json\/wp\/v2\/product_brand?post=112096"},{"taxonomy":"product_cat","embeddable":true,"href":"http:\/\/moby-hub.com\/it\/wp-json\/wp\/v2\/product_cat?post=112096"},{"taxonomy":"product_tag","embeddable":true,"href":"http:\/\/moby-hub.com\/it\/wp-json\/wp\/v2\/product_tag?post=112096"}],"curies":[{"name":"wp","href":"https:\/\/api.w.org\/{rel}","templated":true}]}}