{"id":121294,"date":"2021-10-25T16:10:40","date_gmt":"2021-10-25T14:10:40","guid":{"rendered":"https:\/\/arabella-cosmetic.com\/?post_type=product&#038;p=121294"},"modified":"2023-03-12T08:40:55","modified_gmt":"2023-03-12T07:40:55","slug":"banana-olio-per-unghie","status":"publish","type":"product","link":"http:\/\/moby-hub.com\/it\/Produkt\/banana-olio-per-unghie\/","title":{"rendered":"Banana &#8211; Olio per unghie"},"content":{"rendered":"<p>L&#8217;olio per cuticole \u00e8 estremamente importante per le unghie. Pu\u00f2 aiutare con la longevit\u00e0 di una manicure, promuovere la crescita delle unghie e costruire unghie forti e flessibili. L&#8217;olio per cuticole viene assorbito nella matrice ungueale e nella pelle circostante; Quando penetra in queste aree, tutti i nutrienti vengono dispersi e l&#8217;umidit\u00e0 rimane intrappolata nella lamina ungueale. Allo stesso tempo, le unghie e le cuticole vengono fornite di sostanze nutritive e prevengono l&#8217;essiccazione e la rottura.<\/p>\n<p>descrizione dell&#8217;articolo<\/p>\n<p>Complessa miscela di oli e vitamine per rivitalizzare la cuticola<\/p>\n<p>Cura, rinfresca e idrata<\/p>\n<p>Rinfrescante e calmante<\/p>\n","protected":false},"excerpt":{"rendered":"<p>L&#8217;olio per cuticole \u00e8 estremamente importante per le unghie. Pu\u00f2 aiutare con la longevit\u00e0 di una manicure, promuovere la crescita delle unghie e costruire unghie forti e flessibili. L&#8217;olio per cuticole viene assorbito nella matrice ungueale e nella pelle circostante; Quando penetra in queste aree, tutti i nutrienti vengono dispersi e l&#8217;umidit\u00e0 rimane intrappolata nella [&hellip;]<\/p>\n","protected":false},"featured_media":129363,"template":"","meta":[],"product_brand":[],"product_cat":[2591],"product_tag":[],"class_list":{"0":"post-121294","1":"product","2":"type-product","3":"status-publish","4":"has-post-thumbnail","6":"product_cat-oli-per-unghie","8":"first","9":"instock","10":"shipping-taxable","11":"purchasable","12":"product-type-variable"},"_links":{"self":[{"href":"http:\/\/moby-hub.com\/it\/wp-json\/wp\/v2\/product\/121294","targetHints":{"allow":["GET"]}}],"collection":[{"href":"http:\/\/moby-hub.com\/it\/wp-json\/wp\/v2\/product"}],"about":[{"href":"http:\/\/moby-hub.com\/it\/wp-json\/wp\/v2\/types\/product"}],"wp:featuredmedia":[{"embeddable":true,"href":"http:\/\/moby-hub.com\/it\/wp-json\/wp\/v2\/media\/129363"}],"wp:attachment":[{"href":"http:\/\/moby-hub.com\/it\/wp-json\/wp\/v2\/media?parent=121294"}],"wp:term":[{"taxonomy":"product_brand","embeddable":true,"href":"http:\/\/moby-hub.com\/it\/wp-json\/wp\/v2\/product_brand?post=121294"},{"taxonomy":"product_cat","embeddable":true,"href":"http:\/\/moby-hub.com\/it\/wp-json\/wp\/v2\/product_cat?post=121294"},{"taxonomy":"product_tag","embeddable":true,"href":"http:\/\/moby-hub.com\/it\/wp-json\/wp\/v2\/product_tag?post=121294"}],"curies":[{"name":"wp","href":"https:\/\/api.w.org\/{rel}","templated":true}]}}